{"id":3220,"date":"2018-02-16T12:00:05","date_gmt":"2018-02-16T14:00:05","guid":{"rendered":"https:\/\/www.kimarca.com.br\/site\/?post_type=product&#038;p=3220"},"modified":"2024-11-03T23:40:50","modified_gmt":"2024-11-04T02:40:50","slug":"amaciante-uau-perfumes-rosas-e-seducao","status":"publish","type":"product","link":"https:\/\/www.kimarca.com.br\/site\/produto\/amaciante-uau-perfumes-rosas-e-seducao\/","title":{"rendered":"Amaciante Uau Perfumes Rosas e Sedu\u00e7\u00e3o"},"content":{"rendered":"<h2>Amaciante Concentrado UAU Perfumes Rosas e Sedu\u00e7\u00e3o\u00a0cont\u00e9m microc\u00e1psulas que liberam perfume por tempo prolongado. Deixa as\u00a0roupas macias e perfumadas. O frescor da roupa rec\u00e9m lavada por at\u00e9 2 meses.<\/h2>\n<p>ATEN\u00c7\u00c3O! Para evitar manchas, n\u00e3o coloque UAU Pefumes diretamente sobre o tecido.<\/p>\n<p>MODO DE USAR: Use meia tampa para cada 5 KG de roupa. Manual: adicione meia tampa do produto em 10 litros de\u00a0\u00e1gua no \u00faltimo enx\u00e1gue. Agite e adicione as roupas. Aguarde 5 a 10 minutos, tor\u00e7a e coloque para secar. M\u00e1quina:\u00a0coloque o produto no compartimento de amaciante da m\u00e1quina de lavar. (desenhos explicativos no modo de usar).<br \/>\nCOMPOSI\u00c7\u00c3O: Tensoativo cati\u00f4nico, espessante, silicone (atenuador de espuma), fragr\u00e2ncia, corante, preservante.<\/p>\n","protected":false},"excerpt":{"rendered":"<p>Amaciante Concentrado UAU Perfumes Rosas e Sedu\u00e7\u00e3o\u00a0cont\u00e9m microc\u00e1psulas que liberam perfume por tempo prolongado. Deixa [&hellip;]<\/p>\n","protected":false},"featured_media":3221,"comment_status":"closed","ping_status":"closed","template":"","meta":[],"product_brand":[],"product_cat":[293],"product_tag":[],"class_list":{"0":"post-3220","1":"product","2":"type-product","3":"status-publish","4":"has-post-thumbnail","6":"product_cat-uncategorized","8":"first","9":"instock","10":"shipping-taxable","11":"product-type-simple"},"_links":{"self":[{"href":"https:\/\/www.kimarca.com.br\/site\/wp-json\/wp\/v2\/product\/3220","targetHints":{"allow":["GET"]}}],"collection":[{"href":"https:\/\/www.kimarca.com.br\/site\/wp-json\/wp\/v2\/product"}],"about":[{"href":"https:\/\/www.kimarca.com.br\/site\/wp-json\/wp\/v2\/types\/product"}],"replies":[{"embeddable":true,"href":"https:\/\/www.kimarca.com.br\/site\/wp-json\/wp\/v2\/comments?post=3220"}],"wp:featuredmedia":[{"embeddable":true,"href":"https:\/\/www.kimarca.com.br\/site\/wp-json\/wp\/v2\/media\/3221"}],"wp:attachment":[{"href":"https:\/\/www.kimarca.com.br\/site\/wp-json\/wp\/v2\/media?parent=3220"}],"wp:term":[{"taxonomy":"product_brand","embeddable":true,"href":"https:\/\/www.kimarca.com.br\/site\/wp-json\/wp\/v2\/product_brand?post=3220"},{"taxonomy":"product_cat","embeddable":true,"href":"https:\/\/www.kimarca.com.br\/site\/wp-json\/wp\/v2\/product_cat?post=3220"},{"taxonomy":"product_tag","embeddable":true,"href":"https:\/\/www.kimarca.com.br\/site\/wp-json\/wp\/v2\/product_tag?post=3220"}],"curies":[{"name":"wp","href":"https:\/\/api.w.org\/{rel}","templated":true}]}}