{"id":3140,"date":"2018-02-16T10:48:06","date_gmt":"2018-02-16T12:48:06","guid":{"rendered":"https:\/\/www.kimarca.com.br\/site\/?post_type=product&#038;p=3140"},"modified":"2024-11-03T23:40:50","modified_gmt":"2024-11-04T02:40:50","slug":"sabonete-espuma-erva-doce","status":"publish","type":"product","link":"https:\/\/www.kimarca.com.br\/site\/produto\/sabonete-espuma-erva-doce\/","title":{"rendered":"Sabonete Espuma Erva Doce"},"content":{"rendered":"<p>Concebido com formula\u00e7\u00e3o especial o sabonete espuma exaccta, proporciona maciez e suavidade, hidratando a pele com um toque especial de suas fragr\u00e2ncias exclusivas que surpreendem todos os seus sentidos.<\/p>\n<p>Sabonete l\u00edquido espuma com extrato de Erva Doce, possui ativos com a\u00e7\u00e3o protetora, hidratante e calmante, deixando a pele com agrad\u00e1vel sensa\u00e7\u00e3o ao toque.<\/p>\n<div>\n<h4>Apresenta\u00e7\u00f5es:<\/h4>\n<\/div>\n<p><strong>E-500ED:\u00a0\u00a0<\/strong>Refil com 500ml (para uso com Saboneteira Exaccta Refil)<\/p>\n<p>Caixa com 06 refis<\/p>\n<div>\n<p><strong>T-5000ED:\u00a0\u00a0<\/strong>Gal\u00e3o<strong>\u00a0<\/strong>com 5 litros (para uso com Saboneteira Exaccta Reservat\u00f3rio)<\/p>\n<p>Caixa com 04 gal\u00f5es<\/p>\n<\/div>\n","protected":false},"excerpt":{"rendered":"<p>Concebido com formula\u00e7\u00e3o especial o sabonete espuma exaccta, proporciona maciez e suavidade, hidratando a pele [&hellip;]<\/p>\n","protected":false},"featured_media":3141,"comment_status":"closed","ping_status":"closed","template":"","meta":[],"product_brand":[],"product_cat":[300,209,278],"product_tag":[],"class_list":{"0":"post-3140","1":"product","2":"type-product","3":"status-publish","4":"has-post-thumbnail","6":"product_cat-linha-profissional-de-quimicos","7":"product_cat-quimicos","8":"product_cat-refil-sabonete-liquido","10":"first","11":"instock","12":"shipping-taxable","13":"product-type-simple"},"_links":{"self":[{"href":"https:\/\/www.kimarca.com.br\/site\/wp-json\/wp\/v2\/product\/3140","targetHints":{"allow":["GET"]}}],"collection":[{"href":"https:\/\/www.kimarca.com.br\/site\/wp-json\/wp\/v2\/product"}],"about":[{"href":"https:\/\/www.kimarca.com.br\/site\/wp-json\/wp\/v2\/types\/product"}],"replies":[{"embeddable":true,"href":"https:\/\/www.kimarca.com.br\/site\/wp-json\/wp\/v2\/comments?post=3140"}],"wp:featuredmedia":[{"embeddable":true,"href":"https:\/\/www.kimarca.com.br\/site\/wp-json\/wp\/v2\/media\/3141"}],"wp:attachment":[{"href":"https:\/\/www.kimarca.com.br\/site\/wp-json\/wp\/v2\/media?parent=3140"}],"wp:term":[{"taxonomy":"product_brand","embeddable":true,"href":"https:\/\/www.kimarca.com.br\/site\/wp-json\/wp\/v2\/product_brand?post=3140"},{"taxonomy":"product_cat","embeddable":true,"href":"https:\/\/www.kimarca.com.br\/site\/wp-json\/wp\/v2\/product_cat?post=3140"},{"taxonomy":"product_tag","embeddable":true,"href":"https:\/\/www.kimarca.com.br\/site\/wp-json\/wp\/v2\/product_tag?post=3140"}],"curies":[{"name":"wp","href":"https:\/\/api.w.org\/{rel}","templated":true}]}}