{"id":3138,"date":"2018-02-16T10:46:11","date_gmt":"2018-02-16T12:46:11","guid":{"rendered":"https:\/\/www.kimarca.com.br\/site\/?post_type=product&#038;p=3138"},"modified":"2024-11-03T23:40:50","modified_gmt":"2024-11-04T02:40:50","slug":"sabonete-liquido-cremoso-proteinas-do-leite","status":"publish","type":"product","link":"https:\/\/www.kimarca.com.br\/site\/produto\/sabonete-liquido-cremoso-proteinas-do-leite\/","title":{"rendered":"Sabonete L\u00edquido Cremoso Prote\u00ednas do Leite"},"content":{"rendered":"<p>Sua formula\u00e7\u00e3o cont\u00e9m ingredientes de alta qualidade proporcionando m\u00e3os macias e hidratadas aliado ao toque especial de sua fragr\u00e2ncia diferenciada.<\/p>\n<p>Sabonete l\u00edquido cremoso com fragr\u00e2ncia de Prote\u00ednas do Leite, proporciona um toque macio e um agrad\u00e1vel perfume. Indicado para uso frequente.<\/p>\n<div>\n<h4>Apresenta\u00e7\u00f5es:<\/h4>\n<\/div>\n<p><strong>E-700PL:\u00a0\u00a0<\/strong>Refil com 700ml (para uso com Saboneteira Exaccta Refil)<\/p>\n<p>Caixa com 12 refis<\/p>\n<p><strong>E-1000PL:\u00a0<\/strong>Frasco\u00a0com v\u00e1lvula pump \u2013 1000ml<\/p>\n<p>Caixa com 10 frascos<\/p>\n<div>\n<p><strong>T-5000PL:\u00a0\u00a0<\/strong>Gal\u00e3o<strong>\u00a0<\/strong>com 5 litros (para uso com Saboneteira Exaccta Reservat\u00f3rio)<\/p>\n<p>Caixa com 04 gal\u00f5es<\/p>\n<\/div>\n","protected":false},"excerpt":{"rendered":"<p>Sua formula\u00e7\u00e3o cont\u00e9m ingredientes de alta qualidade proporcionando m\u00e3os macias e hidratadas aliado ao toque [&hellip;]<\/p>\n","protected":false},"featured_media":3139,"comment_status":"closed","ping_status":"closed","template":"","meta":[],"product_brand":[],"product_cat":[300,209,278],"product_tag":[],"class_list":{"0":"post-3138","1":"product","2":"type-product","3":"status-publish","4":"has-post-thumbnail","6":"product_cat-linha-profissional-de-quimicos","7":"product_cat-quimicos","8":"product_cat-refil-sabonete-liquido","10":"first","11":"instock","12":"shipping-taxable","13":"product-type-simple"},"_links":{"self":[{"href":"https:\/\/www.kimarca.com.br\/site\/wp-json\/wp\/v2\/product\/3138","targetHints":{"allow":["GET"]}}],"collection":[{"href":"https:\/\/www.kimarca.com.br\/site\/wp-json\/wp\/v2\/product"}],"about":[{"href":"https:\/\/www.kimarca.com.br\/site\/wp-json\/wp\/v2\/types\/product"}],"replies":[{"embeddable":true,"href":"https:\/\/www.kimarca.com.br\/site\/wp-json\/wp\/v2\/comments?post=3138"}],"wp:featuredmedia":[{"embeddable":true,"href":"https:\/\/www.kimarca.com.br\/site\/wp-json\/wp\/v2\/media\/3139"}],"wp:attachment":[{"href":"https:\/\/www.kimarca.com.br\/site\/wp-json\/wp\/v2\/media?parent=3138"}],"wp:term":[{"taxonomy":"product_brand","embeddable":true,"href":"https:\/\/www.kimarca.com.br\/site\/wp-json\/wp\/v2\/product_brand?post=3138"},{"taxonomy":"product_cat","embeddable":true,"href":"https:\/\/www.kimarca.com.br\/site\/wp-json\/wp\/v2\/product_cat?post=3138"},{"taxonomy":"product_tag","embeddable":true,"href":"https:\/\/www.kimarca.com.br\/site\/wp-json\/wp\/v2\/product_tag?post=3138"}],"curies":[{"name":"wp","href":"https:\/\/api.w.org\/{rel}","templated":true}]}}