{"id":3136,"date":"2018-02-16T10:43:25","date_gmt":"2018-02-16T12:43:25","guid":{"rendered":"https:\/\/www.kimarca.com.br\/site\/?post_type=product&#038;p=3136"},"modified":"2024-11-03T23:40:50","modified_gmt":"2024-11-04T02:40:50","slug":"alvejante-sem-cloro","status":"publish","type":"product","link":"https:\/\/www.kimarca.com.br\/site\/produto\/alvejante-sem-cloro\/","title":{"rendered":"Alvejante sem cloro"},"content":{"rendered":"<p>Os nossos alvejantes sem cloro s\u00e3o coringas na hora da lavagem de roupas. Com m\u00faltiplo uso, eles removem manchas dif\u00edceis e preservam os tecidos. A f\u00f3rmula sem cloro deixa o branco impec\u00e1vel sem danificar as outras cores.<\/p>\n<p>embalagens de 5l e 2l<\/p>\n","protected":false},"excerpt":{"rendered":"<p>Os nossos alvejantes sem cloro s\u00e3o coringas na hora da lavagem de roupas. Com m\u00faltiplo [&hellip;]<\/p>\n","protected":false},"featured_media":4803,"comment_status":"closed","ping_status":"closed","template":"","meta":[],"product_brand":[],"product_cat":[297,209],"product_tag":[],"class_list":{"0":"post-3136","1":"product","2":"type-product","3":"status-publish","4":"has-post-thumbnail","6":"product_cat-clores-e-alvejantes","7":"product_cat-quimicos","9":"first","10":"instock","11":"shipping-taxable","12":"product-type-simple"},"_links":{"self":[{"href":"https:\/\/www.kimarca.com.br\/site\/wp-json\/wp\/v2\/product\/3136","targetHints":{"allow":["GET"]}}],"collection":[{"href":"https:\/\/www.kimarca.com.br\/site\/wp-json\/wp\/v2\/product"}],"about":[{"href":"https:\/\/www.kimarca.com.br\/site\/wp-json\/wp\/v2\/types\/product"}],"replies":[{"embeddable":true,"href":"https:\/\/www.kimarca.com.br\/site\/wp-json\/wp\/v2\/comments?post=3136"}],"wp:featuredmedia":[{"embeddable":true,"href":"https:\/\/www.kimarca.com.br\/site\/wp-json\/wp\/v2\/media\/4803"}],"wp:attachment":[{"href":"https:\/\/www.kimarca.com.br\/site\/wp-json\/wp\/v2\/media?parent=3136"}],"wp:term":[{"taxonomy":"product_brand","embeddable":true,"href":"https:\/\/www.kimarca.com.br\/site\/wp-json\/wp\/v2\/product_brand?post=3136"},{"taxonomy":"product_cat","embeddable":true,"href":"https:\/\/www.kimarca.com.br\/site\/wp-json\/wp\/v2\/product_cat?post=3136"},{"taxonomy":"product_tag","embeddable":true,"href":"https:\/\/www.kimarca.com.br\/site\/wp-json\/wp\/v2\/product_tag?post=3136"}],"curies":[{"name":"wp","href":"https:\/\/api.w.org\/{rel}","templated":true}]}}