{"id":3130,"date":"2018-02-16T10:38:36","date_gmt":"2018-02-16T12:38:36","guid":{"rendered":"https:\/\/www.kimarca.com.br\/site\/?post_type=product&#038;p=3130"},"modified":"2024-11-03T23:40:50","modified_gmt":"2024-11-04T02:40:50","slug":"alvejante-com-perfume","status":"publish","type":"product","link":"https:\/\/www.kimarca.com.br\/site\/produto\/alvejante-com-perfume\/","title":{"rendered":"Alvejante com perfume"},"content":{"rendered":"<p>Qual \u00e9 a cor que traz de imediato a sensa\u00e7\u00e3o de limpeza profunda? Branco! \u00c9 por isso que ele precisa ser impec\u00e1vel em sua brancura. Com a\u00e7\u00e3o desinfetante e tira-manchas, o nosso alvejante limpa roupas e ambientes ao mesmo tempo. Mas n\u00e3o \u00e9 s\u00f3 isso: ele deixa um perfume agrad\u00e1vel, trazendo uma sensa\u00e7\u00e3o de conforto \u00fanica para voc\u00ea.<\/p>\n","protected":false},"excerpt":{"rendered":"<p>Qual \u00e9 a cor que traz de imediato a sensa\u00e7\u00e3o de limpeza profunda? Branco! \u00c9 [&hellip;]<\/p>\n","protected":false},"featured_media":3131,"comment_status":"closed","ping_status":"closed","template":"","meta":[],"product_brand":[],"product_cat":[293],"product_tag":[],"class_list":{"0":"post-3130","1":"product","2":"type-product","3":"status-publish","4":"has-post-thumbnail","6":"product_cat-uncategorized","8":"first","9":"instock","10":"shipping-taxable","11":"product-type-simple"},"_links":{"self":[{"href":"https:\/\/www.kimarca.com.br\/site\/wp-json\/wp\/v2\/product\/3130","targetHints":{"allow":["GET"]}}],"collection":[{"href":"https:\/\/www.kimarca.com.br\/site\/wp-json\/wp\/v2\/product"}],"about":[{"href":"https:\/\/www.kimarca.com.br\/site\/wp-json\/wp\/v2\/types\/product"}],"replies":[{"embeddable":true,"href":"https:\/\/www.kimarca.com.br\/site\/wp-json\/wp\/v2\/comments?post=3130"}],"wp:featuredmedia":[{"embeddable":true,"href":"https:\/\/www.kimarca.com.br\/site\/wp-json\/wp\/v2\/media\/3131"}],"wp:attachment":[{"href":"https:\/\/www.kimarca.com.br\/site\/wp-json\/wp\/v2\/media?parent=3130"}],"wp:term":[{"taxonomy":"product_brand","embeddable":true,"href":"https:\/\/www.kimarca.com.br\/site\/wp-json\/wp\/v2\/product_brand?post=3130"},{"taxonomy":"product_cat","embeddable":true,"href":"https:\/\/www.kimarca.com.br\/site\/wp-json\/wp\/v2\/product_cat?post=3130"},{"taxonomy":"product_tag","embeddable":true,"href":"https:\/\/www.kimarca.com.br\/site\/wp-json\/wp\/v2\/product_tag?post=3130"}],"curies":[{"name":"wp","href":"https:\/\/api.w.org\/{rel}","templated":true}]}}