{"id":3118,"date":"2018-02-15T16:56:27","date_gmt":"2018-02-15T18:56:27","guid":{"rendered":"https:\/\/www.kimarca.com.br\/site\/?post_type=product&#038;p=3118"},"modified":"2024-11-03T23:40:50","modified_gmt":"2024-11-04T02:40:50","slug":"sabonete-sensus-suave-estimulante-e-revigorante","status":"publish","type":"product","link":"https:\/\/www.kimarca.com.br\/site\/produto\/sabonete-sensus-suave-estimulante-e-revigorante\/","title":{"rendered":"SABONETE SENSUS SUAVE ESTIMULANTE E REVIGORANTE"},"content":{"rendered":"<p>Sabonete em barra com extratos de Semente de Uva e P\u00eassego. A\u00e7\u00e3o Estimulante e Revigorante para a pele. Perfuma\u00e7\u00e3o fresca frutada.<\/p>\n<p>Utilizado para higienizar e perfumar a pele.<\/p>\n<p>Hidrata, proporcionando a\u00e7\u00e3o estimulante e revigorante.<\/p>\n<p>Formato e quantidades: Unidade individual de 90 g ou 150g.<\/p>\n<p>Fragr\u00e2ncia: Perfuma\u00e7\u00e3o fresca frutada.<\/p>\n","protected":false},"excerpt":{"rendered":"<p>Sabonete em barra com extratos de Semente de Uva e P\u00eassego. A\u00e7\u00e3o Estimulante e Revigorante [&hellip;]<\/p>\n","protected":false},"featured_media":3119,"comment_status":"closed","ping_status":"closed","template":"","meta":[],"product_brand":[],"product_cat":[293],"product_tag":[],"class_list":{"0":"post-3118","1":"product","2":"type-product","3":"status-publish","4":"has-post-thumbnail","6":"product_cat-uncategorized","8":"first","9":"instock","10":"shipping-taxable","11":"product-type-simple"},"_links":{"self":[{"href":"https:\/\/www.kimarca.com.br\/site\/wp-json\/wp\/v2\/product\/3118","targetHints":{"allow":["GET"]}}],"collection":[{"href":"https:\/\/www.kimarca.com.br\/site\/wp-json\/wp\/v2\/product"}],"about":[{"href":"https:\/\/www.kimarca.com.br\/site\/wp-json\/wp\/v2\/types\/product"}],"replies":[{"embeddable":true,"href":"https:\/\/www.kimarca.com.br\/site\/wp-json\/wp\/v2\/comments?post=3118"}],"wp:featuredmedia":[{"embeddable":true,"href":"https:\/\/www.kimarca.com.br\/site\/wp-json\/wp\/v2\/media\/3119"}],"wp:attachment":[{"href":"https:\/\/www.kimarca.com.br\/site\/wp-json\/wp\/v2\/media?parent=3118"}],"wp:term":[{"taxonomy":"product_brand","embeddable":true,"href":"https:\/\/www.kimarca.com.br\/site\/wp-json\/wp\/v2\/product_brand?post=3118"},{"taxonomy":"product_cat","embeddable":true,"href":"https:\/\/www.kimarca.com.br\/site\/wp-json\/wp\/v2\/product_cat?post=3118"},{"taxonomy":"product_tag","embeddable":true,"href":"https:\/\/www.kimarca.com.br\/site\/wp-json\/wp\/v2\/product_tag?post=3118"}],"curies":[{"name":"wp","href":"https:\/\/api.w.org\/{rel}","templated":true}]}}