{"id":3114,"date":"2018-02-15T16:54:35","date_gmt":"2018-02-15T18:54:35","guid":{"rendered":"https:\/\/www.kimarca.com.br\/site\/?post_type=product&#038;p=3114"},"modified":"2024-11-03T23:40:50","modified_gmt":"2024-11-04T02:40:50","slug":"sabonete-sensus-suave-hidratacao-e-energia","status":"publish","type":"product","link":"https:\/\/www.kimarca.com.br\/site\/produto\/sabonete-sensus-suave-hidratacao-e-energia\/","title":{"rendered":"SABONETE SENSUS SUAVE HIDRATA\u00c7\u00c3O E ENERGIA"},"content":{"rendered":"<p>Sabonete em barra com extrato de Flor de \u00cdris e Frutas Vermelhas. Hidrata\u00e7\u00e3o e Energia para a pele. Perfuma\u00e7\u00e3o frutada silvestre.<\/p>\n<p>Utilizado para higienizar e perfumar a pele.<\/p>\n<p>Hidrata, proporcionando energia.<\/p>\n<p>Formato e quantidades: Unidade individual de 90 g ou 150 g.<\/p>\n<p>Fragr\u00e2ncia: Perfuma\u00e7\u00e3o frutada silvestre.<\/p>\n<p>&nbsp;<\/p>\n","protected":false},"excerpt":{"rendered":"<p>Sabonete em barra com extrato de Flor de \u00cdris e Frutas Vermelhas. Hidrata\u00e7\u00e3o e Energia [&hellip;]<\/p>\n","protected":false},"featured_media":3117,"comment_status":"closed","ping_status":"closed","template":"","meta":[],"product_brand":[],"product_cat":[293],"product_tag":[],"class_list":{"0":"post-3114","1":"product","2":"type-product","3":"status-publish","4":"has-post-thumbnail","6":"product_cat-uncategorized","8":"first","9":"instock","10":"shipping-taxable","11":"product-type-simple"},"_links":{"self":[{"href":"https:\/\/www.kimarca.com.br\/site\/wp-json\/wp\/v2\/product\/3114","targetHints":{"allow":["GET"]}}],"collection":[{"href":"https:\/\/www.kimarca.com.br\/site\/wp-json\/wp\/v2\/product"}],"about":[{"href":"https:\/\/www.kimarca.com.br\/site\/wp-json\/wp\/v2\/types\/product"}],"replies":[{"embeddable":true,"href":"https:\/\/www.kimarca.com.br\/site\/wp-json\/wp\/v2\/comments?post=3114"}],"wp:featuredmedia":[{"embeddable":true,"href":"https:\/\/www.kimarca.com.br\/site\/wp-json\/wp\/v2\/media\/3117"}],"wp:attachment":[{"href":"https:\/\/www.kimarca.com.br\/site\/wp-json\/wp\/v2\/media?parent=3114"}],"wp:term":[{"taxonomy":"product_brand","embeddable":true,"href":"https:\/\/www.kimarca.com.br\/site\/wp-json\/wp\/v2\/product_brand?post=3114"},{"taxonomy":"product_cat","embeddable":true,"href":"https:\/\/www.kimarca.com.br\/site\/wp-json\/wp\/v2\/product_cat?post=3114"},{"taxonomy":"product_tag","embeddable":true,"href":"https:\/\/www.kimarca.com.br\/site\/wp-json\/wp\/v2\/product_tag?post=3114"}],"curies":[{"name":"wp","href":"https:\/\/api.w.org\/{rel}","templated":true}]}}