{"id":3112,"date":"2018-02-15T16:52:01","date_gmt":"2018-02-15T18:52:01","guid":{"rendered":"https:\/\/www.kimarca.com.br\/site\/?post_type=product&#038;p=3112"},"modified":"2024-11-03T23:40:50","modified_gmt":"2024-11-04T02:40:50","slug":"sabonete-sensus-suave-nutricao-e-reparacao","status":"publish","type":"product","link":"https:\/\/www.kimarca.com.br\/site\/produto\/sabonete-sensus-suave-nutricao-e-reparacao\/","title":{"rendered":"SABONETE SENSUS SUAVE NUTRI\u00c7\u00c3O E REPARA\u00c7\u00c3O"},"content":{"rendered":"<p>Sabonete em barra com Prote\u00ednas do Leite e extrato de Uva Branca. Nutri\u00e7\u00e3o e Repara\u00e7\u00e3o para a pele. Perfuma\u00e7\u00e3o cremosa adocicada.<\/p>\n<p>Utilizado para higienizar a pele.<\/p>\n<p>Hidrata e repara.<\/p>\n<p>Formato e quantidades: Unidade individual de 90 g ou 150 g.<\/p>\n<p>Fragr\u00e2ncia: Perfuma\u00e7\u00e3o cremosa adocicada.<\/p>\n","protected":false},"excerpt":{"rendered":"<p>Sabonete em barra com Prote\u00ednas do Leite e extrato de Uva Branca. Nutri\u00e7\u00e3o e Repara\u00e7\u00e3o [&hellip;]<\/p>\n","protected":false},"featured_media":3113,"comment_status":"closed","ping_status":"closed","template":"","meta":[],"product_brand":[],"product_cat":[293],"product_tag":[],"class_list":{"0":"post-3112","1":"product","2":"type-product","3":"status-publish","4":"has-post-thumbnail","6":"product_cat-uncategorized","8":"first","9":"instock","10":"shipping-taxable","11":"product-type-simple"},"_links":{"self":[{"href":"https:\/\/www.kimarca.com.br\/site\/wp-json\/wp\/v2\/product\/3112","targetHints":{"allow":["GET"]}}],"collection":[{"href":"https:\/\/www.kimarca.com.br\/site\/wp-json\/wp\/v2\/product"}],"about":[{"href":"https:\/\/www.kimarca.com.br\/site\/wp-json\/wp\/v2\/types\/product"}],"replies":[{"embeddable":true,"href":"https:\/\/www.kimarca.com.br\/site\/wp-json\/wp\/v2\/comments?post=3112"}],"wp:featuredmedia":[{"embeddable":true,"href":"https:\/\/www.kimarca.com.br\/site\/wp-json\/wp\/v2\/media\/3113"}],"wp:attachment":[{"href":"https:\/\/www.kimarca.com.br\/site\/wp-json\/wp\/v2\/media?parent=3112"}],"wp:term":[{"taxonomy":"product_brand","embeddable":true,"href":"https:\/\/www.kimarca.com.br\/site\/wp-json\/wp\/v2\/product_brand?post=3112"},{"taxonomy":"product_cat","embeddable":true,"href":"https:\/\/www.kimarca.com.br\/site\/wp-json\/wp\/v2\/product_cat?post=3112"},{"taxonomy":"product_tag","embeddable":true,"href":"https:\/\/www.kimarca.com.br\/site\/wp-json\/wp\/v2\/product_tag?post=3112"}],"curies":[{"name":"wp","href":"https:\/\/api.w.org\/{rel}","templated":true}]}}