{"id":3110,"date":"2018-02-15T16:49:18","date_gmt":"2018-02-15T18:49:18","guid":{"rendered":"https:\/\/www.kimarca.com.br\/site\/?post_type=product&#038;p=3110"},"modified":"2024-11-03T23:40:50","modified_gmt":"2024-11-04T02:40:50","slug":"naftalina-font","status":"publish","type":"product","link":"https:\/\/www.kimarca.com.br\/site\/produto\/naftalina-font\/","title":{"rendered":"Naftalina Font"},"content":{"rendered":"<p>Poderoso agente anti-tra\u00e7a. A embalagem semi aberta \u00e9 suficiente para exalar vapores para o controle da praga de forma segura.<\/p>\n<p>Pode ser distribu\u00edda em arm\u00e1rios, gavetas, estantes.<\/p>\n<p>Combate a prolifera\u00e7\u00e3o de tra\u00e7as e suas larvas.<\/p>\n<p>Unidade individual de 30 g.<\/p>\n<p>Fragr\u00e2ncia: Fragr\u00e2ncia acentuada que auxilia no controle de pragas<\/p>\n","protected":false},"excerpt":{"rendered":"<p>Poderoso agente anti-tra\u00e7a. A embalagem semi aberta \u00e9 suficiente para exalar vapores para o controle [&hellip;]<\/p>\n","protected":false},"featured_media":3111,"comment_status":"closed","ping_status":"closed","template":"","meta":[],"product_brand":[],"product_cat":[293],"product_tag":[],"class_list":{"0":"post-3110","1":"product","2":"type-product","3":"status-publish","4":"has-post-thumbnail","6":"product_cat-uncategorized","8":"first","9":"instock","10":"shipping-taxable","11":"product-type-simple"},"_links":{"self":[{"href":"https:\/\/www.kimarca.com.br\/site\/wp-json\/wp\/v2\/product\/3110","targetHints":{"allow":["GET"]}}],"collection":[{"href":"https:\/\/www.kimarca.com.br\/site\/wp-json\/wp\/v2\/product"}],"about":[{"href":"https:\/\/www.kimarca.com.br\/site\/wp-json\/wp\/v2\/types\/product"}],"replies":[{"embeddable":true,"href":"https:\/\/www.kimarca.com.br\/site\/wp-json\/wp\/v2\/comments?post=3110"}],"wp:featuredmedia":[{"embeddable":true,"href":"https:\/\/www.kimarca.com.br\/site\/wp-json\/wp\/v2\/media\/3111"}],"wp:attachment":[{"href":"https:\/\/www.kimarca.com.br\/site\/wp-json\/wp\/v2\/media?parent=3110"}],"wp:term":[{"taxonomy":"product_brand","embeddable":true,"href":"https:\/\/www.kimarca.com.br\/site\/wp-json\/wp\/v2\/product_brand?post=3110"},{"taxonomy":"product_cat","embeddable":true,"href":"https:\/\/www.kimarca.com.br\/site\/wp-json\/wp\/v2\/product_cat?post=3110"},{"taxonomy":"product_tag","embeddable":true,"href":"https:\/\/www.kimarca.com.br\/site\/wp-json\/wp\/v2\/product_tag?post=3110"}],"curies":[{"name":"wp","href":"https:\/\/api.w.org\/{rel}","templated":true}]}}