{"id":3078,"date":"2018-02-15T16:07:57","date_gmt":"2018-02-15T18:07:57","guid":{"rendered":"https:\/\/www.kimarca.com.br\/site\/?post_type=product&#038;p=3078"},"modified":"2024-11-03T23:40:51","modified_gmt":"2024-11-04T02:40:51","slug":"e-dbpc-dispensador-bobina-puxe-e-corte","status":"publish","type":"product","link":"https:\/\/www.kimarca.com.br\/site\/produto\/e-dbpc-dispensador-bobina-puxe-e-corte\/","title":{"rendered":"E-DBPC Dispensador Bobina Puxe e Corte"},"content":{"rendered":"<p>Desenvolvido e Fabricado com tecnologia de ponta, utilizando materiais de alta resist\u00eancia.\u00a0Design inovador com sobre tampa que permite seu uso como decora\u00e7\u00e3o em diversos ambientes e\/ou como excelente ferramenta de marketing.<\/p>\n<p>Compacto e resistente.\u00a0Sistema de corte, n\u00e3o permite que o papel\u00a0toalha bobina seja puxado continuamente, evitando desperd\u00edcio de papel.<\/p>\n<p>O mais compacto do mercado.\u00a0F\u00e1cil Manuten\u00e7\u00e3o e Limpeza.<\/p>\n<p>Garantia de 01 ano.<\/p>\n<h4>Medidas:<\/h4>\n<p>Altura: 380mm<br \/>\nLargura: 300mm<br \/>\nProfundidade: 190mm<\/p>\n<h4>Peso do dispensador:<\/h4>\n<p>2,122 Kg<\/p>\n<h4>Material do Dispensador:<\/h4>\n<p>Pl\u00e1stico ABS<\/p>\n<h4>Pap\u00e9is Utilizados:<\/h4>\n<p>Pap\u00e9is Toalha Bobina Branco:<br \/>\n20 cm x 100 metros<br \/>\n20 cm x 200 metros<\/p>\n<p>Di\u00e2metro m\u00e1ximo da bobina: 170 mm<\/p>\n<h4>Embalagem de Embarque:<\/h4>\n<p>Caixa de Papel\u00e3o com 01 unidade<\/p>\n<h4>Cores do Dispensador:<\/h4>\n<p>Branco \/ Cristal \/ Fum\u00ea<\/p>\n<h4>Cores das Sobretampas:<\/h4>\n<p>Safira (azul) \/ Prata (cromo) \/ Ouro(Dourado) \/ \u00f4nix (preto) \/ Esmeralda (verde) \/ Rubi (vermelho) \/ Cristal (transparente)<\/p>\n<h4>Instala\u00e7\u00e3o:<\/h4>\n<p>Buchas e parafusos (inclu\u00eddos)<br \/>\nN\u00e3o \u00e9 recomendado a sua instala\u00e7\u00e3o com fita dupla face<\/p>\n<p><strong>Sistema de Abertura e Fechamento com chave<\/strong><\/p>\n","protected":false},"excerpt":{"rendered":"<p>Desenvolvido e Fabricado com tecnologia de ponta, utilizando materiais de alta resist\u00eancia.\u00a0Design inovador com sobre [&hellip;]<\/p>\n","protected":false},"featured_media":3079,"comment_status":"closed","ping_status":"closed","template":"","meta":[],"product_brand":[],"product_cat":[276,215],"product_tag":[],"class_list":{"0":"post-3078","1":"product","2":"type-product","3":"status-publish","4":"has-post-thumbnail","6":"product_cat-dispenser-de-papeis","7":"product_cat-dispensers","9":"first","10":"instock","11":"shipping-taxable","12":"product-type-simple"},"_links":{"self":[{"href":"https:\/\/www.kimarca.com.br\/site\/wp-json\/wp\/v2\/product\/3078","targetHints":{"allow":["GET"]}}],"collection":[{"href":"https:\/\/www.kimarca.com.br\/site\/wp-json\/wp\/v2\/product"}],"about":[{"href":"https:\/\/www.kimarca.com.br\/site\/wp-json\/wp\/v2\/types\/product"}],"replies":[{"embeddable":true,"href":"https:\/\/www.kimarca.com.br\/site\/wp-json\/wp\/v2\/comments?post=3078"}],"wp:featuredmedia":[{"embeddable":true,"href":"https:\/\/www.kimarca.com.br\/site\/wp-json\/wp\/v2\/media\/3079"}],"wp:attachment":[{"href":"https:\/\/www.kimarca.com.br\/site\/wp-json\/wp\/v2\/media?parent=3078"}],"wp:term":[{"taxonomy":"product_brand","embeddable":true,"href":"https:\/\/www.kimarca.com.br\/site\/wp-json\/wp\/v2\/product_brand?post=3078"},{"taxonomy":"product_cat","embeddable":true,"href":"https:\/\/www.kimarca.com.br\/site\/wp-json\/wp\/v2\/product_cat?post=3078"},{"taxonomy":"product_tag","embeddable":true,"href":"https:\/\/www.kimarca.com.br\/site\/wp-json\/wp\/v2\/product_tag?post=3078"}],"curies":[{"name":"wp","href":"https:\/\/api.w.org\/{rel}","templated":true}]}}