{"id":3076,"date":"2018-02-15T16:02:17","date_gmt":"2018-02-15T18:02:17","guid":{"rendered":"https:\/\/www.kimarca.com.br\/site\/?post_type=product&#038;p=3076"},"modified":"2024-11-03T23:40:51","modified_gmt":"2024-11-04T02:40:51","slug":"dispensadores-para-copos-de-agua-e-cafe-poup-copo","status":"publish","type":"product","link":"https:\/\/www.kimarca.com.br\/site\/produto\/dispensadores-para-copos-de-agua-e-cafe-poup-copo\/","title":{"rendered":"Dispensadores para Copos de \u00c1gua e Caf\u00e9: POUP COPO"},"content":{"rendered":"<p>POUP COPO \u00e9 sin\u00f4nimo de praticidade e economia na utiliza\u00e7\u00e3o de copos descart\u00e1veis. Dispon\u00edvel nas vers\u00f5es: copo caf\u00e9 (50 ml), copo \u00e1gua (180 ou 200 ml) e conjuntos para copos caf\u00e9 e \u00e1gua.\u00a0Na cor branca, com bot\u00f5es nas cores: azul, branca ou preto.<\/p>\n<div>\n<h4>Apresenta\u00e7\u00f5es:<\/h4>\n<\/div>\n<p><strong>E-DPCA001:\u00a0\u00a0<\/strong>Dispensador para copos de \u00e1gua (180 ou 200 ml), cor branca com bot\u00e3o azul.<\/p>\n<p>Caixa com 01 unidade<\/p>\n<div>\n<p><strong>E-DPCA002:\u00a0\u00a0<\/strong>Dispensador para copos de \u00e1gua (180 ou 200 ml), cor branca com bot\u00e3o branco.<\/p>\n<p>Caixa com 01 unidade<\/p>\n<\/div>\n<p><strong>E-DPCA003:\u00a0\u00a0<\/strong>Dispensador para copos de \u00e1gua (180 ou 200 ml), cor branca com bot\u00e3o preto.<\/p>\n<p>Caixa com 01 unidade<\/p>\n<p><strong>E-DPCA004:\u00a0\u00a0<\/strong>Dispensador para copos de caf\u00e9 (50 ml), cor branca com bot\u00e3o azul.<\/p>\n<p>Caixa com 01 unidade<\/p>\n<div>\n<p><strong>E-DPCA005:\u00a0\u00a0<\/strong>Dispensador para copos de caf\u00e9 (50 ml), cor branca com bot\u00e3o branco.<\/p>\n<p>Caixa com 01 unidade<\/p>\n<\/div>\n<p><strong>E-DPCA006:\u00a0\u00a0<\/strong>Dispensador para copos de caf\u00e9 (50 ml), cor branca com bot\u00e3o preto.<\/p>\n<p>Caixa com 01 unidade<\/p>\n<p><strong>E-DPCA007:\u00a0\u00a0<\/strong>Conjunto<strong>\u00a0<\/strong>dispensador para copos de caf\u00e9 e \u00e1gua (50 ml \/180 ou 200 ml), cor branca com bot\u00e3o azul.<\/p>\n<p>Caixa com 01 conjunto<\/p>\n<div>\n<p><strong>E-DPCA008:\u00a0\u00a0<\/strong>Dispensador para copos de caf\u00e9 e \u00a0\u00e1gua (50 ml\/180 ou 200 ml), cor branca com bot\u00e3o branco.<\/p>\n<p>Caixa com 01 conjunto<\/p>\n<\/div>\n<p><strong>E-DPCA009:\u00a0\u00a0<\/strong>Dispensador para copos de caf\u00e9 e \u00e1gua (50ml\/180 ou 200 ml), cor branca com bot\u00e3o preto.<\/p>\n<p>Caixa com 01 conjunto<\/p>\n","protected":false},"excerpt":{"rendered":"<p>POUP COPO \u00e9 sin\u00f4nimo de praticidade e economia na utiliza\u00e7\u00e3o de copos descart\u00e1veis. Dispon\u00edvel nas [&hellip;]<\/p>\n","protected":false},"featured_media":3077,"comment_status":"closed","ping_status":"closed","template":"","meta":[],"product_brand":[],"product_cat":[215],"product_tag":[],"class_list":{"0":"post-3076","1":"product","2":"type-product","3":"status-publish","4":"has-post-thumbnail","6":"product_cat-dispensers","8":"first","9":"instock","10":"shipping-taxable","11":"product-type-simple"},"_links":{"self":[{"href":"https:\/\/www.kimarca.com.br\/site\/wp-json\/wp\/v2\/product\/3076","targetHints":{"allow":["GET"]}}],"collection":[{"href":"https:\/\/www.kimarca.com.br\/site\/wp-json\/wp\/v2\/product"}],"about":[{"href":"https:\/\/www.kimarca.com.br\/site\/wp-json\/wp\/v2\/types\/product"}],"replies":[{"embeddable":true,"href":"https:\/\/www.kimarca.com.br\/site\/wp-json\/wp\/v2\/comments?post=3076"}],"wp:featuredmedia":[{"embeddable":true,"href":"https:\/\/www.kimarca.com.br\/site\/wp-json\/wp\/v2\/media\/3077"}],"wp:attachment":[{"href":"https:\/\/www.kimarca.com.br\/site\/wp-json\/wp\/v2\/media?parent=3076"}],"wp:term":[{"taxonomy":"product_brand","embeddable":true,"href":"https:\/\/www.kimarca.com.br\/site\/wp-json\/wp\/v2\/product_brand?post=3076"},{"taxonomy":"product_cat","embeddable":true,"href":"https:\/\/www.kimarca.com.br\/site\/wp-json\/wp\/v2\/product_cat?post=3076"},{"taxonomy":"product_tag","embeddable":true,"href":"https:\/\/www.kimarca.com.br\/site\/wp-json\/wp\/v2\/product_tag?post=3076"}],"curies":[{"name":"wp","href":"https:\/\/api.w.org\/{rel}","templated":true}]}}