{"id":3054,"date":"2018-02-15T15:44:29","date_gmt":"2018-02-15T17:44:29","guid":{"rendered":"https:\/\/www.kimarca.com.br\/site\/?post_type=product&#038;p=3054"},"modified":"2024-11-03T23:40:51","modified_gmt":"2024-11-04T02:40:51","slug":"talco","status":"publish","type":"product","link":"https:\/\/www.kimarca.com.br\/site\/produto\/talco\/","title":{"rendered":"Talco"},"content":{"rendered":"<p>O Aromatizante Concentrado Talco tem cheirinho suave, como de um cantinho de beb\u00ea, e \u00e9 um dos preferidos para uso em quartos e roupeiros, embora seja indica\u00e7\u00e3o para a aplica\u00e7\u00e3o no ambiente que preferir. As ess\u00eancias e fragr\u00e2ncias dos Aromatizantes Concentrados Coala deixam o ambiente com um perfume duradouro e a agrad\u00e1vel sensa\u00e7\u00e3o de bem-estar, que dura por muito mais tempo. Podem ser utilizados em qualquer tipo ambiente, seja ele residencial ou comercial, interno ou externo. Seu uso \u00e9 muito eficaz para aromatizar ambientes com pisos e azulejos, canil e locais com animais. Basta aplicar algumas gotinhas em ralos, banheiros e vasos sanit\u00e1rios para deixar os ambientes com aroma de frescor e cheirinho de limpeza. Produto concentrado, de alto rendimento e qualidade superior, com um pr\u00e1tico bico dosador que evita o desperd\u00edcio.<\/p>\n","protected":false},"excerpt":{"rendered":"<p>O Aromatizante Concentrado Talco tem cheirinho suave, como de um cantinho de beb\u00ea, e \u00e9 [&hellip;]<\/p>\n","protected":false},"featured_media":3055,"comment_status":"closed","ping_status":"closed","template":"","meta":[],"product_brand":[],"product_cat":[291,209],"product_tag":[],"class_list":{"0":"post-3054","1":"product","2":"type-product","3":"status-publish","4":"has-post-thumbnail","6":"product_cat-aromatizante","7":"product_cat-quimicos","9":"first","10":"instock","11":"shipping-taxable","12":"product-type-simple"},"_links":{"self":[{"href":"https:\/\/www.kimarca.com.br\/site\/wp-json\/wp\/v2\/product\/3054","targetHints":{"allow":["GET"]}}],"collection":[{"href":"https:\/\/www.kimarca.com.br\/site\/wp-json\/wp\/v2\/product"}],"about":[{"href":"https:\/\/www.kimarca.com.br\/site\/wp-json\/wp\/v2\/types\/product"}],"replies":[{"embeddable":true,"href":"https:\/\/www.kimarca.com.br\/site\/wp-json\/wp\/v2\/comments?post=3054"}],"wp:featuredmedia":[{"embeddable":true,"href":"https:\/\/www.kimarca.com.br\/site\/wp-json\/wp\/v2\/media\/3055"}],"wp:attachment":[{"href":"https:\/\/www.kimarca.com.br\/site\/wp-json\/wp\/v2\/media?parent=3054"}],"wp:term":[{"taxonomy":"product_brand","embeddable":true,"href":"https:\/\/www.kimarca.com.br\/site\/wp-json\/wp\/v2\/product_brand?post=3054"},{"taxonomy":"product_cat","embeddable":true,"href":"https:\/\/www.kimarca.com.br\/site\/wp-json\/wp\/v2\/product_cat?post=3054"},{"taxonomy":"product_tag","embeddable":true,"href":"https:\/\/www.kimarca.com.br\/site\/wp-json\/wp\/v2\/product_tag?post=3054"}],"curies":[{"name":"wp","href":"https:\/\/api.w.org\/{rel}","templated":true}]}}