{"id":3040,"date":"2017-08-24T19:02:32","date_gmt":"2017-08-24T22:02:32","guid":{"rendered":"https:\/\/www.kimarca.com.br\/site\/?post_type=product&#038;p=3040"},"modified":"2024-11-03T23:40:51","modified_gmt":"2024-11-04T02:40:51","slug":"girassol-e-calendula","status":"publish","type":"product","link":"https:\/\/www.kimarca.com.br\/site\/produto\/girassol-e-calendula\/","title":{"rendered":"Girassol e Cal\u00eandula"},"content":{"rendered":"<p>O\u00a0<strong>Sabonete Premisse Girassol e Cal\u00eandula\u00a0<\/strong>apresenta uma formula\u00e7\u00e3o cuidadosamente balanceada, destinada a limpeza das m\u00e3os, do rosto e do corpo, proporcionando maciez e sedosidade. Esse produto n\u00e3o agride a pele, pois possui pH neutro.<\/p>\n","protected":false},"excerpt":{"rendered":"<p>O\u00a0Sabonete Premisse Girassol e Cal\u00eandula\u00a0apresenta uma formula\u00e7\u00e3o cuidadosamente balanceada, destinada a limpeza das m\u00e3os, do [&hellip;]<\/p>\n","protected":false},"featured_media":3041,"comment_status":"closed","ping_status":"closed","template":"","meta":[],"product_brand":[],"product_cat":[209,278,245,302],"product_tag":[],"class_list":{"0":"post-3040","1":"product","2":"type-product","3":"status-publish","4":"has-post-thumbnail","6":"product_cat-quimicos","7":"product_cat-refil-sabonete-liquido","8":"product_cat-sabonete","9":"product_cat-sabonete-liquido","11":"first","12":"instock","13":"shipping-taxable","14":"product-type-simple"},"_links":{"self":[{"href":"https:\/\/www.kimarca.com.br\/site\/wp-json\/wp\/v2\/product\/3040","targetHints":{"allow":["GET"]}}],"collection":[{"href":"https:\/\/www.kimarca.com.br\/site\/wp-json\/wp\/v2\/product"}],"about":[{"href":"https:\/\/www.kimarca.com.br\/site\/wp-json\/wp\/v2\/types\/product"}],"replies":[{"embeddable":true,"href":"https:\/\/www.kimarca.com.br\/site\/wp-json\/wp\/v2\/comments?post=3040"}],"wp:featuredmedia":[{"embeddable":true,"href":"https:\/\/www.kimarca.com.br\/site\/wp-json\/wp\/v2\/media\/3041"}],"wp:attachment":[{"href":"https:\/\/www.kimarca.com.br\/site\/wp-json\/wp\/v2\/media?parent=3040"}],"wp:term":[{"taxonomy":"product_brand","embeddable":true,"href":"https:\/\/www.kimarca.com.br\/site\/wp-json\/wp\/v2\/product_brand?post=3040"},{"taxonomy":"product_cat","embeddable":true,"href":"https:\/\/www.kimarca.com.br\/site\/wp-json\/wp\/v2\/product_cat?post=3040"},{"taxonomy":"product_tag","embeddable":true,"href":"https:\/\/www.kimarca.com.br\/site\/wp-json\/wp\/v2\/product_tag?post=3040"}],"curies":[{"name":"wp","href":"https:\/\/api.w.org\/{rel}","templated":true}]}}