{"id":3032,"date":"2017-08-24T18:58:38","date_gmt":"2017-08-24T21:58:38","guid":{"rendered":"https:\/\/www.kimarca.com.br\/site\/?post_type=product&#038;p=3032"},"modified":"2024-11-03T23:40:51","modified_gmt":"2024-11-04T02:40:51","slug":"desengrax-limpeza-intensiva","status":"publish","type":"product","link":"https:\/\/www.kimarca.com.br\/site\/produto\/desengrax-limpeza-intensiva\/","title":{"rendered":"Desengrax Limpeza Intensiva"},"content":{"rendered":"<p>O\u00a0<strong>Sabonete Premisse Limpeza Intensiva Desengrax<\/strong>possui uma f\u00f3rmula cuidadosamente balanceada com a finalidade de remover as sujidades mais dif\u00edceis, como \u00f3leos e compostos graxos em geral. Sua formula\u00e7\u00e3o n\u00e3o cont\u00e9m abrasivos, proporcionando uma limpeza sem agredir a pele, deixando-a macia e sedosa.<\/p>\n","protected":false},"excerpt":{"rendered":"<p>O\u00a0Sabonete Premisse Limpeza Intensiva Desengraxpossui uma f\u00f3rmula cuidadosamente balanceada com a finalidade de remover as [&hellip;]<\/p>\n","protected":false},"featured_media":3033,"comment_status":"closed","ping_status":"closed","template":"","meta":[],"product_brand":[],"product_cat":[209,278,245,302],"product_tag":[],"class_list":{"0":"post-3032","1":"product","2":"type-product","3":"status-publish","4":"has-post-thumbnail","6":"product_cat-quimicos","7":"product_cat-refil-sabonete-liquido","8":"product_cat-sabonete","9":"product_cat-sabonete-liquido","11":"first","12":"instock","13":"shipping-taxable","14":"product-type-simple"},"_links":{"self":[{"href":"https:\/\/www.kimarca.com.br\/site\/wp-json\/wp\/v2\/product\/3032","targetHints":{"allow":["GET"]}}],"collection":[{"href":"https:\/\/www.kimarca.com.br\/site\/wp-json\/wp\/v2\/product"}],"about":[{"href":"https:\/\/www.kimarca.com.br\/site\/wp-json\/wp\/v2\/types\/product"}],"replies":[{"embeddable":true,"href":"https:\/\/www.kimarca.com.br\/site\/wp-json\/wp\/v2\/comments?post=3032"}],"wp:featuredmedia":[{"embeddable":true,"href":"https:\/\/www.kimarca.com.br\/site\/wp-json\/wp\/v2\/media\/3033"}],"wp:attachment":[{"href":"https:\/\/www.kimarca.com.br\/site\/wp-json\/wp\/v2\/media?parent=3032"}],"wp:term":[{"taxonomy":"product_brand","embeddable":true,"href":"https:\/\/www.kimarca.com.br\/site\/wp-json\/wp\/v2\/product_brand?post=3032"},{"taxonomy":"product_cat","embeddable":true,"href":"https:\/\/www.kimarca.com.br\/site\/wp-json\/wp\/v2\/product_cat?post=3032"},{"taxonomy":"product_tag","embeddable":true,"href":"https:\/\/www.kimarca.com.br\/site\/wp-json\/wp\/v2\/product_tag?post=3032"}],"curies":[{"name":"wp","href":"https:\/\/api.w.org\/{rel}","templated":true}]}}