{"id":3024,"date":"2017-08-24T18:48:20","date_gmt":"2017-08-24T21:48:20","guid":{"rendered":"https:\/\/www.kimarca.com.br\/site\/?post_type=product&#038;p=3024"},"modified":"2024-11-03T23:40:51","modified_gmt":"2024-11-04T02:40:51","slug":"kit-compacta-espuma","status":"publish","type":"product","link":"https:\/\/www.kimarca.com.br\/site\/produto\/kit-compacta-espuma\/","title":{"rendered":"Kit Compacta Espuma"},"content":{"rendered":"<p>Pensando na sua comodidade a Premisse oferece este kit de produtos: Dispenser para sabonete espuma + 1 sabonete espuma.<\/p>\n<p>Ideais para serem utilizados em resid\u00eancias, consult\u00f3rios ou pequenas empresas.<\/p>\n<p>O sabonete espuma possui rendimento tr\u00eas vezes superior ao sabonete l\u00edquido convencional. N\u00e3o \u00e9 necess\u00e1rio umedecer a m\u00e3o antes de aplic\u00e1-lo, desta forma a utiliza\u00e7\u00e3o de \u00e1gua s\u00f3 \u00e9 necess\u00e1ria para o enxague. Proporciona uma limpeza delicada com sensorial \u00fanico que impressiona os sentidos.<\/p>\n<p>Os dispensers s\u00e3o pr\u00e1ticos, higi\u00eanicos e bonitos, deixando sua cozinha ou banheiro muito mais charmoso. Seu sistema de v\u00e1lvula proporciona economia e facilidade na reposi\u00e7\u00e3o do refil.<\/p>\n","protected":false},"excerpt":{"rendered":"<p>Pensando na sua comodidade a Premisse oferece este kit de produtos: Dispenser para sabonete espuma [&hellip;]<\/p>\n","protected":false},"featured_media":3025,"comment_status":"closed","ping_status":"closed","template":"","meta":[],"product_brand":[],"product_cat":[209,216,278],"product_tag":[],"class_list":{"0":"post-3024","1":"product","2":"type-product","3":"status-publish","4":"has-post-thumbnail","6":"product_cat-quimicos","7":"product_cat-recargas","8":"product_cat-refil-sabonete-liquido","10":"first","11":"instock","12":"shipping-taxable","13":"product-type-simple"},"_links":{"self":[{"href":"https:\/\/www.kimarca.com.br\/site\/wp-json\/wp\/v2\/product\/3024","targetHints":{"allow":["GET"]}}],"collection":[{"href":"https:\/\/www.kimarca.com.br\/site\/wp-json\/wp\/v2\/product"}],"about":[{"href":"https:\/\/www.kimarca.com.br\/site\/wp-json\/wp\/v2\/types\/product"}],"replies":[{"embeddable":true,"href":"https:\/\/www.kimarca.com.br\/site\/wp-json\/wp\/v2\/comments?post=3024"}],"wp:featuredmedia":[{"embeddable":true,"href":"https:\/\/www.kimarca.com.br\/site\/wp-json\/wp\/v2\/media\/3025"}],"wp:attachment":[{"href":"https:\/\/www.kimarca.com.br\/site\/wp-json\/wp\/v2\/media?parent=3024"}],"wp:term":[{"taxonomy":"product_brand","embeddable":true,"href":"https:\/\/www.kimarca.com.br\/site\/wp-json\/wp\/v2\/product_brand?post=3024"},{"taxonomy":"product_cat","embeddable":true,"href":"https:\/\/www.kimarca.com.br\/site\/wp-json\/wp\/v2\/product_cat?post=3024"},{"taxonomy":"product_tag","embeddable":true,"href":"https:\/\/www.kimarca.com.br\/site\/wp-json\/wp\/v2\/product_tag?post=3024"}],"curies":[{"name":"wp","href":"https:\/\/api.w.org\/{rel}","templated":true}]}}