{"id":3018,"date":"2017-08-24T18:37:52","date_gmt":"2017-08-24T21:37:52","guid":{"rendered":"https:\/\/www.kimarca.com.br\/site\/?post_type=product&#038;p=3018"},"modified":"2024-11-03T23:40:51","modified_gmt":"2024-11-04T02:40:51","slug":"lixeiras-para-copos-descartaveis-base-dupla-agua-cafe","status":"publish","type":"product","link":"https:\/\/www.kimarca.com.br\/site\/produto\/lixeiras-para-copos-descartaveis-base-dupla-agua-cafe\/","title":{"rendered":"Lixeiras para copos descart\u00e1veis Base Dupla (\u00e1gua \/ caf\u00e9)"},"content":{"rendered":"<p>Coletor para copos descart\u00e1veis de \u00e1gua e caf\u00e9.<\/p>\n<p>C\u00f3d: C19758<\/p>\n<p>Caixa com 6 unidades<\/p>\n","protected":false},"excerpt":{"rendered":"<p>Coletor para copos descart\u00e1veis de \u00e1gua e caf\u00e9. C\u00f3d: C19758 Caixa com 6 unidades<\/p>\n","protected":false},"featured_media":3019,"comment_status":"closed","ping_status":"closed","template":"","meta":[],"product_brand":[],"product_cat":[249,210],"product_tag":[],"class_list":{"0":"post-3018","1":"product","2":"type-product","3":"status-publish","4":"has-post-thumbnail","6":"product_cat-coletores","7":"product_cat-residuos","9":"first","10":"instock","11":"shipping-taxable","12":"product-type-simple"},"_links":{"self":[{"href":"https:\/\/www.kimarca.com.br\/site\/wp-json\/wp\/v2\/product\/3018","targetHints":{"allow":["GET"]}}],"collection":[{"href":"https:\/\/www.kimarca.com.br\/site\/wp-json\/wp\/v2\/product"}],"about":[{"href":"https:\/\/www.kimarca.com.br\/site\/wp-json\/wp\/v2\/types\/product"}],"replies":[{"embeddable":true,"href":"https:\/\/www.kimarca.com.br\/site\/wp-json\/wp\/v2\/comments?post=3018"}],"wp:featuredmedia":[{"embeddable":true,"href":"https:\/\/www.kimarca.com.br\/site\/wp-json\/wp\/v2\/media\/3019"}],"wp:attachment":[{"href":"https:\/\/www.kimarca.com.br\/site\/wp-json\/wp\/v2\/media?parent=3018"}],"wp:term":[{"taxonomy":"product_brand","embeddable":true,"href":"https:\/\/www.kimarca.com.br\/site\/wp-json\/wp\/v2\/product_brand?post=3018"},{"taxonomy":"product_cat","embeddable":true,"href":"https:\/\/www.kimarca.com.br\/site\/wp-json\/wp\/v2\/product_cat?post=3018"},{"taxonomy":"product_tag","embeddable":true,"href":"https:\/\/www.kimarca.com.br\/site\/wp-json\/wp\/v2\/product_tag?post=3018"}],"curies":[{"name":"wp","href":"https:\/\/api.w.org\/{rel}","templated":true}]}}