{"id":3016,"date":"2017-08-24T18:37:07","date_gmt":"2017-08-24T21:37:07","guid":{"rendered":"https:\/\/www.kimarca.com.br\/site\/?post_type=product&#038;p=3016"},"modified":"2024-11-03T23:40:51","modified_gmt":"2024-11-04T02:40:51","slug":"lixeiras-para-copos-descartaveis-de-agua-e-cafe","status":"publish","type":"product","link":"https:\/\/www.kimarca.com.br\/site\/produto\/lixeiras-para-copos-descartaveis-de-agua-e-cafe\/","title":{"rendered":"Lixeiras para Copos Descart\u00e1veis de \u00c1gua e Caf\u00e9"},"content":{"rendered":"<p>Coletor para copos descart\u00e1veis de \u00e1gua e caf\u00e9.<\/p>\n<p>\u00c1gua C\u00f3d: C19755<\/p>\n<p>Caf\u00e9 C\u00f3d: C19756<\/p>\n<p>Caixa com 12 unidades<\/p>\n","protected":false},"excerpt":{"rendered":"<p>Coletor para copos descart\u00e1veis de \u00e1gua e caf\u00e9. \u00c1gua C\u00f3d: C19755 Caf\u00e9 C\u00f3d: C19756 Caixa [&hellip;]<\/p>\n","protected":false},"featured_media":3017,"comment_status":"closed","ping_status":"closed","template":"","meta":[],"product_brand":[],"product_cat":[249,210],"product_tag":[],"class_list":{"0":"post-3016","1":"product","2":"type-product","3":"status-publish","4":"has-post-thumbnail","6":"product_cat-coletores","7":"product_cat-residuos","9":"first","10":"instock","11":"shipping-taxable","12":"product-type-simple"},"_links":{"self":[{"href":"https:\/\/www.kimarca.com.br\/site\/wp-json\/wp\/v2\/product\/3016","targetHints":{"allow":["GET"]}}],"collection":[{"href":"https:\/\/www.kimarca.com.br\/site\/wp-json\/wp\/v2\/product"}],"about":[{"href":"https:\/\/www.kimarca.com.br\/site\/wp-json\/wp\/v2\/types\/product"}],"replies":[{"embeddable":true,"href":"https:\/\/www.kimarca.com.br\/site\/wp-json\/wp\/v2\/comments?post=3016"}],"wp:featuredmedia":[{"embeddable":true,"href":"https:\/\/www.kimarca.com.br\/site\/wp-json\/wp\/v2\/media\/3017"}],"wp:attachment":[{"href":"https:\/\/www.kimarca.com.br\/site\/wp-json\/wp\/v2\/media?parent=3016"}],"wp:term":[{"taxonomy":"product_brand","embeddable":true,"href":"https:\/\/www.kimarca.com.br\/site\/wp-json\/wp\/v2\/product_brand?post=3016"},{"taxonomy":"product_cat","embeddable":true,"href":"https:\/\/www.kimarca.com.br\/site\/wp-json\/wp\/v2\/product_cat?post=3016"},{"taxonomy":"product_tag","embeddable":true,"href":"https:\/\/www.kimarca.com.br\/site\/wp-json\/wp\/v2\/product_tag?post=3016"}],"curies":[{"name":"wp","href":"https:\/\/api.w.org\/{rel}","templated":true}]}}