{"id":3001,"date":"2017-08-24T18:31:14","date_gmt":"2017-08-24T21:31:14","guid":{"rendered":"https:\/\/www.kimarca.com.br\/site\/?post_type=product&#038;p=3001"},"modified":"2024-11-03T23:40:52","modified_gmt":"2024-11-04T02:40:52","slug":"dispenser-para-abastecer-com-reservatorio-800ml","status":"publish","type":"product","link":"https:\/\/www.kimarca.com.br\/site\/produto\/dispenser-para-abastecer-com-reservatorio-800ml\/","title":{"rendered":"Dispenser para abastecer com reservat\u00f3rio 800ml"},"content":{"rendered":"<p>Esta Saboneteira Liquida \u00a0possui sistema que aceita reservat\u00f3rio para abastecer, seu manuseio \u00e9 pratico e f\u00e1cil de ser instalado.<\/p>\n<p>Branco C\u00f3d.: C19428<\/p>\n<p>Caixa com 12 unidades<\/p>\n","protected":false},"excerpt":{"rendered":"<p>Esta Saboneteira Liquida \u00a0possui sistema que aceita reservat\u00f3rio para abastecer, seu manuseio \u00e9 pratico e [&hellip;]<\/p>\n","protected":false},"featured_media":3002,"comment_status":"closed","ping_status":"closed","template":"","meta":[],"product_brand":[],"product_cat":[277,215],"product_tag":[],"class_list":{"0":"post-3001","1":"product","2":"type-product","3":"status-publish","4":"has-post-thumbnail","6":"product_cat-dispenser-sabonete-liquido","7":"product_cat-dispensers","9":"first","10":"instock","11":"shipping-taxable","12":"product-type-simple"},"_links":{"self":[{"href":"https:\/\/www.kimarca.com.br\/site\/wp-json\/wp\/v2\/product\/3001","targetHints":{"allow":["GET"]}}],"collection":[{"href":"https:\/\/www.kimarca.com.br\/site\/wp-json\/wp\/v2\/product"}],"about":[{"href":"https:\/\/www.kimarca.com.br\/site\/wp-json\/wp\/v2\/types\/product"}],"replies":[{"embeddable":true,"href":"https:\/\/www.kimarca.com.br\/site\/wp-json\/wp\/v2\/comments?post=3001"}],"wp:featuredmedia":[{"embeddable":true,"href":"https:\/\/www.kimarca.com.br\/site\/wp-json\/wp\/v2\/media\/3002"}],"wp:attachment":[{"href":"https:\/\/www.kimarca.com.br\/site\/wp-json\/wp\/v2\/media?parent=3001"}],"wp:term":[{"taxonomy":"product_brand","embeddable":true,"href":"https:\/\/www.kimarca.com.br\/site\/wp-json\/wp\/v2\/product_brand?post=3001"},{"taxonomy":"product_cat","embeddable":true,"href":"https:\/\/www.kimarca.com.br\/site\/wp-json\/wp\/v2\/product_cat?post=3001"},{"taxonomy":"product_tag","embeddable":true,"href":"https:\/\/www.kimarca.com.br\/site\/wp-json\/wp\/v2\/product_tag?post=3001"}],"curies":[{"name":"wp","href":"https:\/\/api.w.org\/{rel}","templated":true}]}}