{"id":2991,"date":"2017-08-24T18:26:25","date_gmt":"2017-08-24T21:26:25","guid":{"rendered":"https:\/\/www.kimarca.com.br\/site\/?post_type=product&#038;p=2991"},"modified":"2024-11-03T23:40:52","modified_gmt":"2024-11-04T02:40:52","slug":"dispenser-compacto-multiplo-cai-cai-toalha-interfolha-branco","status":"publish","type":"product","link":"https:\/\/www.kimarca.com.br\/site\/produto\/dispenser-compacto-multiplo-cai-cai-toalha-interfolha-branco\/","title":{"rendered":"Dispenser Compacto M\u00faltiplo (Cai Cai \/ Toalha Interfolha) &#8211; Branco"},"content":{"rendered":"<div>A linha de\u00a0<strong>Dispensers Urban Premisse<\/strong>\u00a0apresentam os modelos mais modernos e revolucion\u00e1rios do mercado. Inspirados nas grandes cidades, seu design deixa o ambiente agrad\u00e1vel e sofisticado. Os produtos apresentam formas arredondas em muito bem desenhadas. A linha Urban possui um sistema inteligente de abertura que permite ao usu\u00e1rio o acesso f\u00e1cil e r\u00e1pido para reposi\u00e7\u00e3o, possibilita o uso de chaves, mantendo seguran\u00e7a e discri\u00e7\u00e3o.<\/div>\n<div><\/div>\n<div>Branco C\u00f3d.: C19284<\/div>\n<div><\/div>\n<div>Caixa com 6 unidades.<\/div>\n","protected":false},"excerpt":{"rendered":"<p>A linha de\u00a0Dispensers Urban Premisse\u00a0apresentam os modelos mais modernos e revolucion\u00e1rios do mercado. Inspirados nas [&hellip;]<\/p>\n","protected":false},"featured_media":2992,"comment_status":"closed","ping_status":"closed","template":"","meta":[],"product_brand":[],"product_cat":[276,215],"product_tag":[],"class_list":{"0":"post-2991","1":"product","2":"type-product","3":"status-publish","4":"has-post-thumbnail","6":"product_cat-dispenser-de-papeis","7":"product_cat-dispensers","9":"first","10":"instock","11":"shipping-taxable","12":"product-type-simple"},"_links":{"self":[{"href":"https:\/\/www.kimarca.com.br\/site\/wp-json\/wp\/v2\/product\/2991","targetHints":{"allow":["GET"]}}],"collection":[{"href":"https:\/\/www.kimarca.com.br\/site\/wp-json\/wp\/v2\/product"}],"about":[{"href":"https:\/\/www.kimarca.com.br\/site\/wp-json\/wp\/v2\/types\/product"}],"replies":[{"embeddable":true,"href":"https:\/\/www.kimarca.com.br\/site\/wp-json\/wp\/v2\/comments?post=2991"}],"wp:featuredmedia":[{"embeddable":true,"href":"https:\/\/www.kimarca.com.br\/site\/wp-json\/wp\/v2\/media\/2992"}],"wp:attachment":[{"href":"https:\/\/www.kimarca.com.br\/site\/wp-json\/wp\/v2\/media?parent=2991"}],"wp:term":[{"taxonomy":"product_brand","embeddable":true,"href":"https:\/\/www.kimarca.com.br\/site\/wp-json\/wp\/v2\/product_brand?post=2991"},{"taxonomy":"product_cat","embeddable":true,"href":"https:\/\/www.kimarca.com.br\/site\/wp-json\/wp\/v2\/product_cat?post=2991"},{"taxonomy":"product_tag","embeddable":true,"href":"https:\/\/www.kimarca.com.br\/site\/wp-json\/wp\/v2\/product_tag?post=2991"}],"curies":[{"name":"wp","href":"https:\/\/api.w.org\/{rel}","templated":true}]}}