{"id":2989,"date":"2017-08-24T18:25:39","date_gmt":"2017-08-24T21:25:39","guid":{"rendered":"https:\/\/www.kimarca.com.br\/site\/?post_type=product&#038;p=2989"},"modified":"2024-11-03T23:40:52","modified_gmt":"2024-11-04T02:40:52","slug":"dispenser-toalheiro-compacto-urban-branco","status":"publish","type":"product","link":"https:\/\/www.kimarca.com.br\/site\/produto\/dispenser-toalheiro-compacto-urban-branco\/","title":{"rendered":"Dispenser Toalheiro Compacto Urban &#8211; Branco"},"content":{"rendered":"<p>O\u00a0<strong>Toalheiro Urban Premisse<\/strong>\u00a0possui exclusivo sistema interno que garante a efici\u00eancia na sa\u00edda do papel, permitindo a extra\u00e7\u00e3o \u201cfolha por folha\u201d evitando desperd\u00edcio. Seu abastecimento \u00e9 f\u00e1cil e pr\u00e1tico.<\/p>\n<p>Branco C\u00f3d.: C19820<\/p>\n<p>Caixa com 6 unidades<\/p>\n","protected":false},"excerpt":{"rendered":"<p>O\u00a0Toalheiro Urban Premisse\u00a0possui exclusivo sistema interno que garante a efici\u00eancia na sa\u00edda do papel, permitindo [&hellip;]<\/p>\n","protected":false},"featured_media":2990,"comment_status":"closed","ping_status":"closed","template":"","meta":[],"product_brand":[],"product_cat":[276,215],"product_tag":[],"class_list":{"0":"post-2989","1":"product","2":"type-product","3":"status-publish","4":"has-post-thumbnail","6":"product_cat-dispenser-de-papeis","7":"product_cat-dispensers","9":"first","10":"instock","11":"shipping-taxable","12":"product-type-simple"},"_links":{"self":[{"href":"https:\/\/www.kimarca.com.br\/site\/wp-json\/wp\/v2\/product\/2989","targetHints":{"allow":["GET"]}}],"collection":[{"href":"https:\/\/www.kimarca.com.br\/site\/wp-json\/wp\/v2\/product"}],"about":[{"href":"https:\/\/www.kimarca.com.br\/site\/wp-json\/wp\/v2\/types\/product"}],"replies":[{"embeddable":true,"href":"https:\/\/www.kimarca.com.br\/site\/wp-json\/wp\/v2\/comments?post=2989"}],"wp:featuredmedia":[{"embeddable":true,"href":"https:\/\/www.kimarca.com.br\/site\/wp-json\/wp\/v2\/media\/2990"}],"wp:attachment":[{"href":"https:\/\/www.kimarca.com.br\/site\/wp-json\/wp\/v2\/media?parent=2989"}],"wp:term":[{"taxonomy":"product_brand","embeddable":true,"href":"https:\/\/www.kimarca.com.br\/site\/wp-json\/wp\/v2\/product_brand?post=2989"},{"taxonomy":"product_cat","embeddable":true,"href":"https:\/\/www.kimarca.com.br\/site\/wp-json\/wp\/v2\/product_cat?post=2989"},{"taxonomy":"product_tag","embeddable":true,"href":"https:\/\/www.kimarca.com.br\/site\/wp-json\/wp\/v2\/product_tag?post=2989"}],"curies":[{"name":"wp","href":"https:\/\/api.w.org\/{rel}","templated":true}]}}