{"id":2975,"date":"2017-08-24T18:19:43","date_gmt":"2017-08-24T21:19:43","guid":{"rendered":"https:\/\/www.kimarca.com.br\/site\/?post_type=product&#038;p=2975"},"modified":"2024-11-03T23:40:52","modified_gmt":"2024-11-04T02:40:52","slug":"dispenser-para-sabonete-liquido-para-ser-usado-com-refil-ou-reservatorio-800ml-branco","status":"publish","type":"product","link":"https:\/\/www.kimarca.com.br\/site\/produto\/dispenser-para-sabonete-liquido-para-ser-usado-com-refil-ou-reservatorio-800ml-branco\/","title":{"rendered":"Dispenser para sabonete l\u00edquido para ser usado com refil ou reservat\u00f3rio 800ml &#8211; Branco"},"content":{"rendered":"<p>A linha de\u00a0<strong>Dispensers Urban Premisse<\/strong>\u00a0apresentam os modelos mais modernos e revolucion\u00e1rios do mercado. Inspirados nas grandes cidades, seu design deixa o ambiente agrad\u00e1vel e sofisticado.\u00a0Os produtos apresentam formas arredondas em muito bem desenhadas. A linha Urban possui um sistema inteligente de abertura que permite ao usu\u00e1rio o acesso f\u00e1cil e r\u00e1pido para reposi\u00e7\u00e3o, possibilita o uso de chaves, mantendo seguran\u00e7a e discri\u00e7\u00e3o.<\/p>\n<p>Branco C\u00f3d.: C19161<\/p>\n<p>Caixa com 6 unidades.<\/p>\n","protected":false},"excerpt":{"rendered":"<p>A linha de\u00a0Dispensers Urban Premisse\u00a0apresentam os modelos mais modernos e revolucion\u00e1rios do mercado. Inspirados nas [&hellip;]<\/p>\n","protected":false},"featured_media":2976,"comment_status":"closed","ping_status":"closed","template":"","meta":[],"product_brand":[],"product_cat":[215],"product_tag":[],"class_list":{"0":"post-2975","1":"product","2":"type-product","3":"status-publish","4":"has-post-thumbnail","6":"product_cat-dispensers","8":"first","9":"instock","10":"shipping-taxable","11":"product-type-simple"},"_links":{"self":[{"href":"https:\/\/www.kimarca.com.br\/site\/wp-json\/wp\/v2\/product\/2975","targetHints":{"allow":["GET"]}}],"collection":[{"href":"https:\/\/www.kimarca.com.br\/site\/wp-json\/wp\/v2\/product"}],"about":[{"href":"https:\/\/www.kimarca.com.br\/site\/wp-json\/wp\/v2\/types\/product"}],"replies":[{"embeddable":true,"href":"https:\/\/www.kimarca.com.br\/site\/wp-json\/wp\/v2\/comments?post=2975"}],"wp:featuredmedia":[{"embeddable":true,"href":"https:\/\/www.kimarca.com.br\/site\/wp-json\/wp\/v2\/media\/2976"}],"wp:attachment":[{"href":"https:\/\/www.kimarca.com.br\/site\/wp-json\/wp\/v2\/media?parent=2975"}],"wp:term":[{"taxonomy":"product_brand","embeddable":true,"href":"https:\/\/www.kimarca.com.br\/site\/wp-json\/wp\/v2\/product_brand?post=2975"},{"taxonomy":"product_cat","embeddable":true,"href":"https:\/\/www.kimarca.com.br\/site\/wp-json\/wp\/v2\/product_cat?post=2975"},{"taxonomy":"product_tag","embeddable":true,"href":"https:\/\/www.kimarca.com.br\/site\/wp-json\/wp\/v2\/product_tag?post=2975"}],"curies":[{"name":"wp","href":"https:\/\/api.w.org\/{rel}","templated":true}]}}