{"id":2973,"date":"2017-08-24T18:18:45","date_gmt":"2017-08-24T21:18:45","guid":{"rendered":"https:\/\/www.kimarca.com.br\/site\/?post_type=product&#038;p=2973"},"modified":"2024-11-03T23:40:52","modified_gmt":"2024-11-04T02:40:52","slug":"dispenser-multiplo-para-papel-higienico-rolao-300500m-ou-papel-toalha-interfolha-branco","status":"publish","type":"product","link":"https:\/\/www.kimarca.com.br\/site\/produto\/dispenser-multiplo-para-papel-higienico-rolao-300500m-ou-papel-toalha-interfolha-branco\/","title":{"rendered":"Dispenser m\u00faltiplo para papel higi\u00eanico rol\u00e3o (300\/500m) ou papel toalha interfolha &#8211; Branco"},"content":{"rendered":"<p>A linha de<strong>\u00a0Dispensers Urban Premisse<\/strong>\u00a0apresentam os modelos mais modernos e revolucion\u00e1rios do mercado. Inspirados nas grandes cidades, seu design deixa o ambiente agrad\u00e1vel e sofisticado.\u00a0Os produtos apresentam formas arredondas em muito bem desenhadas. A linha Urban possui um sistema inteligente de abertura que permite ao usu\u00e1rio o acesso f\u00e1cil e r\u00e1pido para reposi\u00e7\u00e3o, possibilita o uso de chaves, mantendo seguran\u00e7a e discri\u00e7\u00e3o. O primeiro aparelho Flex, que pode ser utilizado tanto como Toalheiro (folhas 2 ou tr\u00eas dobras) ou como Porta Papel Higi\u00eanico, a partir da f\u00e1cil modifica\u00e7\u00e3o de algumas pe\u00e7as internas.<\/p>\n<p>Branco C\u00f3d.: C19281<\/p>\n<p>Caixa com 6 unidades<\/p>\n","protected":false},"excerpt":{"rendered":"<p>A linha de\u00a0Dispensers Urban Premisse\u00a0apresentam os modelos mais modernos e revolucion\u00e1rios do mercado. Inspirados nas [&hellip;]<\/p>\n","protected":false},"featured_media":2974,"comment_status":"closed","ping_status":"closed","template":"","meta":[],"product_brand":[],"product_cat":[276,215],"product_tag":[],"class_list":{"0":"post-2973","1":"product","2":"type-product","3":"status-publish","4":"has-post-thumbnail","6":"product_cat-dispenser-de-papeis","7":"product_cat-dispensers","9":"first","10":"instock","11":"shipping-taxable","12":"product-type-simple"},"_links":{"self":[{"href":"https:\/\/www.kimarca.com.br\/site\/wp-json\/wp\/v2\/product\/2973","targetHints":{"allow":["GET"]}}],"collection":[{"href":"https:\/\/www.kimarca.com.br\/site\/wp-json\/wp\/v2\/product"}],"about":[{"href":"https:\/\/www.kimarca.com.br\/site\/wp-json\/wp\/v2\/types\/product"}],"replies":[{"embeddable":true,"href":"https:\/\/www.kimarca.com.br\/site\/wp-json\/wp\/v2\/comments?post=2973"}],"wp:featuredmedia":[{"embeddable":true,"href":"https:\/\/www.kimarca.com.br\/site\/wp-json\/wp\/v2\/media\/2974"}],"wp:attachment":[{"href":"https:\/\/www.kimarca.com.br\/site\/wp-json\/wp\/v2\/media?parent=2973"}],"wp:term":[{"taxonomy":"product_brand","embeddable":true,"href":"https:\/\/www.kimarca.com.br\/site\/wp-json\/wp\/v2\/product_brand?post=2973"},{"taxonomy":"product_cat","embeddable":true,"href":"https:\/\/www.kimarca.com.br\/site\/wp-json\/wp\/v2\/product_cat?post=2973"},{"taxonomy":"product_tag","embeddable":true,"href":"https:\/\/www.kimarca.com.br\/site\/wp-json\/wp\/v2\/product_tag?post=2973"}],"curies":[{"name":"wp","href":"https:\/\/api.w.org\/{rel}","templated":true}]}}