{"id":2971,"date":"2017-08-24T18:17:26","date_gmt":"2017-08-24T21:17:26","guid":{"rendered":"https:\/\/www.kimarca.com.br\/site\/?post_type=product&#038;p=2971"},"modified":"2024-11-03T23:40:52","modified_gmt":"2024-11-04T02:40:52","slug":"vanilla-e-especiarias","status":"publish","type":"product","link":"https:\/\/www.kimarca.com.br\/site\/produto\/vanilla-e-especiarias\/","title":{"rendered":"Vanilla e Especiarias"},"content":{"rendered":"<p>O\u00a0<strong>Acqua Perfumante Premisse Vanilla e Especiarias\u00a0<\/strong>foi desenvolvido para deixar um aroma agrad\u00e1vel em sua casa. Elaborado com fragr\u00e2ncias ricas em \u00f3leos naturais. Formula\u00e7\u00e3o \u00e0 base de \u00e1gua com efeito de longa dura\u00e7\u00e3o gra\u00e7as a tecnologia de encapsula\u00e7\u00e3o Premisse que libera gradualmente a fragr\u00e2ncia no ambiente da sua casa, perfumando por muito tempo. Pode ser usado em tecidos como roupas, carpetes e sof\u00e1s.<\/p>\n","protected":false},"excerpt":{"rendered":"<p>O\u00a0Acqua Perfumante Premisse Vanilla e Especiarias\u00a0foi desenvolvido para deixar um aroma agrad\u00e1vel em sua casa. [&hellip;]<\/p>\n","protected":false},"featured_media":2972,"comment_status":"closed","ping_status":"closed","template":"","meta":[],"product_brand":[],"product_cat":[291,209],"product_tag":[],"class_list":{"0":"post-2971","1":"product","2":"type-product","3":"status-publish","4":"has-post-thumbnail","6":"product_cat-aromatizante","7":"product_cat-quimicos","9":"first","10":"instock","11":"shipping-taxable","12":"product-type-simple"},"_links":{"self":[{"href":"https:\/\/www.kimarca.com.br\/site\/wp-json\/wp\/v2\/product\/2971","targetHints":{"allow":["GET"]}}],"collection":[{"href":"https:\/\/www.kimarca.com.br\/site\/wp-json\/wp\/v2\/product"}],"about":[{"href":"https:\/\/www.kimarca.com.br\/site\/wp-json\/wp\/v2\/types\/product"}],"replies":[{"embeddable":true,"href":"https:\/\/www.kimarca.com.br\/site\/wp-json\/wp\/v2\/comments?post=2971"}],"wp:featuredmedia":[{"embeddable":true,"href":"https:\/\/www.kimarca.com.br\/site\/wp-json\/wp\/v2\/media\/2972"}],"wp:attachment":[{"href":"https:\/\/www.kimarca.com.br\/site\/wp-json\/wp\/v2\/media?parent=2971"}],"wp:term":[{"taxonomy":"product_brand","embeddable":true,"href":"https:\/\/www.kimarca.com.br\/site\/wp-json\/wp\/v2\/product_brand?post=2971"},{"taxonomy":"product_cat","embeddable":true,"href":"https:\/\/www.kimarca.com.br\/site\/wp-json\/wp\/v2\/product_cat?post=2971"},{"taxonomy":"product_tag","embeddable":true,"href":"https:\/\/www.kimarca.com.br\/site\/wp-json\/wp\/v2\/product_tag?post=2971"}],"curies":[{"name":"wp","href":"https:\/\/api.w.org\/{rel}","templated":true}]}}