{"id":2965,"date":"2017-08-24T18:14:02","date_gmt":"2017-08-24T21:14:02","guid":{"rendered":"https:\/\/www.kimarca.com.br\/site\/?post_type=product&#038;p=2965"},"modified":"2024-11-03T23:40:52","modified_gmt":"2024-11-04T02:40:52","slug":"air-clean","status":"publish","type":"product","link":"https:\/\/www.kimarca.com.br\/site\/produto\/air-clean\/","title":{"rendered":"Air Clean"},"content":{"rendered":"<p>O\u00a0<strong>Aromatizante Ambiental Premisse Air Clean\u00a0<\/strong>ameniza odores ambientais, deixando um agrad\u00e1vel aroma de limpeza em sua casa, banheiro, escrit\u00f3rio, cozinha ou em qualquer lugar que seja aplicado. Elaborado com fragr\u00e2ncias ricas em \u00f3leos naturais, perfumando por muito tempo! Formula\u00e7\u00e3o \u00e0 base de \u00e1gua, perfuma naturalmente.<\/p>\n","protected":false},"excerpt":{"rendered":"<p>O\u00a0Aromatizante Ambiental Premisse Air Clean\u00a0ameniza odores ambientais, deixando um agrad\u00e1vel aroma de limpeza em sua [&hellip;]<\/p>\n","protected":false},"featured_media":2966,"comment_status":"closed","ping_status":"closed","template":"","meta":[],"product_brand":[],"product_cat":[291,300,209],"product_tag":[],"class_list":{"0":"post-2965","1":"product","2":"type-product","3":"status-publish","4":"has-post-thumbnail","6":"product_cat-aromatizante","7":"product_cat-linha-profissional-de-quimicos","8":"product_cat-quimicos","10":"first","11":"instock","12":"shipping-taxable","13":"product-type-simple"},"_links":{"self":[{"href":"https:\/\/www.kimarca.com.br\/site\/wp-json\/wp\/v2\/product\/2965","targetHints":{"allow":["GET"]}}],"collection":[{"href":"https:\/\/www.kimarca.com.br\/site\/wp-json\/wp\/v2\/product"}],"about":[{"href":"https:\/\/www.kimarca.com.br\/site\/wp-json\/wp\/v2\/types\/product"}],"replies":[{"embeddable":true,"href":"https:\/\/www.kimarca.com.br\/site\/wp-json\/wp\/v2\/comments?post=2965"}],"wp:featuredmedia":[{"embeddable":true,"href":"https:\/\/www.kimarca.com.br\/site\/wp-json\/wp\/v2\/media\/2966"}],"wp:attachment":[{"href":"https:\/\/www.kimarca.com.br\/site\/wp-json\/wp\/v2\/media?parent=2965"}],"wp:term":[{"taxonomy":"product_brand","embeddable":true,"href":"https:\/\/www.kimarca.com.br\/site\/wp-json\/wp\/v2\/product_brand?post=2965"},{"taxonomy":"product_cat","embeddable":true,"href":"https:\/\/www.kimarca.com.br\/site\/wp-json\/wp\/v2\/product_cat?post=2965"},{"taxonomy":"product_tag","embeddable":true,"href":"https:\/\/www.kimarca.com.br\/site\/wp-json\/wp\/v2\/product_tag?post=2965"}],"curies":[{"name":"wp","href":"https:\/\/api.w.org\/{rel}","templated":true}]}}