{"id":2961,"date":"2017-08-24T18:10:54","date_gmt":"2017-08-24T21:10:54","guid":{"rendered":"https:\/\/www.kimarca.com.br\/site\/?post_type=product&#038;p=2961"},"modified":"2024-11-03T23:40:52","modified_gmt":"2024-11-04T02:40:52","slug":"sabonete-antisseptico-triclosan-05","status":"publish","type":"product","link":"https:\/\/www.kimarca.com.br\/site\/produto\/sabonete-antisseptico-triclosan-05\/","title":{"rendered":"Sabonete Antiss\u00e9ptico Triclosan 0,5%"},"content":{"rendered":"<div class=\"field field-name-body field-type-text-with-summary field-label-hidden\">\n<div class=\"field-items\">\n<div class=\"field-item even\">\n<p>Para uma pele saud\u00e1vel e protegida com umectantes para o corpo todo. Sua f\u00f3rmula cuidadosamente balanceada ajuda a eliminar germes e bact\u00e9rias. Produz uma espuma cremosa, proporcionando uma pele sedosa, macia e delicadamente protegida. Destinado para ser utilizado por profissionais da sa\u00fade (exceto \u00e1reas cr\u00edticas), na manipula\u00e7\u00e3o de alimentos, m\u00e3es no trato de seus beb\u00eas ou onde houver a necessidade de higieniza\u00e7\u00e3o das m\u00e3os. Efic\u00e1cia comprovada em testes laboratoriais, elimina 99,99% das bact\u00e9rias.<\/p>\n<\/div>\n<\/div>\n<\/div>\n<div class=\"field-collection-container clearfix\"><\/div>\n","protected":false},"excerpt":{"rendered":"<p>Para uma pele saud\u00e1vel e protegida com umectantes para o corpo todo. Sua f\u00f3rmula cuidadosamente [&hellip;]<\/p>\n","protected":false},"featured_media":2962,"comment_status":"closed","ping_status":"closed","template":"","meta":[],"product_brand":[],"product_cat":[289,300,209,245,302],"product_tag":[],"class_list":{"0":"post-2961","1":"product","2":"type-product","3":"status-publish","4":"has-post-thumbnail","6":"product_cat-antisseptico","7":"product_cat-linha-profissional-de-quimicos","8":"product_cat-quimicos","9":"product_cat-sabonete","10":"product_cat-sabonete-liquido","12":"first","13":"instock","14":"shipping-taxable","15":"product-type-simple"},"_links":{"self":[{"href":"https:\/\/www.kimarca.com.br\/site\/wp-json\/wp\/v2\/product\/2961","targetHints":{"allow":["GET"]}}],"collection":[{"href":"https:\/\/www.kimarca.com.br\/site\/wp-json\/wp\/v2\/product"}],"about":[{"href":"https:\/\/www.kimarca.com.br\/site\/wp-json\/wp\/v2\/types\/product"}],"replies":[{"embeddable":true,"href":"https:\/\/www.kimarca.com.br\/site\/wp-json\/wp\/v2\/comments?post=2961"}],"wp:featuredmedia":[{"embeddable":true,"href":"https:\/\/www.kimarca.com.br\/site\/wp-json\/wp\/v2\/media\/2962"}],"wp:attachment":[{"href":"https:\/\/www.kimarca.com.br\/site\/wp-json\/wp\/v2\/media?parent=2961"}],"wp:term":[{"taxonomy":"product_brand","embeddable":true,"href":"https:\/\/www.kimarca.com.br\/site\/wp-json\/wp\/v2\/product_brand?post=2961"},{"taxonomy":"product_cat","embeddable":true,"href":"https:\/\/www.kimarca.com.br\/site\/wp-json\/wp\/v2\/product_cat?post=2961"},{"taxonomy":"product_tag","embeddable":true,"href":"https:\/\/www.kimarca.com.br\/site\/wp-json\/wp\/v2\/product_tag?post=2961"}],"curies":[{"name":"wp","href":"https:\/\/api.w.org\/{rel}","templated":true}]}}