{"id":2957,"date":"2017-08-18T11:14:12","date_gmt":"2017-08-18T14:14:12","guid":{"rendered":"https:\/\/www.kimarca.com.br\/site\/?post_type=product&#038;p=2957"},"modified":"2024-11-03T23:40:52","modified_gmt":"2024-11-04T02:40:52","slug":"kits-cestos-23-litros","status":"publish","type":"product","link":"https:\/\/www.kimarca.com.br\/site\/produto\/kits-cestos-23-litros\/","title":{"rendered":"KITS CESTOS 23 LITROS"},"content":{"rendered":"<div class=\"vc_tta-container\" data-vc-action=\"collapse\">\n<div class=\"vc_general vc_tta vc_tta-tabs vc_tta-o-shape-group vc_tta-tabs-position-top \">\n<div class=\"vc_tta-panels-container\">\n<div class=\"vc_tta-panels\">\n<div id=\"1479385138290-091f852d-8387\" class=\"vc_tta-panel vc_active\" data-vc-content=\".vc_tta-panel-body\">\n<div class=\"vc_tta-panel-body\">\n<div class=\"wpb_text_column wpb_content_element \">\n<div class=\"wpb_wrapper\">\n<p><strong>Indicado para ambientes de pequeno\/m\u00e9dio portes como escrit\u00f3rios, cl\u00ednicas, escolas, lanchonetes, etc.<br \/>\nConferem modernidade aos ambientes e s\u00e3o extremamente resistentes. O aro, que pode ser aplicado aos cestos, fixam o saco para res\u00edduos facilitando sua retirada quando cheio. J\u00e1 as tampas previnem a dispers\u00e3o de odores, bem como a entrada de insetos.<\/strong><\/p>\n<p><strong>Kit composto pelos seguintes itens:<\/strong><br \/>\n04 Unidades \u2013 Cestos 23 Litros ( 4\u00a0cores com s\u00edmbolos)<br \/>\n01 Unidade \u2013 Estrutura Met\u00e1lica Desmont\u00e1vel<\/p>\n<\/div>\n<\/div>\n<\/div>\n<\/div>\n<\/div>\n<\/div>\n<\/div>\n<\/div>\n<div class=\"vc_tta-container\" data-vc-action=\"collapse\">\n<div class=\"vc_general vc_tta vc_tta-tabs vc_tta-o-shape-group vc_tta-tabs-position-top \">\n<div class=\"vc_tta-panels-container\">\n<div class=\"vc_tta-panels\">\n<div id=\"1479385138341-2c51f524-f208\" class=\"vc_tta-panel vc_active\" data-vc-content=\".vc_tta-panel-body\">\n<div class=\"vc_tta-panel-body\">\n<div class=\"wpb_text_column wpb_content_element \">\n<div class=\"wpb_wrapper\">\n<table width=\"536\">\n<tbody>\n<tr>\n<td width=\"56\"><\/td>\n<td width=\"59\"><\/td>\n<td width=\"53\"><\/td>\n<td colspan=\"2\" width=\"128\">Peso (kg)<\/td>\n<\/tr>\n<tr>\n<td width=\"72\">C\u00f3digo<\/td>\n<td width=\"168\">Descri\u00e7\u00e3o<\/td>\n<td width=\"56\">Comp<\/td>\n<td width=\"59\">Largura<\/td>\n<td width=\"53\">Altura<\/td>\n<td width=\"65\">Com Caixa<\/td>\n<td width=\"63\">Sem Caixa<\/td>\n<\/tr>\n<tr>\n<td width=\"72\">KTLX23TB<\/td>\n<td width=\"168\">Kit com Tampa Basculante<\/td>\n<td width=\"56\">111 cm<\/td>\n<td width=\"59\">33 cm<\/td>\n<td width=\"53\">100\u00a0cm<\/td>\n<td width=\"65\">10<\/td>\n<td width=\"63\">9<\/td>\n<\/tr>\n<tr>\n<td width=\"72\">KTLX23ML<\/td>\n<td width=\"168\">Kit com Tampa Meia Lua<\/td>\n<td width=\"56\">111 cm<\/td>\n<td width=\"59\">33 cm<\/td>\n<td width=\"53\">91\u00a0cm<\/td>\n<td width=\"65\">10<\/td>\n<td width=\"63\">9<\/td>\n<\/tr>\n<tr>\n<td width=\"72\">KTLX23AR<\/td>\n<td width=\"168\">Kit com Aro<\/td>\n<td width=\"56\">111 cm<\/td>\n<td width=\"59\">33 cm<\/td>\n<td width=\"53\">91\u00a0cm<\/td>\n<td width=\"65\">9,5<\/td>\n<td width=\"63\">8,5<\/td>\n<\/tr>\n<tr>\n<td width=\"72\"><\/td>\n<td width=\"168\"><\/td>\n<td width=\"56\">.<\/td>\n<td width=\"59\"><\/td>\n<td width=\"53\"><\/td>\n<td width=\"65\"><\/td>\n<td width=\"63\"><\/td>\n<\/tr>\n<tr>\n<td width=\"72\"><\/td>\n<td width=\"168\"><\/td>\n<td colspan=\"3\" width=\"168\">Embalagem<\/td>\n<td width=\"65\"><\/td>\n<td width=\"63\"><\/td>\n<\/tr>\n<tr>\n<td width=\"72\"><\/td>\n<\/tr>\n<\/tbody>\n<\/table>\n<\/div>\n<\/div>\n<\/div>\n<\/div>\n<\/div>\n<\/div>\n<\/div>\n<\/div>\n<p>&nbsp;<\/p>\n","protected":false},"excerpt":{"rendered":"<p>Indicado para ambientes de pequeno\/m\u00e9dio portes como escrit\u00f3rios, cl\u00ednicas, escolas, lanchonetes, etc. Conferem modernidade aos [&hellip;]<\/p>\n","protected":false},"featured_media":2958,"comment_status":"closed","ping_status":"closed","template":"","meta":[],"product_brand":[],"product_cat":[249],"product_tag":[],"class_list":{"0":"post-2957","1":"product","2":"type-product","3":"status-publish","4":"has-post-thumbnail","6":"product_cat-coletores","8":"first","9":"instock","10":"shipping-taxable","11":"product-type-simple"},"_links":{"self":[{"href":"https:\/\/www.kimarca.com.br\/site\/wp-json\/wp\/v2\/product\/2957","targetHints":{"allow":["GET"]}}],"collection":[{"href":"https:\/\/www.kimarca.com.br\/site\/wp-json\/wp\/v2\/product"}],"about":[{"href":"https:\/\/www.kimarca.com.br\/site\/wp-json\/wp\/v2\/types\/product"}],"replies":[{"embeddable":true,"href":"https:\/\/www.kimarca.com.br\/site\/wp-json\/wp\/v2\/comments?post=2957"}],"wp:featuredmedia":[{"embeddable":true,"href":"https:\/\/www.kimarca.com.br\/site\/wp-json\/wp\/v2\/media\/2958"}],"wp:attachment":[{"href":"https:\/\/www.kimarca.com.br\/site\/wp-json\/wp\/v2\/media?parent=2957"}],"wp:term":[{"taxonomy":"product_brand","embeddable":true,"href":"https:\/\/www.kimarca.com.br\/site\/wp-json\/wp\/v2\/product_brand?post=2957"},{"taxonomy":"product_cat","embeddable":true,"href":"https:\/\/www.kimarca.com.br\/site\/wp-json\/wp\/v2\/product_cat?post=2957"},{"taxonomy":"product_tag","embeddable":true,"href":"https:\/\/www.kimarca.com.br\/site\/wp-json\/wp\/v2\/product_tag?post=2957"}],"curies":[{"name":"wp","href":"https:\/\/api.w.org\/{rel}","templated":true}]}}