{"id":2951,"date":"2017-08-18T11:10:35","date_gmt":"2017-08-18T14:10:35","guid":{"rendered":"https:\/\/www.kimarca.com.br\/site\/?post_type=product&#038;p=2951"},"modified":"2024-11-03T23:40:52","modified_gmt":"2024-11-04T02:40:52","slug":"kits-coletores-50-litros","status":"publish","type":"product","link":"https:\/\/www.kimarca.com.br\/site\/produto\/kits-coletores-50-litros\/","title":{"rendered":"KITS COLETORES 50 LITROS"},"content":{"rendered":"<div class=\"vc_tta-container\" data-vc-action=\"collapse\">\n<div class=\"vc_general vc_tta vc_tta-tabs vc_tta-o-shape-group vc_tta-tabs-position-top \">\n<div class=\"vc_tta-panels-container\">\n<div class=\"vc_tta-panels\">\n<div id=\"1479395448591-21423a9f-0ba2\" class=\"vc_tta-panel vc_active\" data-vc-content=\".vc_tta-panel-body\">\n<div class=\"vc_tta-panel-body\">\n<div class=\"wpb_text_column wpb_content_element \">\n<div class=\"wpb_wrapper\">\n<p><strong>Destinados \u00e0 coleta seletiva ou separa\u00e7\u00e3o de res\u00edduos diversos em locais internos ou externos. Produzidos em polipropileno de alta resist\u00eancia e fixados em estrutura met\u00e1lica, oferecem excelente durabilidade e facilidade para a descarga do material coletado. As estruturas permitem a montagem de conjuntos personalizados de acordo com a necessidade exata de cada usu\u00e1rio.<\/strong><\/p>\n<p><strong>O Kit \u00e9 composto pelos seguintes itens:<\/strong><br \/>\n04 Unidades \u2013 Lixeiras 50 Litros (4 cores) com Suporte<br \/>\n01 Unidade \u2013 Trave Met\u00e1lica \/ Parafusos de Fixa\u00e7\u00e3o<\/p>\n<\/div>\n<\/div>\n<\/div>\n<\/div>\n<\/div>\n<\/div>\n<\/div>\n<\/div>\n<div class=\"vc_tta-container\" data-vc-action=\"collapse\">\n<div class=\"vc_general vc_tta vc_tta-tabs vc_tta-o-shape-group vc_tta-tabs-position-top \">\n<div class=\"vc_tta-panels-container\">\n<div class=\"vc_tta-panels\">\n<div id=\"1479395448640-f4751948-c03d\" class=\"vc_tta-panel vc_active\" data-vc-content=\".vc_tta-panel-body\">\n<div class=\"vc_tta-panel-body\">\n<div class=\"wpb_text_column wpb_content_element \">\n<div class=\"wpb_wrapper\">\n<table width=\"565\">\n<tbody>\n<tr>\n<td width=\"72\"><\/td>\n<td width=\"197\"><\/td>\n<td width=\"56\"><\/td>\n<td width=\"59\"><\/td>\n<td width=\"53\"><\/td>\n<td colspan=\"2\" width=\"128\">Peso (kg)<\/td>\n<\/tr>\n<tr>\n<td width=\"72\">C\u00f3digo<\/td>\n<td width=\"197\">Descri\u00e7\u00e3o<\/td>\n<td width=\"56\">Comp<\/td>\n<td width=\"59\">Largura<\/td>\n<td width=\"53\">Altura<\/td>\n<td width=\"65\">Com Caixa<\/td>\n<td width=\"63\">Sem Caixa<\/td>\n<\/tr>\n<tr>\n<td width=\"72\">KTLX50FR<\/td>\n<td width=\"197\">Kit com Suporte em Metal<\/td>\n<td width=\"56\">184 cm<\/td>\n<td width=\"59\">37 cm<\/td>\n<td width=\"53\">114 cm<\/td>\n<td width=\"65\">24<\/td>\n<td width=\"63\">22<\/td>\n<\/tr>\n<tr>\n<td width=\"72\">KTLX50PL<\/td>\n<td width=\"197\">Kit com Suporte em Pl\u00e1stico<\/td>\n<td width=\"56\">184 cm<\/td>\n<td width=\"59\">37 cm<\/td>\n<td width=\"53\">114 cm<\/td>\n<td width=\"65\">22<\/td>\n<td width=\"63\">20<\/td>\n<\/tr>\n<tr>\n<td width=\"72\"><\/td>\n<td width=\"197\"><\/td>\n<td width=\"56\">.<\/td>\n<td width=\"59\"><\/td>\n<td width=\"53\"><\/td>\n<td width=\"65\"><\/td>\n<td width=\"63\"><\/td>\n<\/tr>\n<tr>\n<td width=\"72\"><\/td>\n<td width=\"197\"><\/td>\n<td colspan=\"3\" width=\"168\">Embalagem<\/td>\n<td width=\"65\"><\/td>\n<td width=\"63\"><\/td>\n<\/tr>\n<tr>\n<td width=\"72\"><\/td>\n<td width=\"197\"><\/td>\n<td width=\"56\">48 cm<\/td>\n<td width=\"59\">32 cm<\/td>\n<td width=\"53\">180 cm<\/td>\n<td width=\"65\"><\/td>\n<\/tr>\n<\/tbody>\n<\/table>\n<\/div>\n<\/div>\n<\/div>\n<\/div>\n<\/div>\n<\/div>\n<\/div>\n<\/div>\n<p>&nbsp;<\/p>\n","protected":false},"excerpt":{"rendered":"<p>Destinados \u00e0 coleta seletiva ou separa\u00e7\u00e3o de res\u00edduos diversos em locais internos ou externos. Produzidos [&hellip;]<\/p>\n","protected":false},"featured_media":2952,"comment_status":"closed","ping_status":"closed","template":"","meta":[],"product_brand":[],"product_cat":[249],"product_tag":[],"class_list":{"0":"post-2951","1":"product","2":"type-product","3":"status-publish","4":"has-post-thumbnail","6":"product_cat-coletores","8":"first","9":"instock","10":"shipping-taxable","11":"product-type-simple"},"_links":{"self":[{"href":"https:\/\/www.kimarca.com.br\/site\/wp-json\/wp\/v2\/product\/2951","targetHints":{"allow":["GET"]}}],"collection":[{"href":"https:\/\/www.kimarca.com.br\/site\/wp-json\/wp\/v2\/product"}],"about":[{"href":"https:\/\/www.kimarca.com.br\/site\/wp-json\/wp\/v2\/types\/product"}],"replies":[{"embeddable":true,"href":"https:\/\/www.kimarca.com.br\/site\/wp-json\/wp\/v2\/comments?post=2951"}],"wp:featuredmedia":[{"embeddable":true,"href":"https:\/\/www.kimarca.com.br\/site\/wp-json\/wp\/v2\/media\/2952"}],"wp:attachment":[{"href":"https:\/\/www.kimarca.com.br\/site\/wp-json\/wp\/v2\/media?parent=2951"}],"wp:term":[{"taxonomy":"product_brand","embeddable":true,"href":"https:\/\/www.kimarca.com.br\/site\/wp-json\/wp\/v2\/product_brand?post=2951"},{"taxonomy":"product_cat","embeddable":true,"href":"https:\/\/www.kimarca.com.br\/site\/wp-json\/wp\/v2\/product_cat?post=2951"},{"taxonomy":"product_tag","embeddable":true,"href":"https:\/\/www.kimarca.com.br\/site\/wp-json\/wp\/v2\/product_tag?post=2951"}],"curies":[{"name":"wp","href":"https:\/\/api.w.org\/{rel}","templated":true}]}}