{"id":2943,"date":"2017-08-18T11:04:27","date_gmt":"2017-08-18T14:04:27","guid":{"rendered":"https:\/\/www.kimarca.com.br\/site\/?post_type=product&#038;p=2943"},"modified":"2024-11-03T23:40:52","modified_gmt":"2024-11-04T02:40:52","slug":"kit-n-1","status":"publish","type":"product","link":"https:\/\/www.kimarca.com.br\/site\/produto\/kit-n-1\/","title":{"rendered":"KIT N.\u00b0 1"},"content":{"rendered":"<p>Os Kits Completos Para Limpeza da Bralimpia representam um conjunto de solu\u00e7\u00f5es para limpeza \u00famida e seca de superf\u00edcies em geral, como pisos, paredes, m\u00f3veis e equipamentos, etc.<br \/>\nOtimizam a produtividade e promovem a limpeza eficaz com economia de tempo e de \u00e1gua, al\u00e9m do uso racional de produtos qu\u00edmicos.<\/p>\n<p><strong>Kit composto pelos seguintes itens:<\/strong><\/p>\n<ul>\n<li>Balde Dobl\u00f4 30 litros \u2013 2 \u00e1guas<\/li>\n<li>NOVO Cabo Telesc\u00f3pico 1,40 m<\/li>\n<li>Haste Americana Refil Loop com cinta 320g<\/li>\n<li>Placa Sinalizadora Piso Molhado<\/li>\n<\/ul>\n<table border=\"0\" width=\"548\" cellspacing=\"0\" cellpadding=\"0\">\n<tbody>\n<tr>\n<td height=\"20\">.<\/td>\n<\/tr>\n<tr>\n<td height=\"20\">Descri\u00e7\u00e3o<\/td>\n<td>Comp.<\/td>\n<td>Largura<\/td>\n<td>Altura<\/td>\n<td>Embalagem<\/td>\n<td>Peso<\/td>\n<\/tr>\n<tr>\n<td height=\"20\">Desmontado<\/td>\n<td>\u00a0 77 cm<\/td>\n<td>\u00a038,5 cm<\/td>\n<td>\u00a037,5 cm<\/td>\n<td>\u00a0 Caixa<\/td>\n<td>7,85 Kg<\/td>\n<\/tr>\n<\/tbody>\n<\/table>\n<table border=\"0\" width=\"548\" cellspacing=\"0\" cellpadding=\"0\">\n<tbody>\n<tr>\n<td width=\"103\" height=\"20\">COR DO KIT<\/td>\n<td width=\"89\">C\u00d3DIGO<\/td>\n<\/tr>\n<tr>\n<td height=\"20\">Amarelo<\/td>\n<td>NYKT01<\/td>\n<\/tr>\n<tr>\n<td height=\"20\">Azul<\/td>\n<td>NY01AZ<\/td>\n<\/tr>\n<tr>\n<td height=\"20\">Verde<\/td>\n<td>NY01VD<\/td>\n<\/tr>\n<tr>\n<td height=\"20\">Vermelho<\/td>\n<td>NY01VM<\/td>\n<\/tr>\n<\/tbody>\n<\/table>\n","protected":false},"excerpt":{"rendered":"<p>Os Kits Completos Para Limpeza da Bralimpia representam um conjunto de solu\u00e7\u00f5es para limpeza \u00famida [&hellip;]<\/p>\n","protected":false},"featured_media":2944,"comment_status":"closed","ping_status":"closed","template":"","meta":[],"product_brand":[],"product_cat":[256,250,270,286,255,251],"product_tag":[],"class_list":{"0":"post-2943","1":"product","2":"type-product","3":"status-publish","4":"has-post-thumbnail","6":"product_cat-baldes","7":"product_cat-cabos","8":"product_cat-conjuntos-completos","9":"product_cat-hastes","10":"product_cat-pas-e-vassouras","11":"product_cat-placas-sinalizadoras","13":"first","14":"instock","15":"shipping-taxable","16":"product-type-simple"},"_links":{"self":[{"href":"https:\/\/www.kimarca.com.br\/site\/wp-json\/wp\/v2\/product\/2943","targetHints":{"allow":["GET"]}}],"collection":[{"href":"https:\/\/www.kimarca.com.br\/site\/wp-json\/wp\/v2\/product"}],"about":[{"href":"https:\/\/www.kimarca.com.br\/site\/wp-json\/wp\/v2\/types\/product"}],"replies":[{"embeddable":true,"href":"https:\/\/www.kimarca.com.br\/site\/wp-json\/wp\/v2\/comments?post=2943"}],"wp:featuredmedia":[{"embeddable":true,"href":"https:\/\/www.kimarca.com.br\/site\/wp-json\/wp\/v2\/media\/2944"}],"wp:attachment":[{"href":"https:\/\/www.kimarca.com.br\/site\/wp-json\/wp\/v2\/media?parent=2943"}],"wp:term":[{"taxonomy":"product_brand","embeddable":true,"href":"https:\/\/www.kimarca.com.br\/site\/wp-json\/wp\/v2\/product_brand?post=2943"},{"taxonomy":"product_cat","embeddable":true,"href":"https:\/\/www.kimarca.com.br\/site\/wp-json\/wp\/v2\/product_cat?post=2943"},{"taxonomy":"product_tag","embeddable":true,"href":"https:\/\/www.kimarca.com.br\/site\/wp-json\/wp\/v2\/product_tag?post=2943"}],"curies":[{"name":"wp","href":"https:\/\/api.w.org\/{rel}","templated":true}]}}