{"id":2941,"date":"2017-08-18T11:01:39","date_gmt":"2017-08-18T14:01:39","guid":{"rendered":"https:\/\/www.kimarca.com.br\/site\/?post_type=product&#038;p=2941"},"modified":"2024-11-03T23:40:52","modified_gmt":"2024-11-04T02:40:52","slug":"escadas","status":"publish","type":"product","link":"https:\/\/www.kimarca.com.br\/site\/produto\/escadas\/","title":{"rendered":"Escadas"},"content":{"rendered":"<div class=\"vc_tta-container\" data-vc-action=\"collapse\">\n<div class=\"vc_general vc_tta vc_tta-tabs vc_tta-o-shape-group vc_tta-tabs-position-top \">\n<div class=\"vc_tta-panels-container\">\n<div class=\"vc_tta-panels\">\n<div id=\"1458228299806-0b58c500-4352\" class=\"vc_tta-panel vc_active\" data-vc-content=\".vc_tta-panel-body\">\n<div class=\"vc_tta-panel-body\">\n<div class=\"wpb_text_column wpb_content_element  vc_custom_1465243440714\">\n<div class=\"wpb_wrapper\">\n<p>Escadas fabricadas em Alum\u00ednio resistente, com refor\u00e7o estrutural e detalhes em pl\u00e1stico que aumentam sua durabilidade e vida \u00fatil.<br \/>\nS\u00e3o indicadas para tarefas de asseio e conserva\u00e7\u00e3o pois, proporcionam seguran\u00e7a e agilidade .<\/p>\n<p>Possuem p\u00e9s antiderrapantes, f\u00e1cil de serem transportadas e utilizadas pois, s\u00e3o leves de f\u00e1cil manipula\u00e7\u00e3o.<\/p>\n<p>S\u00e3o fornecidas em diversos tamanhos para atender \u00e0s mais diversas necessidades.<\/p>\n<\/div>\n<\/div>\n<\/div>\n<\/div>\n<\/div>\n<\/div>\n<\/div>\n<\/div>\n<div class=\"vc_tta-container\" data-vc-action=\"collapse\">\n<div class=\"vc_general vc_tta vc_tta-tabs vc_tta-o-shape-group vc_tta-tabs-position-top \">\n<div class=\"vc_tta-panels-container\">\n<div class=\"vc_tta-panels\">\n<div id=\"1458228299852-90634618-e399\" class=\"vc_tta-panel vc_active\" data-vc-content=\".vc_tta-panel-body\">\n<div class=\"vc_tta-panel-body\">\n<div class=\"wpb_text_column wpb_content_element \">\n<div class=\"wpb_wrapper\">\n<table width=\"256\">\n<tbody>\n<tr>\n<td width=\"64\">Degraus<\/td>\n<td width=\"64\">Altura<\/td>\n<td width=\"64\">Peso<\/td>\n<td width=\"64\">C\u00f3digo<\/td>\n<\/tr>\n<tr>\n<td>3<\/td>\n<td>110 cm<\/td>\n<td>2,475 kg<\/td>\n<td>ESAL03<\/td>\n<\/tr>\n<tr>\n<td>4<\/td>\n<td>132 cm<\/td>\n<td>3,000 kg<\/td>\n<td>ESAL04<\/td>\n<\/tr>\n<tr>\n<td>5<\/td>\n<td>144 cm<\/td>\n<td>3,400 kg<\/td>\n<td>ESAL05<\/td>\n<\/tr>\n<tr>\n<td>6<\/td>\n<td>167 cm<\/td>\n<td>4,100 kg<\/td>\n<td>ESAL06<\/td>\n<\/tr>\n<tr>\n<td>7<\/td>\n<td>193 cm<\/td>\n<td>4,650 kg<\/td>\n<td>ESAL07<\/td>\n<\/tr>\n<tr>\n<td>8<\/td>\n<td>218 cm<\/td>\n<td>5,475 kg<\/td>\n<td>ESAL08<\/td>\n<\/tr>\n<tr>\n<td>9<\/td>\n<td>243 cm<\/td>\n<td>5,600 kg<\/td>\n<td>ESAL09<\/td>\n<\/tr>\n<\/tbody>\n<\/table>\n<\/div>\n<\/div>\n<\/div>\n<\/div>\n<\/div>\n<\/div>\n<\/div>\n<\/div>\n<p>&nbsp;<\/p>\n","protected":false},"excerpt":{"rendered":"<p>Escadas fabricadas em Alum\u00ednio resistente, com refor\u00e7o estrutural e detalhes em pl\u00e1stico que aumentam sua [&hellip;]<\/p>\n","protected":false},"featured_media":2942,"comment_status":"closed","ping_status":"closed","template":"","meta":[],"product_brand":[],"product_cat":[263],"product_tag":[],"class_list":{"0":"post-2941","1":"product","2":"type-product","3":"status-publish","4":"has-post-thumbnail","6":"product_cat-escadas","8":"first","9":"instock","10":"shipping-taxable","11":"product-type-simple"},"_links":{"self":[{"href":"https:\/\/www.kimarca.com.br\/site\/wp-json\/wp\/v2\/product\/2941","targetHints":{"allow":["GET"]}}],"collection":[{"href":"https:\/\/www.kimarca.com.br\/site\/wp-json\/wp\/v2\/product"}],"about":[{"href":"https:\/\/www.kimarca.com.br\/site\/wp-json\/wp\/v2\/types\/product"}],"replies":[{"embeddable":true,"href":"https:\/\/www.kimarca.com.br\/site\/wp-json\/wp\/v2\/comments?post=2941"}],"wp:featuredmedia":[{"embeddable":true,"href":"https:\/\/www.kimarca.com.br\/site\/wp-json\/wp\/v2\/media\/2942"}],"wp:attachment":[{"href":"https:\/\/www.kimarca.com.br\/site\/wp-json\/wp\/v2\/media?parent=2941"}],"wp:term":[{"taxonomy":"product_brand","embeddable":true,"href":"https:\/\/www.kimarca.com.br\/site\/wp-json\/wp\/v2\/product_brand?post=2941"},{"taxonomy":"product_cat","embeddable":true,"href":"https:\/\/www.kimarca.com.br\/site\/wp-json\/wp\/v2\/product_cat?post=2941"},{"taxonomy":"product_tag","embeddable":true,"href":"https:\/\/www.kimarca.com.br\/site\/wp-json\/wp\/v2\/product_tag?post=2941"}],"curies":[{"name":"wp","href":"https:\/\/api.w.org\/{rel}","templated":true}]}}