{"id":2939,"date":"2017-08-18T11:00:45","date_gmt":"2017-08-18T14:00:45","guid":{"rendered":"https:\/\/www.kimarca.com.br\/site\/?post_type=product&#038;p=2939"},"modified":"2024-11-03T23:40:52","modified_gmt":"2024-11-04T02:40:52","slug":"telas-de-mictorios","status":"publish","type":"product","link":"https:\/\/www.kimarca.com.br\/site\/produto\/telas-de-mictorios\/","title":{"rendered":"Telas de Mict\u00f3rios"},"content":{"rendered":"<div class=\"vc_tta-container\" data-vc-action=\"collapse\">\n<div class=\"vc_general vc_tta vc_tta-tabs vc_tta-o-shape-group vc_tta-tabs-position-top \">\n<div class=\"vc_tta-panels-container\">\n<div class=\"vc_tta-panels\">\n<div id=\"1458228299806-0b58c500-4352\" class=\"vc_tta-panel vc_active\" data-vc-content=\".vc_tta-panel-body\">\n<div class=\"vc_tta-panel-body\">\n<div class=\"wpb_text_column wpb_content_element  vc_custom_1471896315530\">\n<div class=\"wpb_wrapper\">\n<p><strong>S\u00e3o Produzidas em 5 cores em formato de bola de futebol,e fazem parte de uma S\u00c9RIE\u00a0ESPECIAL.<\/strong><\/p>\n<p>Confeccionadas em PVC injetado, seu formato permite o \u00a0perfeito encaixe na base do mict\u00f3rio e seu sistema de furos com antirespingo evita a deposi\u00e7\u00e3o de detritos no encanamento evitando entupimentos indesej\u00e1veis.<\/p>\n<p>Dispon\u00edveis em diversas cores \u00e9 de f\u00e1cil remo\u00e7\u00e3o pois s\u00e3o embaladas, individualmente, em luvas pl\u00e1sticas.<\/p>\n<\/div>\n<\/div>\n<\/div>\n<\/div>\n<\/div>\n<\/div>\n<\/div>\n<\/div>\n<div class=\"vc_tta-container\" data-vc-action=\"collapse\">\n<div class=\"vc_general vc_tta vc_tta-tabs vc_tta-o-shape-group vc_tta-tabs-position-top \">\n<div class=\"vc_tta-panels-container\">\n<div class=\"vc_tta-panels\">\n<div id=\"1458228299852-90634618-e399\" class=\"vc_tta-panel vc_active\" data-vc-content=\".vc_tta-panel-body\">\n<div class=\"vc_tta-panel-body\">\n<div class=\"wpb_text_column wpb_content_element \">\n<div class=\"wpb_wrapper\">\n<table width=\"300\">\n<tbody>\n<tr>\n<td width=\"81\">Azul<\/td>\n<td width=\"64\">B110AZ<\/td>\n<td width=\"91\"><\/td>\n<td width=\"64\"><\/td>\n<\/tr>\n<tr>\n<td>Amarela<\/td>\n<td>B110AM<\/td>\n<td><\/td>\n<td><\/td>\n<\/tr>\n<tr>\n<td>Branco<\/td>\n<td>B110BR<\/td>\n<td><\/td>\n<td><\/td>\n<\/tr>\n<tr>\n<td>Vermellha<\/td>\n<td>B110VM<\/td>\n<td><\/td>\n<td><\/td>\n<\/tr>\n<tr>\n<td>Verde<\/td>\n<td>B110VD<\/td>\n<td><\/td>\n<td><\/td>\n<\/tr>\n<tr>\n<td><\/td>\n<td><\/td>\n<td><\/td>\n<td><\/td>\n<\/tr>\n<tr>\n<td>Comp.<\/td>\n<td>Altura<\/td>\n<td>Peso<\/td>\n<td>EMBALAGEM<\/td>\n<\/tr>\n<tr>\n<td>20 cm<\/td>\n<td>20 cm<\/td>\n<td>0,040 Kg<\/td>\n<td>\u00a012 UN<\/td>\n<\/tr>\n<\/tbody>\n<\/table>\n<\/div>\n<\/div>\n<\/div>\n<\/div>\n<\/div>\n<\/div>\n<\/div>\n<\/div>\n<p>&nbsp;<\/p>\n","protected":false},"excerpt":{"rendered":"<p>S\u00e3o Produzidas em 5 cores em formato de bola de futebol,e fazem parte de uma [&hellip;]<\/p>\n","protected":false},"featured_media":2940,"comment_status":"closed","ping_status":"closed","template":"","meta":[],"product_brand":[],"product_cat":[261],"product_tag":[],"class_list":{"0":"post-2939","1":"product","2":"type-product","3":"status-publish","4":"has-post-thumbnail","6":"product_cat-telas-para-mictorios","8":"first","9":"instock","10":"shipping-taxable","11":"product-type-simple"},"_links":{"self":[{"href":"https:\/\/www.kimarca.com.br\/site\/wp-json\/wp\/v2\/product\/2939","targetHints":{"allow":["GET"]}}],"collection":[{"href":"https:\/\/www.kimarca.com.br\/site\/wp-json\/wp\/v2\/product"}],"about":[{"href":"https:\/\/www.kimarca.com.br\/site\/wp-json\/wp\/v2\/types\/product"}],"replies":[{"embeddable":true,"href":"https:\/\/www.kimarca.com.br\/site\/wp-json\/wp\/v2\/comments?post=2939"}],"wp:featuredmedia":[{"embeddable":true,"href":"https:\/\/www.kimarca.com.br\/site\/wp-json\/wp\/v2\/media\/2940"}],"wp:attachment":[{"href":"https:\/\/www.kimarca.com.br\/site\/wp-json\/wp\/v2\/media?parent=2939"}],"wp:term":[{"taxonomy":"product_brand","embeddable":true,"href":"https:\/\/www.kimarca.com.br\/site\/wp-json\/wp\/v2\/product_brand?post=2939"},{"taxonomy":"product_cat","embeddable":true,"href":"https:\/\/www.kimarca.com.br\/site\/wp-json\/wp\/v2\/product_cat?post=2939"},{"taxonomy":"product_tag","embeddable":true,"href":"https:\/\/www.kimarca.com.br\/site\/wp-json\/wp\/v2\/product_tag?post=2939"}],"curies":[{"name":"wp","href":"https:\/\/api.w.org\/{rel}","templated":true}]}}