{"id":2931,"date":"2017-08-18T10:55:12","date_gmt":"2017-08-18T13:55:12","guid":{"rendered":"https:\/\/www.kimarca.com.br\/site\/?post_type=product&#038;p=2931"},"modified":"2024-11-03T23:40:52","modified_gmt":"2024-11-04T02:40:52","slug":"saboneteira-alta-performance","status":"publish","type":"product","link":"https:\/\/www.kimarca.com.br\/site\/produto\/saboneteira-alta-performance\/","title":{"rendered":"Saboneteira Alta Performance"},"content":{"rendered":"<div class=\"vc_tta-container\" data-vc-action=\"collapse\">\n<div class=\"vc_general vc_tta vc_tta-tabs vc_tta-o-shape-group vc_tta-tabs-position-top \">\n<div class=\"vc_tta-panels-container\">\n<div class=\"vc_tta-panels\">\n<div id=\"1458228299806-0b58c500-4352\" class=\"vc_tta-panel vc_active\" data-vc-content=\".vc_tta-panel-body\">\n<div class=\"vc_tta-panel-body\">\n<div class=\"wpb_text_column wpb_content_element  vc_custom_1471542002981\">\n<div class=\"wpb_wrapper\">\n<p>Fabricada em acr\u00edlico \u00e9 extremamente dur\u00e1vel e resistente. Sofisticada e bonita, pode ser utilizada em ambientes diferenciados.<\/p>\n<p>O produto \u00e9 embalado em caixa individual \u00a0para evitar qualquer risco ou avaria ao produto.<\/p>\n<p>\u2022 Dosagem de at\u00e9 2 mL por acionamento<br \/>\n\u2022 Uso racional do sabonete<br \/>\n\u2022 Previne desperd\u00edcios<\/p>\n<h4>VEJA O QUADRO ABAIXO COM OS DIFERENCIAIS DESSE EQUIPAMENTO.<\/h4>\n<\/div>\n<\/div>\n<\/div>\n<\/div>\n<\/div>\n<\/div>\n<\/div>\n<\/div>\n<div class=\"vc_tta-container\" data-vc-action=\"collapse\">\n<div class=\"vc_general vc_tta vc_tta-tabs vc_tta-o-shape-group vc_tta-tabs-position-top \">\n<div class=\"vc_tta-panels-container\">\n<div class=\"vc_tta-panels\">\n<div id=\"1458228299852-90634618-e399\" class=\"vc_tta-panel vc_active\" data-vc-content=\".vc_tta-panel-body\">\n<div class=\"vc_tta-panel-body\">\n<div class=\"wpb_text_column wpb_content_element \">\n<div class=\"wpb_wrapper\">\n<table border=\"0\" width=\"548\" cellspacing=\"0\" cellpadding=\"0\">\n<tbody>\n<tr>\n<td height=\"20\">\u00a0<strong>C\u00d3DIGO<\/strong><\/td>\n<td>Comp.<\/td>\n<td>Largura<\/td>\n<td>Altura<\/td>\n<td>Peso<\/td>\n<td>EMBALAGEM<\/td>\n<\/tr>\n<tr>\n<td height=\"20\"><strong>SB2014<\/strong><\/td>\n<td>13 cm<\/td>\n<td>11 cm<\/td>\n<td>21,5 cm<\/td>\n<td>0,490 Kg<\/td>\n<td>01 UN<\/td>\n<\/tr>\n<\/tbody>\n<\/table>\n<\/div>\n<\/div>\n<\/div>\n<\/div>\n<\/div>\n<\/div>\n<\/div>\n<\/div>\n<p>&nbsp;<\/p>\n","protected":false},"excerpt":{"rendered":"<p>Fabricada em acr\u00edlico \u00e9 extremamente dur\u00e1vel e resistente. Sofisticada e bonita, pode ser utilizada em [&hellip;]<\/p>\n","protected":false},"featured_media":2932,"comment_status":"closed","ping_status":"closed","template":"","meta":[],"product_brand":[],"product_cat":[262],"product_tag":[],"class_list":{"0":"post-2931","1":"product","2":"type-product","3":"status-publish","4":"has-post-thumbnail","6":"product_cat-saboneteiras","8":"first","9":"instock","10":"shipping-taxable","11":"product-type-simple"},"_links":{"self":[{"href":"https:\/\/www.kimarca.com.br\/site\/wp-json\/wp\/v2\/product\/2931","targetHints":{"allow":["GET"]}}],"collection":[{"href":"https:\/\/www.kimarca.com.br\/site\/wp-json\/wp\/v2\/product"}],"about":[{"href":"https:\/\/www.kimarca.com.br\/site\/wp-json\/wp\/v2\/types\/product"}],"replies":[{"embeddable":true,"href":"https:\/\/www.kimarca.com.br\/site\/wp-json\/wp\/v2\/comments?post=2931"}],"wp:featuredmedia":[{"embeddable":true,"href":"https:\/\/www.kimarca.com.br\/site\/wp-json\/wp\/v2\/media\/2932"}],"wp:attachment":[{"href":"https:\/\/www.kimarca.com.br\/site\/wp-json\/wp\/v2\/media?parent=2931"}],"wp:term":[{"taxonomy":"product_brand","embeddable":true,"href":"https:\/\/www.kimarca.com.br\/site\/wp-json\/wp\/v2\/product_brand?post=2931"},{"taxonomy":"product_cat","embeddable":true,"href":"https:\/\/www.kimarca.com.br\/site\/wp-json\/wp\/v2\/product_cat?post=2931"},{"taxonomy":"product_tag","embeddable":true,"href":"https:\/\/www.kimarca.com.br\/site\/wp-json\/wp\/v2\/product_tag?post=2931"}],"curies":[{"name":"wp","href":"https:\/\/api.w.org\/{rel}","templated":true}]}}