{"id":2929,"date":"2017-08-18T10:54:26","date_gmt":"2017-08-18T13:54:26","guid":{"rendered":"https:\/\/www.kimarca.com.br\/site\/?post_type=product&#038;p=2929"},"modified":"2024-11-03T23:40:52","modified_gmt":"2024-11-04T02:40:52","slug":"saboneteira-pump","status":"publish","type":"product","link":"https:\/\/www.kimarca.com.br\/site\/produto\/saboneteira-pump\/","title":{"rendered":"Saboneteira Pump"},"content":{"rendered":"<div class=\"vc_tta-container\" data-vc-action=\"collapse\">\n<div class=\"vc_general vc_tta vc_tta-tabs vc_tta-o-shape-group vc_tta-tabs-position-top \">\n<div class=\"vc_tta-panels-container\">\n<div class=\"vc_tta-panels\">\n<div id=\"1458228299806-0b58c500-4352\" class=\"vc_tta-panel vc_active\" data-vc-content=\".vc_tta-panel-body\">\n<div class=\"vc_tta-panel-body\">\n<div class=\"wpb_text_column wpb_content_element  vc_custom_1465236011695\">\n<div class=\"wpb_wrapper\">\n<p>Projetada para proporcionar incr\u00edvel praticidade e economia.<\/p>\n<h3>Vantagens:<\/h3>\n<p>\u2022 Seu sistema de v\u00e1lvula Pump, dosa corretamente a quantidade de sabonetes gel, detergentes e outros l\u00edquidos viscosos.<br \/>\n\u2022 Com suporte para parede em ABS de alta resist\u00eancia e exclusivo sistema de reservat\u00f3rio que permite o encaixe da pr\u00f3pria garrafa do produto na v\u00e1lvula.<br \/>\n\u2022 Maior praticidade com muito mais economia.<br \/>\n\u2022 Pe\u00e7as de reposi\u00e7\u00e3o podem ser facilmente substitu\u00eddas, evitando sucateamento precoce do produto.<br \/>\n\u2022\u00a0\u00a0 Ideal para cl\u00ednicas, hospitais, cozinhas industriais, oficinas, estaurantes fast food e outros.<\/p>\n<\/div>\n<\/div>\n<\/div>\n<\/div>\n<\/div>\n<\/div>\n<\/div>\n<\/div>\n<div class=\"vc_tta-container\" data-vc-action=\"collapse\">\n<div class=\"vc_general vc_tta vc_tta-tabs vc_tta-o-shape-group vc_tta-tabs-position-top \">\n<div class=\"vc_tta-panels-container\">\n<div class=\"vc_tta-panels\">\n<div id=\"1458228299852-90634618-e399\" class=\"vc_tta-panel vc_active\" data-vc-content=\".vc_tta-panel-body\">\n<div class=\"vc_tta-panel-body\">\n<div class=\"wpb_text_column wpb_content_element \">\n<div class=\"wpb_wrapper\">\n<table width=\"344\">\n<tbody>\n<tr>\n<td width=\"64\">C\u00f3digo<\/td>\n<td width=\"64\">Di\u00e2metro<\/td>\n<td width=\"88\">Altura<\/td>\n<td width=\"88\">Peso<\/td>\n<td width=\"88\">EMBALAGEM<\/td>\n<\/tr>\n<tr>\n<td>NYSPUP<\/td>\n<td>10 cm<\/td>\n<td>\u00a032 cm<\/td>\n<td>160 g<\/td>\n<td>01 UN<\/td>\n<\/tr>\n<\/tbody>\n<\/table>\n<\/div>\n<\/div>\n<\/div>\n<\/div>\n<\/div>\n<\/div>\n<\/div>\n<\/div>\n<p>&nbsp;<\/p>\n","protected":false},"excerpt":{"rendered":"<p>Projetada para proporcionar incr\u00edvel praticidade e economia. Vantagens: \u2022 Seu sistema de v\u00e1lvula Pump, dosa [&hellip;]<\/p>\n","protected":false},"featured_media":2930,"comment_status":"closed","ping_status":"closed","template":"","meta":[],"product_brand":[],"product_cat":[262],"product_tag":[],"class_list":{"0":"post-2929","1":"product","2":"type-product","3":"status-publish","4":"has-post-thumbnail","6":"product_cat-saboneteiras","8":"first","9":"instock","10":"shipping-taxable","11":"product-type-simple"},"_links":{"self":[{"href":"https:\/\/www.kimarca.com.br\/site\/wp-json\/wp\/v2\/product\/2929","targetHints":{"allow":["GET"]}}],"collection":[{"href":"https:\/\/www.kimarca.com.br\/site\/wp-json\/wp\/v2\/product"}],"about":[{"href":"https:\/\/www.kimarca.com.br\/site\/wp-json\/wp\/v2\/types\/product"}],"replies":[{"embeddable":true,"href":"https:\/\/www.kimarca.com.br\/site\/wp-json\/wp\/v2\/comments?post=2929"}],"wp:featuredmedia":[{"embeddable":true,"href":"https:\/\/www.kimarca.com.br\/site\/wp-json\/wp\/v2\/media\/2930"}],"wp:attachment":[{"href":"https:\/\/www.kimarca.com.br\/site\/wp-json\/wp\/v2\/media?parent=2929"}],"wp:term":[{"taxonomy":"product_brand","embeddable":true,"href":"https:\/\/www.kimarca.com.br\/site\/wp-json\/wp\/v2\/product_brand?post=2929"},{"taxonomy":"product_cat","embeddable":true,"href":"https:\/\/www.kimarca.com.br\/site\/wp-json\/wp\/v2\/product_cat?post=2929"},{"taxonomy":"product_tag","embeddable":true,"href":"https:\/\/www.kimarca.com.br\/site\/wp-json\/wp\/v2\/product_tag?post=2929"}],"curies":[{"name":"wp","href":"https:\/\/api.w.org\/{rel}","templated":true}]}}