{"id":2914,"date":"2017-08-18T10:42:21","date_gmt":"2017-08-18T13:42:21","guid":{"rendered":"https:\/\/www.kimarca.com.br\/site\/?post_type=product&#038;p=2914"},"modified":"2024-11-03T23:40:53","modified_gmt":"2024-11-04T02:40:53","slug":"lavador-de-vidro","status":"publish","type":"product","link":"https:\/\/www.kimarca.com.br\/site\/produto\/lavador-de-vidro\/","title":{"rendered":"Lavador de Vidro"},"content":{"rendered":"<div class=\"vc_tta-container\" data-vc-action=\"collapse\">\n<div class=\"vc_general vc_tta vc_tta-tabs vc_tta-o-shape-group vc_tta-tabs-position-top \">\n<div class=\"vc_tta-panels-container\">\n<div class=\"vc_tta-panels\">\n<div id=\"1458228299806-0b58c500-4352\" class=\"vc_tta-panel vc_active\" data-vc-content=\".vc_tta-panel-body\">\n<div class=\"vc_tta-panel-body\">\n<div class=\"wpb_text_column wpb_content_element  vc_custom_1466437154497\">\n<div class=\"wpb_wrapper\">\n<p>O Lavador de Vidros \u00e9 formado por um cabo, prolongador e luva de acr\u00edlico que\u00a0 permite alta absor\u00e7\u00e3o de l\u00edquidos, sem respingar.<\/p>\n<p>Os prolongadores remov\u00edveis, permitem a utiliza\u00e7\u00e3o de diversos tamanhos de luva.<\/p>\n<p>Cabo anat\u00f4mico muito dur\u00e1vel, em polipropileno e borracha proporcionando maior conforto e seguran\u00e7a pois tornam a empunhadura mais firme e antiderrapante.<\/p>\n<\/div>\n<\/div>\n<\/div>\n<\/div>\n<\/div>\n<\/div>\n<\/div>\n<\/div>\n<div class=\"vc_tta-container\" data-vc-action=\"collapse\">\n<div class=\"vc_general vc_tta vc_tta-tabs vc_tta-o-shape-group vc_tta-tabs-position-top \">\n<div class=\"vc_tta-panels-container\">\n<div class=\"vc_tta-panels\">\n<div id=\"1458228299852-90634618-e399\" class=\"vc_tta-panel vc_active\" data-vc-content=\".vc_tta-panel-body\">\n<div class=\"vc_tta-panel-body\">\n<div class=\"wpb_text_column wpb_content_element \">\n<div class=\"wpb_wrapper\">\n<p>C\u00f3digos e dimens\u00f5es LAVADOR DE VIDROS<\/p>\n<table width=\"384\">\n<tbody>\n<tr>\n<td width=\"64\">Largura<\/td>\n<td width=\"64\">Comp.<\/td>\n<td width=\"64\">Altura<\/td>\n<td width=\"64\">Embalagem<\/td>\n<td width=\"64\">Peso<\/td>\n<td width=\"64\">C\u00f3digo<\/td>\n<\/tr>\n<tr>\n<td>15 cm<\/td>\n<td>5 cm<\/td>\n<td>18 cm<\/td>\n<td>1 unid.<\/td>\n<td>0,150 kg<\/td>\n<td>LV150<\/td>\n<\/tr>\n<tr>\n<td>25 cm<\/td>\n<td>5 cm<\/td>\n<td>18 cm<\/td>\n<td>1 unid.<\/td>\n<td>0,195 kg<\/td>\n<td>LV250<\/td>\n<\/tr>\n<tr>\n<td>35 cm<\/td>\n<td>5 cm<\/td>\n<td>18 cm<\/td>\n<td>1 unid.<\/td>\n<td>0,220 kg<\/td>\n<td>LV350<\/td>\n<\/tr>\n<tr>\n<td>45 cm<\/td>\n<td>5 cm<\/td>\n<td>18 cm<\/td>\n<td>1 unid.<\/td>\n<td>0,260 kg<\/td>\n<td>LV450<\/td>\n<\/tr>\n<tr>\n<td>55 cm<\/td>\n<td>5 cm<\/td>\n<td>18 cm<\/td>\n<td>1 unid.<\/td>\n<td>0,235 kg<\/td>\n<td>LV550<\/td>\n<\/tr>\n<\/tbody>\n<\/table>\n<p>&nbsp;<\/p>\n<p>ACESS\u00d3RIOS:<br \/>\nC\u00f3digos das dimens\u00f5es\u00a0LUVAS para LAVADOR DE VIDROS<\/p>\n<table width=\"384\">\n<tbody>\n<tr>\n<td width=\"64\">Comp.<\/td>\n<td width=\"64\">Largura<\/td>\n<td width=\"64\">Espessura<\/td>\n<td width=\"64\">Embalagem<\/td>\n<td width=\"64\">Peso<\/td>\n<td width=\"64\">C\u00f3digo<\/td>\n<\/tr>\n<tr>\n<td>15 cm<\/td>\n<td>\u00a0 5 cm<\/td>\n<td>\u00a01,5 cm<\/td>\n<td>6 unidades<\/td>\n<td>0,015 kg<\/td>\n<td>MVLL150<\/td>\n<\/tr>\n<tr>\n<td>25 cm<\/td>\n<td>\u00a0 5 cm<\/td>\n<td>\u00a01,5 cm<\/td>\n<td>6 unidades<\/td>\n<td>0,025 kg<\/td>\n<td>MVLL250<\/td>\n<\/tr>\n<tr>\n<td>35 cm<\/td>\n<td>\u00a0 5 cm<\/td>\n<td>\u00a01,5 cm<\/td>\n<td>6 unidades<\/td>\n<td>0,040 kg<\/td>\n<td>MVLL350<\/td>\n<\/tr>\n<tr>\n<td>45 cm<\/td>\n<td>\u00a0 5 cm<\/td>\n<td>\u00a01,5 cm<\/td>\n<td>6 unidades<\/td>\n<td>0,045 kg<\/td>\n<td>MVLL450<\/td>\n<\/tr>\n<tr>\n<td>55 cm<\/td>\n<td>\u00a0 5 cm<\/td>\n<td>\u00a01,5 cm<\/td>\n<td>6 unidades<\/td>\n<td>0,050 kg<\/td>\n<td>MVLL550<\/td>\n<\/tr>\n<\/tbody>\n<\/table>\n<p>C\u00f3digos das dimens\u00f5es JOGO DE PROLONGADORES<\/p>\n<table width=\"384\">\n<tbody>\n<tr>\n<td width=\"64\">Descri\u00e7\u00e3o<\/td>\n<td width=\"64\">Comp.<\/td>\n<td width=\"64\">Largura<\/td>\n<td width=\"64\">Altura<\/td>\n<td width=\"64\">Embg.<\/td>\n<td width=\"64\">Peso<\/td>\n<td width=\"64\">C\u00f3digo<\/td>\n<\/tr>\n<tr>\n<td>25 cm<\/td>\n<td>\u00a010\u00a0cm<\/td>\n<td>\u00a01,5 cm<\/td>\n<td>\u00a010 cm<\/td>\n<td>\u00a01 par<\/td>\n<td>0,043 kg<\/td>\n<td>PC250<\/td>\n<\/tr>\n<tr>\n<td>35 cm<\/td>\n<td>\u00a010\u00a0cm<\/td>\n<td>\u00a01,5 cm<\/td>\n<td>\u00a010 cm<\/td>\n<td>\u00a01 par<\/td>\n<td>0,063 kg<\/td>\n<td>PC350<\/td>\n<\/tr>\n<tr>\n<td>45 cm<\/td>\n<td>\u00a020\u00a0cm<\/td>\n<td>\u00a01,5 cm<\/td>\n<td>\u00a010 cm<\/td>\n<td>\u00a01 par<\/td>\n<td>0,083 kg<\/td>\n<td>PC450<\/td>\n<\/tr>\n<\/tbody>\n<\/table>\n<\/div>\n<\/div>\n<\/div>\n<\/div>\n<\/div>\n<\/div>\n<\/div>\n<\/div>\n<p>&nbsp;<\/p>\n","protected":false},"excerpt":{"rendered":"<p>O Lavador de Vidros \u00e9 formado por um cabo, prolongador e luva de acr\u00edlico que\u00a0 [&hellip;]<\/p>\n","protected":false},"featured_media":2915,"comment_status":"closed","ping_status":"closed","template":"","meta":[],"product_brand":[],"product_cat":[211,260,253],"product_tag":[],"class_list":{"0":"post-2914","1":"product","2":"type-product","3":"status-publish","4":"has-post-thumbnail","6":"product_cat-acessorios","7":"product_cat-extensoes-e-partes","8":"product_cat-rodos-e-raspadores","10":"first","11":"instock","12":"shipping-taxable","13":"product-type-simple"},"_links":{"self":[{"href":"https:\/\/www.kimarca.com.br\/site\/wp-json\/wp\/v2\/product\/2914","targetHints":{"allow":["GET"]}}],"collection":[{"href":"https:\/\/www.kimarca.com.br\/site\/wp-json\/wp\/v2\/product"}],"about":[{"href":"https:\/\/www.kimarca.com.br\/site\/wp-json\/wp\/v2\/types\/product"}],"replies":[{"embeddable":true,"href":"https:\/\/www.kimarca.com.br\/site\/wp-json\/wp\/v2\/comments?post=2914"}],"wp:featuredmedia":[{"embeddable":true,"href":"https:\/\/www.kimarca.com.br\/site\/wp-json\/wp\/v2\/media\/2915"}],"wp:attachment":[{"href":"https:\/\/www.kimarca.com.br\/site\/wp-json\/wp\/v2\/media?parent=2914"}],"wp:term":[{"taxonomy":"product_brand","embeddable":true,"href":"https:\/\/www.kimarca.com.br\/site\/wp-json\/wp\/v2\/product_brand?post=2914"},{"taxonomy":"product_cat","embeddable":true,"href":"https:\/\/www.kimarca.com.br\/site\/wp-json\/wp\/v2\/product_cat?post=2914"},{"taxonomy":"product_tag","embeddable":true,"href":"https:\/\/www.kimarca.com.br\/site\/wp-json\/wp\/v2\/product_tag?post=2914"}],"curies":[{"name":"wp","href":"https:\/\/api.w.org\/{rel}","templated":true}]}}