{"id":2910,"date":"2017-08-18T10:39:42","date_gmt":"2017-08-18T13:39:42","guid":{"rendered":"https:\/\/www.kimarca.com.br\/site\/?post_type=product&#038;p=2910"},"modified":"2024-11-03T23:40:53","modified_gmt":"2024-11-04T02:40:53","slug":"raspadores-de-seguranca","status":"publish","type":"product","link":"https:\/\/www.kimarca.com.br\/site\/produto\/raspadores-de-seguranca\/","title":{"rendered":"Raspadores de Seguran\u00e7a"},"content":{"rendered":"<div class=\"vc_tta-container\" data-vc-action=\"collapse\">\n<div class=\"vc_general vc_tta vc_tta-tabs vc_tta-o-shape-group vc_tta-tabs-position-top \">\n<div class=\"vc_tta-panels-container\">\n<div class=\"vc_tta-panels\">\n<div id=\"1458228299806-0b58c500-4352\" class=\"vc_tta-panel vc_active\" data-vc-content=\".vc_tta-panel-body\">\n<div class=\"vc_tta-panel-body\">\n<div class=\"wpb_text_column wpb_content_element vc_custom_1466436837248\">\n<div class=\"wpb_wrapper\">\n<p>\u00c9 indicado para remo\u00e7\u00e3o de sujidades incrustadas em diversas superf\u00edcies lisas.<\/p>\n<p>Na limpeza p\u00f3s obra \u00e9 um grande aliado para pisos, paredes, rodap\u00e9s entre outras.<\/p>\n<p>Para remover tintas, fitas adesivas e outras sujidades \u00a0em vidros o<strong>\u00a0Raspador de Seguran\u00e7a<\/strong>\u00a0\u00e9 o \u00a0melhor equipamento a ser utilizado, pois sua l\u00e2mina n\u00e3o riscar\u00e1 o vidro a ser limpo.<\/p>\n<p>\u2022 Leve e compacto, pode ser levado no bolso.<\/p>\n<p>\u2022 Utilizado para remo\u00e7\u00e3o de adesivos, cola, tinta, entre outros, sem danificar as superf\u00edcies.<\/p>\n<p>\u2022\u00a0 Resistente e eficaz, \u00e9 fabricado em a\u00e7o inox.<\/p>\n<p>\u2022\u00a0 L\u00e2mina retr\u00e1til e substitu\u00edvel.<\/p>\n<\/div>\n<\/div>\n<\/div>\n<\/div>\n<\/div>\n<\/div>\n<\/div>\n<\/div>\n<div class=\"vc_tta-container\" data-vc-action=\"collapse\">\n<div class=\"vc_general vc_tta vc_tta-tabs vc_tta-o-shape-group vc_tta-tabs-position-top \">\n<div class=\"vc_tta-panels-container\">\n<div class=\"vc_tta-panels\">\n<div id=\"1458228299852-90634618-e399\" class=\"vc_tta-panel vc_active\" data-vc-content=\".vc_tta-panel-body\">\n<div class=\"vc_tta-panel-body\">\n<div class=\"wpb_text_column wpb_content_element \">\n<div class=\"wpb_wrapper\">\n<table width=\"373\">\n<tbody>\n<tr>\n<td width=\"76\">Descri\u00e7\u00e3o<\/td>\n<td width=\"49\">Comp.<\/td>\n<td width=\"49\">Largura<\/td>\n<td width=\"49\">Altura<\/td>\n<td width=\"49\">Embalagem<\/td>\n<td width=\"49\">Peso<\/td>\n<td width=\"49\">C\u00f3digo<\/td>\n<\/tr>\n<tr>\n<td>Raspador<\/td>\n<td>1 cm<\/td>\n<td>4 cm<\/td>\n<td>10 cm<\/td>\n<td>1 unid.<\/td>\n<td>0,055 kg<\/td>\n<td>RV040<\/td>\n<\/tr>\n<tr>\n<td>Jogo 10 L\u00e2minas<\/td>\n<td>2 cm<\/td>\n<td>6 cm<\/td>\n<td>3 cm<\/td>\n<td>10 unid.<\/td>\n<td>0,025 kg<\/td>\n<td>LR801<\/td>\n<\/tr>\n<tr>\n<td>Jogo 100 L\u00e2minas<\/td>\n<td>15 cm<\/td>\n<td>5 cm<\/td>\n<td>3 cm<\/td>\n<td>100 unid.<\/td>\n<td>0,25 kg<\/td>\n<td>LR802<\/td>\n<\/tr>\n<\/tbody>\n<\/table>\n<\/div>\n<\/div>\n<\/div>\n<\/div>\n<\/div>\n<\/div>\n<\/div>\n<\/div>\n<p>&nbsp;<\/p>\n","protected":false},"excerpt":{"rendered":"<p>\u00c9 indicado para remo\u00e7\u00e3o de sujidades incrustadas em diversas superf\u00edcies lisas. Na limpeza p\u00f3s obra [&hellip;]<\/p>\n","protected":false},"featured_media":2911,"comment_status":"closed","ping_status":"closed","template":"","meta":[],"product_brand":[],"product_cat":[211,260,253],"product_tag":[],"class_list":{"0":"post-2910","1":"product","2":"type-product","3":"status-publish","4":"has-post-thumbnail","6":"product_cat-acessorios","7":"product_cat-extensoes-e-partes","8":"product_cat-rodos-e-raspadores","10":"first","11":"instock","12":"shipping-taxable","13":"product-type-simple"},"_links":{"self":[{"href":"https:\/\/www.kimarca.com.br\/site\/wp-json\/wp\/v2\/product\/2910","targetHints":{"allow":["GET"]}}],"collection":[{"href":"https:\/\/www.kimarca.com.br\/site\/wp-json\/wp\/v2\/product"}],"about":[{"href":"https:\/\/www.kimarca.com.br\/site\/wp-json\/wp\/v2\/types\/product"}],"replies":[{"embeddable":true,"href":"https:\/\/www.kimarca.com.br\/site\/wp-json\/wp\/v2\/comments?post=2910"}],"wp:featuredmedia":[{"embeddable":true,"href":"https:\/\/www.kimarca.com.br\/site\/wp-json\/wp\/v2\/media\/2911"}],"wp:attachment":[{"href":"https:\/\/www.kimarca.com.br\/site\/wp-json\/wp\/v2\/media?parent=2910"}],"wp:term":[{"taxonomy":"product_brand","embeddable":true,"href":"https:\/\/www.kimarca.com.br\/site\/wp-json\/wp\/v2\/product_brand?post=2910"},{"taxonomy":"product_cat","embeddable":true,"href":"https:\/\/www.kimarca.com.br\/site\/wp-json\/wp\/v2\/product_cat?post=2910"},{"taxonomy":"product_tag","embeddable":true,"href":"https:\/\/www.kimarca.com.br\/site\/wp-json\/wp\/v2\/product_tag?post=2910"}],"curies":[{"name":"wp","href":"https:\/\/api.w.org\/{rel}","templated":true}]}}