{"id":2900,"date":"2017-08-18T10:31:38","date_gmt":"2017-08-18T13:31:38","guid":{"rendered":"https:\/\/www.kimarca.com.br\/site\/?post_type=product&#038;p=2900"},"modified":"2024-11-03T23:40:53","modified_gmt":"2024-11-04T02:40:53","slug":"limpador-de-vidro","status":"publish","type":"product","link":"https:\/\/www.kimarca.com.br\/site\/produto\/limpador-de-vidro\/","title":{"rendered":"Limpador de Vidro"},"content":{"rendered":"<div class=\"vc_tta-container\" data-vc-action=\"collapse\">\n<div class=\"vc_general vc_tta vc_tta-tabs vc_tta-o-shape-group vc_tta-tabs-position-top \">\n<div class=\"vc_tta-panels-container\">\n<div class=\"vc_tta-panels\">\n<div id=\"1458228299806-0b58c500-4352\" class=\"vc_tta-panel vc_active\" data-vc-content=\".vc_tta-panel-body\">\n<div class=\"vc_tta-panel-body\">\n<div class=\"wpb_text_column wpb_content_element vc_custom_1470922566340\">\n<div class=\"wpb_wrapper\">\n<p><strong>O limpador de vidros \u00e9 a uni\u00e3o entre o Cabo de Fixa\u00e7\u00e3o (CF700) e as guias remov\u00edveis.<\/strong><\/p>\n<p>O cabo fixa as guias de metal e l\u00e2minas de borracha atrav\u00e9s da garra \u00a0fabricada em nylon \u00a0e a\u00e7o inox.<\/p>\n<p>\u00c9 resistente \u00e0 impactos e \u00e0 oxida\u00e7\u00e3o. \u00a0As guias s\u00e3o fabricadas em a\u00e7o inox e com l\u00e2minas remov\u00edveis em borracha, s\u00e3o utilizadas para formar limpadores de diversos tamanhos.<\/p>\n<p>Utilizados logo ap\u00f3s aos \u00a0Lavadores de Vidro, os limpadores completam o trabalho, removendo toda a \u00e1gua e sujeira dos vidros e superf\u00edcies lisas, proporcionando uma limpeza 100% eficaz.<\/p>\n<p>A empunhadura em polipropileno e fortiprene proporcionam maior conforto e seguran\u00e7a.<\/p>\n<p><strong>VEJA ABAIXO, O QUADRO APRESENTANDO OS ACESS\u00d3RIOS.<\/strong><\/p>\n<p><strong>E \u00a0em ESPECIFICA\u00c7\u00d5ES encontram-se o C\u00d3DIGOS.<\/strong><\/p>\n<div class=\"vc_tta-container\" data-vc-action=\"collapse\">\n<div class=\"vc_general vc_tta vc_tta-tabs vc_tta-o-shape-group vc_tta-tabs-position-top \">\n<div class=\"vc_tta-panels-container\">\n<div class=\"vc_tta-panels\">\n<div id=\"1458228299852-90634618-e399\" class=\"vc_tta-panel vc_active\" data-vc-content=\".vc_tta-panel-body\">\n<div class=\"vc_tta-panel-body\">\n<div class=\"wpb_text_column wpb_content_element \">\n<div class=\"wpb_wrapper\">\n<p>C\u00f3digos das dimens\u00f5es LIMPADOR DE VIDROS<\/p>\n<table width=\"384\">\n<tbody>\n<tr>\n<td width=\"64\">Comp.<\/td>\n<td width=\"64\">Largura<\/td>\n<td width=\"64\">Altura<\/td>\n<td width=\"64\">Embalagem<\/td>\n<td width=\"64\">Peso<\/td>\n<td width=\"64\">C\u00f3digo<\/td>\n<\/tr>\n<tr>\n<td>15 cm<\/td>\n<td>3 cm<\/td>\n<td>15 cm<\/td>\n<td>1 unid.<\/td>\n<td>0,192 kg<\/td>\n<td>LC150<\/td>\n<\/tr>\n<tr>\n<td>25 cm<\/td>\n<td>3 cm<\/td>\n<td>15 cm<\/td>\n<td>1 unid.<\/td>\n<td>0,235 kg<\/td>\n<td>LC250<\/td>\n<\/tr>\n<tr>\n<td>35 cm<\/td>\n<td>3 cm<\/td>\n<td>15 cm<\/td>\n<td>1 unid.<\/td>\n<td>0,230 kg<\/td>\n<td>LC350<\/td>\n<\/tr>\n<tr>\n<td>45 cm<\/td>\n<td>3 cm<\/td>\n<td>15 cm<\/td>\n<td>1 unid.<\/td>\n<td>0,260 kg<\/td>\n<td>LC450<\/td>\n<\/tr>\n<tr>\n<td>55 cm<\/td>\n<td>3 cm<\/td>\n<td>15 cm<\/td>\n<td>1 unid.<\/td>\n<td>0,310 kg<\/td>\n<td>LC550<\/td>\n<\/tr>\n<\/tbody>\n<\/table>\n<p>&nbsp;<\/p>\n<p>ACESS\u00d3RIOS:<br \/>\nC\u00f3digos das dimens\u00f5es CABO DE FIXA\u00c7\u00c3O<\/p>\n<table width=\"384\">\n<tbody>\n<tr>\n<td width=\"64\">Comp.<\/td>\n<td width=\"64\">Largura<\/td>\n<td width=\"64\">Altura<\/td>\n<td width=\"64\">Embalagem<\/td>\n<td width=\"64\">Peso<\/td>\n<td width=\"64\">C\u00f3digo<\/td>\n<\/tr>\n<tr>\n<td>13 cm<\/td>\n<td>\u00a010 cm<\/td>\n<td>\u00a05 cm<\/td>\n<td>1 unid.<\/td>\n<td>0,140kg<\/td>\n<td>CF700<\/td>\n<\/tr>\n<\/tbody>\n<\/table>\n<p>C\u00f3digos das dimens\u00f5es GUIA REMOV\u00cdVEL A\u00c7O INOX<\/p>\n<table width=\"384\">\n<tbody>\n<tr>\n<td width=\"64\">Comp.<\/td>\n<td width=\"64\">Largura<\/td>\n<td width=\"64\">Altura<\/td>\n<td width=\"64\">Embalagem<\/td>\n<td width=\"64\">Peso<\/td>\n<td width=\"64\">C\u00f3digo<\/td>\n<\/tr>\n<tr>\n<td>15 cm<\/td>\n<td>\u00a00,5 cm<\/td>\n<td>\u00a01,5 cm<\/td>\n<td>1 unid.<\/td>\n<td>0,035kg<\/td>\n<td>GR150<\/td>\n<\/tr>\n<tr>\n<td>25 cm<\/td>\n<td>\u00a00,5 \u00a0cm<\/td>\n<td>\u00a01,5 cm<\/td>\n<td>1 unid.<\/td>\n<td>0,060kg<\/td>\n<td>GR250<\/td>\n<\/tr>\n<tr>\n<td>35 cm<\/td>\n<td>\u00a00,5 cm<\/td>\n<td>\u00a01,5 cm<\/td>\n<td>1 unid.<\/td>\n<td>0,080 kg<\/td>\n<td>GR350<\/td>\n<\/tr>\n<tr>\n<td>45 cm<\/td>\n<td>\u00a00,5 cm<\/td>\n<td>\u00a01,5 cm<\/td>\n<td>1 unid.<\/td>\n<td>0,100kg<\/td>\n<td>GR450<\/td>\n<\/tr>\n<tr>\n<td>55 cm<\/td>\n<td>\u00a00,5 cm<\/td>\n<td>\u00a01,5 cm<\/td>\n<td>1 unid.<\/td>\n<td>0,125 kg<\/td>\n<td>GR550<\/td>\n<\/tr>\n<\/tbody>\n<\/table>\n<p>C\u00f3digos das dimens\u00f5es L\u00c2MINA DE BORRACHA<\/p>\n<table width=\"384\">\n<tbody>\n<tr>\n<td width=\"64\">Comp.<\/td>\n<td width=\"64\">Largura<\/td>\n<td width=\"64\">Altura<\/td>\n<td width=\"64\">Embalagem<\/td>\n<td width=\"64\">Peso<\/td>\n<td width=\"64\">C\u00f3digo<\/td>\n<\/tr>\n<tr>\n<td>15 cm<\/td>\n<td>\u00a00,5 cm<\/td>\n<td>\u00a01,5 cm<\/td>\n<td>24 unidades<\/td>\n<td>0,250 kg<\/td>\n<td>MVLB150<\/td>\n<\/tr>\n<tr>\n<td>25 cm<\/td>\n<td>\u00a00,5 cm<\/td>\n<td>\u00a01,5 cm<\/td>\n<td>24 unidades<\/td>\n<td>0,350 kg<\/td>\n<td>MVLB250<\/td>\n<\/tr>\n<tr>\n<td>35 cm<\/td>\n<td>\u00a00,5 cm<\/td>\n<td>\u00a01,5 cm<\/td>\n<td>24 unidades<\/td>\n<td>0,450 kg<\/td>\n<td>MVLB350<\/td>\n<\/tr>\n<tr>\n<td>45 cm<\/td>\n<td>\u00a00,5cm<\/td>\n<td>\u00a01,5 cm<\/td>\n<td>24 unidades<\/td>\n<td>0,550 kg<\/td>\n<td>MVLB450<\/td>\n<\/tr>\n<tr>\n<td>55 cm<\/td>\n<td>\u00a00,5 cm<\/td>\n<td>\u00a01,5 cm<\/td>\n<td>24 unidades<\/td>\n<td>0,650 kg<\/td>\n<td>MVLB550<\/td>\n<\/tr>\n<tr>\n<td>91 cm<\/td>\n<td>\u00a00,5 cm<\/td>\n<td>\u00a01,5 cm<\/td>\n<td>24 unidades<\/td>\n<td>1,070 kg<\/td>\n<td>MVLB091<\/td>\n<\/tr>\n<\/tbody>\n<\/table>\n<\/div>\n<\/div>\n<\/div>\n<\/div>\n<\/div>\n<\/div>\n<\/div>\n<\/div>\n<\/div>\n<\/div>\n<\/div>\n<\/div>\n<\/div>\n<\/div>\n<\/div>\n<\/div>\n<p>&nbsp;<\/p>\n","protected":false},"excerpt":{"rendered":"<p>O limpador de vidros \u00e9 a uni\u00e3o entre o Cabo de Fixa\u00e7\u00e3o (CF700) e as [&hellip;]<\/p>\n","protected":false},"featured_media":2901,"comment_status":"closed","ping_status":"closed","template":"","meta":[],"product_brand":[],"product_cat":[260,286,214],"product_tag":[],"class_list":{"0":"post-2900","1":"product","2":"type-product","3":"status-publish","4":"has-post-thumbnail","6":"product_cat-extensoes-e-partes","7":"product_cat-hastes","8":"product_cat-vidros","10":"first","11":"instock","12":"shipping-taxable","13":"product-type-simple"},"_links":{"self":[{"href":"https:\/\/www.kimarca.com.br\/site\/wp-json\/wp\/v2\/product\/2900","targetHints":{"allow":["GET"]}}],"collection":[{"href":"https:\/\/www.kimarca.com.br\/site\/wp-json\/wp\/v2\/product"}],"about":[{"href":"https:\/\/www.kimarca.com.br\/site\/wp-json\/wp\/v2\/types\/product"}],"replies":[{"embeddable":true,"href":"https:\/\/www.kimarca.com.br\/site\/wp-json\/wp\/v2\/comments?post=2900"}],"wp:featuredmedia":[{"embeddable":true,"href":"https:\/\/www.kimarca.com.br\/site\/wp-json\/wp\/v2\/media\/2901"}],"wp:attachment":[{"href":"https:\/\/www.kimarca.com.br\/site\/wp-json\/wp\/v2\/media?parent=2900"}],"wp:term":[{"taxonomy":"product_brand","embeddable":true,"href":"https:\/\/www.kimarca.com.br\/site\/wp-json\/wp\/v2\/product_brand?post=2900"},{"taxonomy":"product_cat","embeddable":true,"href":"https:\/\/www.kimarca.com.br\/site\/wp-json\/wp\/v2\/product_cat?post=2900"},{"taxonomy":"product_tag","embeddable":true,"href":"https:\/\/www.kimarca.com.br\/site\/wp-json\/wp\/v2\/product_tag?post=2900"}],"curies":[{"name":"wp","href":"https:\/\/api.w.org\/{rel}","templated":true}]}}