{"id":2898,"date":"2017-08-17T18:57:46","date_gmt":"2017-08-17T21:57:46","guid":{"rendered":"https:\/\/www.kimarca.com.br\/site\/?post_type=product&#038;p=2898"},"modified":"2024-11-03T23:40:53","modified_gmt":"2024-11-04T02:40:53","slug":"vassoura-reforcada","status":"publish","type":"product","link":"https:\/\/www.kimarca.com.br\/site\/produto\/vassoura-reforcada\/","title":{"rendered":"Vassoura Refor\u00e7ada"},"content":{"rendered":"<p>Indicada para limpeza em geral em m\u00e9dias e grandes \u00e1reas.<\/p>\n<p>Fabricada em Nylon refor\u00e7ado e cerdas duras em PET, que oferecem excelente durabilidade.<\/p>\n<p>Sistema de encaixe do cabo atrav\u00e9s de rosca universal.<\/p>\n<p>Podem ser utlizados cabos de alum\u00ednio ou madeira.<\/p>\n","protected":false},"excerpt":{"rendered":"<p>Indicada para limpeza em geral em m\u00e9dias e grandes \u00e1reas. Fabricada em Nylon refor\u00e7ado e [&hellip;]<\/p>\n","protected":false},"featured_media":2899,"comment_status":"closed","ping_status":"closed","template":"","meta":[],"product_brand":[],"product_cat":[260,255],"product_tag":[],"class_list":{"0":"post-2898","1":"product","2":"type-product","3":"status-publish","4":"has-post-thumbnail","6":"product_cat-extensoes-e-partes","7":"product_cat-pas-e-vassouras","9":"first","10":"instock","11":"shipping-taxable","12":"product-type-simple"},"_links":{"self":[{"href":"https:\/\/www.kimarca.com.br\/site\/wp-json\/wp\/v2\/product\/2898","targetHints":{"allow":["GET"]}}],"collection":[{"href":"https:\/\/www.kimarca.com.br\/site\/wp-json\/wp\/v2\/product"}],"about":[{"href":"https:\/\/www.kimarca.com.br\/site\/wp-json\/wp\/v2\/types\/product"}],"replies":[{"embeddable":true,"href":"https:\/\/www.kimarca.com.br\/site\/wp-json\/wp\/v2\/comments?post=2898"}],"wp:featuredmedia":[{"embeddable":true,"href":"https:\/\/www.kimarca.com.br\/site\/wp-json\/wp\/v2\/media\/2899"}],"wp:attachment":[{"href":"https:\/\/www.kimarca.com.br\/site\/wp-json\/wp\/v2\/media?parent=2898"}],"wp:term":[{"taxonomy":"product_brand","embeddable":true,"href":"https:\/\/www.kimarca.com.br\/site\/wp-json\/wp\/v2\/product_brand?post=2898"},{"taxonomy":"product_cat","embeddable":true,"href":"https:\/\/www.kimarca.com.br\/site\/wp-json\/wp\/v2\/product_cat?post=2898"},{"taxonomy":"product_tag","embeddable":true,"href":"https:\/\/www.kimarca.com.br\/site\/wp-json\/wp\/v2\/product_tag?post=2898"}],"curies":[{"name":"wp","href":"https:\/\/api.w.org\/{rel}","templated":true}]}}