{"id":2891,"date":"2017-08-17T18:55:19","date_gmt":"2017-08-17T21:55:19","guid":{"rendered":"https:\/\/www.kimarca.com.br\/site\/?post_type=product&#038;p=2891"},"modified":"2024-11-03T23:40:53","modified_gmt":"2024-11-04T02:40:53","slug":"pa-coletora-em-metal","status":"publish","type":"product","link":"https:\/\/www.kimarca.com.br\/site\/produto\/pa-coletora-em-metal\/","title":{"rendered":"P\u00e1 Coletora em Metal"},"content":{"rendered":"<p>A P\u00e1 Coletora em Metal \u00e9 feita com a\u00e7o e pintura eletrost\u00e1tica. A sua altura proporciona uma excelente ergonomia para o operador; e a manopla de formato anat\u00f4mico ameniza os danos do suo prolongado.<\/p>\n<p>Este acess\u00f3rio \u00e9 indicado para \u00e1reas internas e externas.<\/p>\n","protected":false},"excerpt":{"rendered":"<p>A P\u00e1 Coletora em Metal \u00e9 feita com a\u00e7o e pintura eletrost\u00e1tica. A sua altura [&hellip;]<\/p>\n","protected":false},"featured_media":2892,"comment_status":"closed","ping_status":"closed","template":"","meta":[],"product_brand":[],"product_cat":[255],"product_tag":[],"class_list":{"0":"post-2891","1":"product","2":"type-product","3":"status-publish","4":"has-post-thumbnail","6":"product_cat-pas-e-vassouras","8":"first","9":"instock","10":"shipping-taxable","11":"product-type-simple"},"_links":{"self":[{"href":"https:\/\/www.kimarca.com.br\/site\/wp-json\/wp\/v2\/product\/2891","targetHints":{"allow":["GET"]}}],"collection":[{"href":"https:\/\/www.kimarca.com.br\/site\/wp-json\/wp\/v2\/product"}],"about":[{"href":"https:\/\/www.kimarca.com.br\/site\/wp-json\/wp\/v2\/types\/product"}],"replies":[{"embeddable":true,"href":"https:\/\/www.kimarca.com.br\/site\/wp-json\/wp\/v2\/comments?post=2891"}],"wp:featuredmedia":[{"embeddable":true,"href":"https:\/\/www.kimarca.com.br\/site\/wp-json\/wp\/v2\/media\/2892"}],"wp:attachment":[{"href":"https:\/\/www.kimarca.com.br\/site\/wp-json\/wp\/v2\/media?parent=2891"}],"wp:term":[{"taxonomy":"product_brand","embeddable":true,"href":"https:\/\/www.kimarca.com.br\/site\/wp-json\/wp\/v2\/product_brand?post=2891"},{"taxonomy":"product_cat","embeddable":true,"href":"https:\/\/www.kimarca.com.br\/site\/wp-json\/wp\/v2\/product_cat?post=2891"},{"taxonomy":"product_tag","embeddable":true,"href":"https:\/\/www.kimarca.com.br\/site\/wp-json\/wp\/v2\/product_tag?post=2891"}],"curies":[{"name":"wp","href":"https:\/\/api.w.org\/{rel}","templated":true}]}}