{"id":2889,"date":"2017-08-17T18:52:44","date_gmt":"2017-08-17T21:52:44","guid":{"rendered":"https:\/\/www.kimarca.com.br\/site\/?post_type=product&#038;p=2889"},"modified":"2024-11-03T23:40:53","modified_gmt":"2024-11-04T02:40:53","slug":"pa-coletora-em-inox","status":"publish","type":"product","link":"https:\/\/www.kimarca.com.br\/site\/produto\/pa-coletora-em-inox\/","title":{"rendered":"P\u00e1 Coletora em INOX"},"content":{"rendered":"<p>A P\u00e1 Coletora em em a\u00e7o inox 306 \u00e9 perfeita para ind\u00fastrias aliment\u00edcias, farmac\u00eauticas e outras que necessitem de controle r\u00edgido na higieniza\u00e7\u00e3o. P\u00e1 Coletora em em a\u00e7o inox 306.<\/p>\n<p>Sua altura proporciona excelente ergonomia para o operador e a manopla de formato anat\u00f4mico ameniza os danos do uso prolongado.<\/p>\n<p>Indicada para \u00e1reas internas e externas.<\/p>\n","protected":false},"excerpt":{"rendered":"<p>A P\u00e1 Coletora em em a\u00e7o inox 306 \u00e9 perfeita para ind\u00fastrias aliment\u00edcias, farmac\u00eauticas e [&hellip;]<\/p>\n","protected":false},"featured_media":2890,"comment_status":"closed","ping_status":"closed","template":"","meta":[],"product_brand":[],"product_cat":[255],"product_tag":[],"class_list":{"0":"post-2889","1":"product","2":"type-product","3":"status-publish","4":"has-post-thumbnail","6":"product_cat-pas-e-vassouras","8":"first","9":"instock","10":"shipping-taxable","11":"product-type-simple"},"_links":{"self":[{"href":"https:\/\/www.kimarca.com.br\/site\/wp-json\/wp\/v2\/product\/2889","targetHints":{"allow":["GET"]}}],"collection":[{"href":"https:\/\/www.kimarca.com.br\/site\/wp-json\/wp\/v2\/product"}],"about":[{"href":"https:\/\/www.kimarca.com.br\/site\/wp-json\/wp\/v2\/types\/product"}],"replies":[{"embeddable":true,"href":"https:\/\/www.kimarca.com.br\/site\/wp-json\/wp\/v2\/comments?post=2889"}],"wp:featuredmedia":[{"embeddable":true,"href":"https:\/\/www.kimarca.com.br\/site\/wp-json\/wp\/v2\/media\/2890"}],"wp:attachment":[{"href":"https:\/\/www.kimarca.com.br\/site\/wp-json\/wp\/v2\/media?parent=2889"}],"wp:term":[{"taxonomy":"product_brand","embeddable":true,"href":"https:\/\/www.kimarca.com.br\/site\/wp-json\/wp\/v2\/product_brand?post=2889"},{"taxonomy":"product_cat","embeddable":true,"href":"https:\/\/www.kimarca.com.br\/site\/wp-json\/wp\/v2\/product_cat?post=2889"},{"taxonomy":"product_tag","embeddable":true,"href":"https:\/\/www.kimarca.com.br\/site\/wp-json\/wp\/v2\/product_tag?post=2889"}],"curies":[{"name":"wp","href":"https:\/\/api.w.org\/{rel}","templated":true}]}}