{"id":2887,"date":"2017-08-17T18:51:20","date_gmt":"2017-08-17T21:51:20","guid":{"rendered":"https:\/\/www.kimarca.com.br\/site\/?post_type=product&#038;p=2887"},"modified":"2024-11-03T23:40:53","modified_gmt":"2024-11-04T02:40:53","slug":"pa-coletora-pop","status":"publish","type":"product","link":"https:\/\/www.kimarca.com.br\/site\/produto\/pa-coletora-pop\/","title":{"rendered":"P\u00e1 Coletora Pop"},"content":{"rendered":"<p>A P\u00e1 Coletora POP tem caixa em polipropileno de alta resist\u00eancia e cabo de alum\u00ednio com manopla com formato anat\u00f4mico, al\u00e9m de apresentar a altura correta para o operador que efetua o recolhimento dos detritos e sujidades em diversos pisos.<\/p>\n<p>Leve e resistente evita a fadiga do operador podendo ser utilizada em todos os ambientes.<\/p>\n","protected":false},"excerpt":{"rendered":"<p>A P\u00e1 Coletora POP tem caixa em polipropileno de alta resist\u00eancia e cabo de alum\u00ednio [&hellip;]<\/p>\n","protected":false},"featured_media":2888,"comment_status":"closed","ping_status":"closed","template":"","meta":[],"product_brand":[],"product_cat":[255],"product_tag":[],"class_list":{"0":"post-2887","1":"product","2":"type-product","3":"status-publish","4":"has-post-thumbnail","6":"product_cat-pas-e-vassouras","8":"first","9":"instock","10":"shipping-taxable","11":"product-type-simple"},"_links":{"self":[{"href":"https:\/\/www.kimarca.com.br\/site\/wp-json\/wp\/v2\/product\/2887","targetHints":{"allow":["GET"]}}],"collection":[{"href":"https:\/\/www.kimarca.com.br\/site\/wp-json\/wp\/v2\/product"}],"about":[{"href":"https:\/\/www.kimarca.com.br\/site\/wp-json\/wp\/v2\/types\/product"}],"replies":[{"embeddable":true,"href":"https:\/\/www.kimarca.com.br\/site\/wp-json\/wp\/v2\/comments?post=2887"}],"wp:featuredmedia":[{"embeddable":true,"href":"https:\/\/www.kimarca.com.br\/site\/wp-json\/wp\/v2\/media\/2888"}],"wp:attachment":[{"href":"https:\/\/www.kimarca.com.br\/site\/wp-json\/wp\/v2\/media?parent=2887"}],"wp:term":[{"taxonomy":"product_brand","embeddable":true,"href":"https:\/\/www.kimarca.com.br\/site\/wp-json\/wp\/v2\/product_brand?post=2887"},{"taxonomy":"product_cat","embeddable":true,"href":"https:\/\/www.kimarca.com.br\/site\/wp-json\/wp\/v2\/product_cat?post=2887"},{"taxonomy":"product_tag","embeddable":true,"href":"https:\/\/www.kimarca.com.br\/site\/wp-json\/wp\/v2\/product_tag?post=2887"}],"curies":[{"name":"wp","href":"https:\/\/api.w.org\/{rel}","templated":true}]}}