{"id":2885,"date":"2017-08-17T18:50:37","date_gmt":"2017-08-17T21:50:37","guid":{"rendered":"https:\/\/www.kimarca.com.br\/site\/?post_type=product&#038;p=2885"},"modified":"2024-11-03T23:40:53","modified_gmt":"2024-11-04T02:40:53","slug":"pa-coletora-seletiva","status":"publish","type":"product","link":"https:\/\/www.kimarca.com.br\/site\/produto\/pa-coletora-seletiva\/","title":{"rendered":"P\u00e1 Coletora Seletiva"},"content":{"rendered":"<p>A P\u00e1 Coletora Seletiva \u00e9 um acess\u00f3rio fundamental para o setor de limpeza e apresenta 4 cores\u00a0 para diferenciar as \u00e1reas onde \u00e9 utilizada.<\/p>\n<p>O cabo \u00e9 em alum\u00ednio e a parte pl\u00e1stica \u00e9 produzida em polietileno.<\/p>\n<p>Sua altura proporciona excelente ergonomia para o operador e a manopla de borracha ameniza o uso prolongado e \u00e9 indicado para \u00e1reas internas e externas.<\/p>\n<p>Possui exclusivo fixador para Vassoura Mini e para fixar a p\u00e1 no carro funcional.<\/p>\n","protected":false},"excerpt":{"rendered":"<p>A P\u00e1 Coletora Seletiva \u00e9 um acess\u00f3rio fundamental para o setor de limpeza e apresenta [&hellip;]<\/p>\n","protected":false},"featured_media":2886,"comment_status":"closed","ping_status":"closed","template":"","meta":[],"product_brand":[],"product_cat":[255],"product_tag":[],"class_list":{"0":"post-2885","1":"product","2":"type-product","3":"status-publish","4":"has-post-thumbnail","6":"product_cat-pas-e-vassouras","8":"first","9":"instock","10":"shipping-taxable","11":"product-type-simple"},"_links":{"self":[{"href":"https:\/\/www.kimarca.com.br\/site\/wp-json\/wp\/v2\/product\/2885","targetHints":{"allow":["GET"]}}],"collection":[{"href":"https:\/\/www.kimarca.com.br\/site\/wp-json\/wp\/v2\/product"}],"about":[{"href":"https:\/\/www.kimarca.com.br\/site\/wp-json\/wp\/v2\/types\/product"}],"replies":[{"embeddable":true,"href":"https:\/\/www.kimarca.com.br\/site\/wp-json\/wp\/v2\/comments?post=2885"}],"wp:featuredmedia":[{"embeddable":true,"href":"https:\/\/www.kimarca.com.br\/site\/wp-json\/wp\/v2\/media\/2886"}],"wp:attachment":[{"href":"https:\/\/www.kimarca.com.br\/site\/wp-json\/wp\/v2\/media?parent=2885"}],"wp:term":[{"taxonomy":"product_brand","embeddable":true,"href":"https:\/\/www.kimarca.com.br\/site\/wp-json\/wp\/v2\/product_brand?post=2885"},{"taxonomy":"product_cat","embeddable":true,"href":"https:\/\/www.kimarca.com.br\/site\/wp-json\/wp\/v2\/product_cat?post=2885"},{"taxonomy":"product_tag","embeddable":true,"href":"https:\/\/www.kimarca.com.br\/site\/wp-json\/wp\/v2\/product_tag?post=2885"}],"curies":[{"name":"wp","href":"https:\/\/api.w.org\/{rel}","templated":true}]}}