{"id":2881,"date":"2017-08-17T18:46:33","date_gmt":"2017-08-17T21:46:33","guid":{"rendered":"https:\/\/www.kimarca.com.br\/site\/?post_type=product&#038;p=2881"},"modified":"2024-11-03T23:40:53","modified_gmt":"2024-11-04T02:40:53","slug":"mao-mecanica","status":"publish","type":"product","link":"https:\/\/www.kimarca.com.br\/site\/produto\/mao-mecanica\/","title":{"rendered":"M\u00e3o Mec\u00e2nica"},"content":{"rendered":"<div class=\"vc_tta-container\" data-vc-action=\"collapse\">\n<div class=\"vc_general vc_tta vc_tta-tabs vc_tta-o-shape-group vc_tta-tabs-position-top \">\n<div class=\"vc_tta-panels-container\">\n<div class=\"vc_tta-panels\">\n<div id=\"1458228299806-0b58c500-4352\" class=\"vc_tta-panel vc_active\" data-vc-content=\".vc_tta-panel-body\">\n<div class=\"vc_tta-panel-body\">\n<div class=\"wpb_text_column wpb_content_element  vc_custom_1465845226449\">\n<div class=\"wpb_wrapper\">\n<p>Produzidas em perfil de alum\u00ednio com pintura eletrost\u00e1tica possuem mecanismo em nylon dur\u00e1vel e eficaz, que prende objetos de forma segura.<\/p>\n<p>S\u00e3o Indicadas para shopping centers, hospitais, lanchonetes e restaurantes, entre outras empresas.<\/p>\n<p>Na \u00e1rea hospitalar pode ser utilizada para a coleta de seringas, curativos e outros detritos infectantes.<\/p>\n<p>A M\u00e3o Mec\u00e2nica \u00e9 indicada, tamb\u00e9m, para limpeza em banheiros na coleta de telas de mict\u00f3rio, pap\u00e9is e outros, sem o contato direto do operador.<\/p>\n<p>De f\u00e1cil limpeza e higieniza\u00e7\u00e3o podem ser fornecidas em diversas cores para identifica\u00e7\u00e3o de \u00e1reas.<\/p>\n<\/div>\n<\/div>\n<\/div>\n<\/div>\n<\/div>\n<\/div>\n<\/div>\n<\/div>\n<p>&nbsp;<\/p>\n","protected":false},"excerpt":{"rendered":"<p>Produzidas em perfil de alum\u00ednio com pintura eletrost\u00e1tica possuem mecanismo em nylon dur\u00e1vel e eficaz, [&hellip;]<\/p>\n","protected":false},"featured_media":2882,"comment_status":"closed","ping_status":"closed","template":"","meta":[],"product_brand":[],"product_cat":[258],"product_tag":[],"class_list":{"0":"post-2881","1":"product","2":"type-product","3":"status-publish","4":"has-post-thumbnail","6":"product_cat-mao-mecanica","8":"first","9":"instock","10":"shipping-taxable","11":"product-type-simple"},"_links":{"self":[{"href":"https:\/\/www.kimarca.com.br\/site\/wp-json\/wp\/v2\/product\/2881","targetHints":{"allow":["GET"]}}],"collection":[{"href":"https:\/\/www.kimarca.com.br\/site\/wp-json\/wp\/v2\/product"}],"about":[{"href":"https:\/\/www.kimarca.com.br\/site\/wp-json\/wp\/v2\/types\/product"}],"replies":[{"embeddable":true,"href":"https:\/\/www.kimarca.com.br\/site\/wp-json\/wp\/v2\/comments?post=2881"}],"wp:featuredmedia":[{"embeddable":true,"href":"https:\/\/www.kimarca.com.br\/site\/wp-json\/wp\/v2\/media\/2882"}],"wp:attachment":[{"href":"https:\/\/www.kimarca.com.br\/site\/wp-json\/wp\/v2\/media?parent=2881"}],"wp:term":[{"taxonomy":"product_brand","embeddable":true,"href":"https:\/\/www.kimarca.com.br\/site\/wp-json\/wp\/v2\/product_brand?post=2881"},{"taxonomy":"product_cat","embeddable":true,"href":"https:\/\/www.kimarca.com.br\/site\/wp-json\/wp\/v2\/product_cat?post=2881"},{"taxonomy":"product_tag","embeddable":true,"href":"https:\/\/www.kimarca.com.br\/site\/wp-json\/wp\/v2\/product_tag?post=2881"}],"curies":[{"name":"wp","href":"https:\/\/api.w.org\/{rel}","templated":true}]}}