{"id":2879,"date":"2017-08-17T18:45:48","date_gmt":"2017-08-17T21:45:48","guid":{"rendered":"https:\/\/www.kimarca.com.br\/site\/?post_type=product&#038;p=2879"},"modified":"2024-11-03T23:40:53","modified_gmt":"2024-11-04T02:40:53","slug":"espanador-eletrostatico","status":"publish","type":"product","link":"https:\/\/www.kimarca.com.br\/site\/produto\/espanador-eletrostatico\/","title":{"rendered":"Espanador Eletrost\u00e1tico"},"content":{"rendered":"<div class=\"vc_tta-container\" data-vc-action=\"collapse\">\n<div class=\"vc_general vc_tta vc_tta-tabs vc_tta-o-shape-group vc_tta-tabs-position-top \">\n<div class=\"vc_tta-panels-container\">\n<div class=\"vc_tta-panels\">\n<div id=\"1458228299806-0b58c500-4352\" class=\"vc_tta-panel vc_active\" data-vc-content=\".vc_tta-panel-body\">\n<div class=\"vc_tta-panel-body\">\n<div class=\"wpb_text_column wpb_content_element  vc_custom_1471459885975\">\n<div class=\"wpb_wrapper\">\n<p><strong>O Espanador Eletrost\u00e1tico \u00e9 um produto que auxilia na limpeza seca, atrav\u00e9s do recolhimento do p\u00f3 e sujidades.<\/strong><\/p>\n<p>Este \u00a0\u00f3timo equipamento \u00a0\u00e9 ideal para remo\u00e7\u00e3o de p\u00f3s em \u00a0hospitais, salas de computadores, persianas e em outras superf\u00edcies.<\/p>\n<p>A Luva Refil \u00e9 confeccionada com fios 100% acr\u00edlicos, os quais \u00a0permitem recolher o p\u00f3 sem espalha-lo, para \u00a0depois descart\u00e1-lo em local apropriado.<\/p>\n<p>Lav\u00e1vel, tem excelente durabilidade e n\u00e3o perde sua capacidade de limpeza depois de ter sido higienizado em \u00e1gua.<\/p>\n<p>Dispon\u00edveis em duas vers\u00f5es:<\/p>\n<ul>\n<li>ESPANADOR ELETROST\u00c1TICO<\/li>\n<li>ESPANADOR ELETROST\u00c1TICO CABO ARTICULADO<\/li>\n<\/ul>\n<p>Ambos em dispon\u00edveis em v\u00e1rias cores.<\/p>\n<p>Seu cabo \u00e9 Confeccionado em polietileno de alta densidade, seu formato ergon\u00f4mico e leve confere ao usu\u00e1rio facilidade para manuse\u00e1-lo.<\/p>\n<\/div>\n<\/div>\n<\/div>\n<\/div>\n<\/div>\n<\/div>\n<\/div>\n<\/div>\n<p>&nbsp;<\/p>\n","protected":false},"excerpt":{"rendered":"<p>O Espanador Eletrost\u00e1tico \u00e9 um produto que auxilia na limpeza seca, atrav\u00e9s do recolhimento do [&hellip;]<\/p>\n","protected":false},"featured_media":2880,"comment_status":"closed","ping_status":"closed","template":"","meta":[],"product_brand":[],"product_cat":[257,260],"product_tag":[],"class_list":{"0":"post-2879","1":"product","2":"type-product","3":"status-publish","4":"has-post-thumbnail","6":"product_cat-espanadores","7":"product_cat-extensoes-e-partes","9":"first","10":"instock","11":"shipping-taxable","12":"product-type-simple"},"_links":{"self":[{"href":"https:\/\/www.kimarca.com.br\/site\/wp-json\/wp\/v2\/product\/2879","targetHints":{"allow":["GET"]}}],"collection":[{"href":"https:\/\/www.kimarca.com.br\/site\/wp-json\/wp\/v2\/product"}],"about":[{"href":"https:\/\/www.kimarca.com.br\/site\/wp-json\/wp\/v2\/types\/product"}],"replies":[{"embeddable":true,"href":"https:\/\/www.kimarca.com.br\/site\/wp-json\/wp\/v2\/comments?post=2879"}],"wp:featuredmedia":[{"embeddable":true,"href":"https:\/\/www.kimarca.com.br\/site\/wp-json\/wp\/v2\/media\/2880"}],"wp:attachment":[{"href":"https:\/\/www.kimarca.com.br\/site\/wp-json\/wp\/v2\/media?parent=2879"}],"wp:term":[{"taxonomy":"product_brand","embeddable":true,"href":"https:\/\/www.kimarca.com.br\/site\/wp-json\/wp\/v2\/product_brand?post=2879"},{"taxonomy":"product_cat","embeddable":true,"href":"https:\/\/www.kimarca.com.br\/site\/wp-json\/wp\/v2\/product_cat?post=2879"},{"taxonomy":"product_tag","embeddable":true,"href":"https:\/\/www.kimarca.com.br\/site\/wp-json\/wp\/v2\/product_tag?post=2879"}],"curies":[{"name":"wp","href":"https:\/\/api.w.org\/{rel}","templated":true}]}}