{"id":2877,"date":"2017-08-17T18:44:42","date_gmt":"2017-08-17T21:44:42","guid":{"rendered":"https:\/\/www.kimarca.com.br\/site\/?post_type=product&#038;p=2877"},"modified":"2024-11-03T23:40:53","modified_gmt":"2024-11-04T02:40:53","slug":"organizador-de-acessorios","status":"publish","type":"product","link":"https:\/\/www.kimarca.com.br\/site\/produto\/organizador-de-acessorios\/","title":{"rendered":"Organizador de Acess\u00f3rios"},"content":{"rendered":"<div class=\"vc_tta-container\" data-vc-action=\"collapse\">\n<div class=\"vc_general vc_tta vc_tta-tabs vc_tta-o-shape-group vc_tta-tabs-position-top \">\n<div class=\"vc_tta-panels-container\">\n<div class=\"vc_tta-panels\">\n<div id=\"1458228299806-0b58c500-4352\" class=\"vc_tta-panel vc_active\" data-vc-content=\".vc_tta-panel-body\">\n<div class=\"vc_tta-panel-body\">\n<div class=\"wpb_text_column wpb_content_element vc_custom_1471459559664\">\n<div class=\"wpb_wrapper\">\n<p>O organizador de acess\u00f3rio deve ser utilizado em diversos ambientes de trabalho pois pode guardar objetos e ferramentas , atrav\u00e9s de seus clips altamente resistentes para segurar os cabos.<\/p>\n<p>Isso porque o Organizador de Acess\u00f3rios tem um\u00a0 sistema de fixa\u00e7\u00e3o atrav\u00e9s de suas\u00a0 al\u00e7as de borracha que se adaptam aos cabos de variados di\u00e2metros.<\/p>\n<p>A estrutura do Organizador de acess\u00f3rio \u00e9 composta por um corpo em alum\u00ednio anodizado e sistema de clips em Nylon que apresenta fixadores em borracha.<\/p>\n<p>Este acess\u00f3rio \u00e9 extremante leve e de f\u00e1cil instala\u00e7\u00e3o.<\/p>\n<p>O Organizador de acess\u00f3rios \u00e9 indispens\u00e1vel em empresas, ind\u00fastrias, oficinas e tamb\u00e9m em resid\u00eancias.<\/p>\n<\/div>\n<\/div>\n<\/div>\n<\/div>\n<\/div>\n<\/div>\n<\/div>\n<\/div>\n<p>&nbsp;<\/p>\n","protected":false},"excerpt":{"rendered":"<p>O organizador de acess\u00f3rio deve ser utilizado em diversos ambientes de trabalho pois pode guardar [&hellip;]<\/p>\n","protected":false},"featured_media":2878,"comment_status":"closed","ping_status":"closed","template":"","meta":[],"product_brand":[],"product_cat":[260,254],"product_tag":[],"class_list":{"0":"post-2877","1":"product","2":"type-product","3":"status-publish","4":"has-post-thumbnail","6":"product_cat-extensoes-e-partes","7":"product_cat-organizador-de-acessorios","9":"first","10":"instock","11":"shipping-taxable","12":"product-type-simple"},"_links":{"self":[{"href":"https:\/\/www.kimarca.com.br\/site\/wp-json\/wp\/v2\/product\/2877","targetHints":{"allow":["GET"]}}],"collection":[{"href":"https:\/\/www.kimarca.com.br\/site\/wp-json\/wp\/v2\/product"}],"about":[{"href":"https:\/\/www.kimarca.com.br\/site\/wp-json\/wp\/v2\/types\/product"}],"replies":[{"embeddable":true,"href":"https:\/\/www.kimarca.com.br\/site\/wp-json\/wp\/v2\/comments?post=2877"}],"wp:featuredmedia":[{"embeddable":true,"href":"https:\/\/www.kimarca.com.br\/site\/wp-json\/wp\/v2\/media\/2878"}],"wp:attachment":[{"href":"https:\/\/www.kimarca.com.br\/site\/wp-json\/wp\/v2\/media?parent=2877"}],"wp:term":[{"taxonomy":"product_brand","embeddable":true,"href":"https:\/\/www.kimarca.com.br\/site\/wp-json\/wp\/v2\/product_brand?post=2877"},{"taxonomy":"product_cat","embeddable":true,"href":"https:\/\/www.kimarca.com.br\/site\/wp-json\/wp\/v2\/product_cat?post=2877"},{"taxonomy":"product_tag","embeddable":true,"href":"https:\/\/www.kimarca.com.br\/site\/wp-json\/wp\/v2\/product_tag?post=2877"}],"curies":[{"name":"wp","href":"https:\/\/api.w.org\/{rel}","templated":true}]}}