{"id":2863,"date":"2017-08-17T18:36:50","date_gmt":"2017-08-17T21:36:50","guid":{"rendered":"https:\/\/www.kimarca.com.br\/site\/?post_type=product&#038;p=2863"},"modified":"2024-11-03T23:40:53","modified_gmt":"2024-11-04T02:40:53","slug":"refil-euro","status":"publish","type":"product","link":"https:\/\/www.kimarca.com.br\/site\/produto\/refil-euro\/","title":{"rendered":"Refil Euro"},"content":{"rendered":"<div class=\"vc_tta-container\" data-vc-action=\"collapse\">\n<div class=\"vc_general vc_tta vc_tta-tabs vc_tta-o-shape-group vc_tta-tabs-position-top \">\n<div class=\"vc_tta-panels-container\">\n<div class=\"vc_tta-panels\">\n<div id=\"1458228299806-0b58c500-4352\" class=\"vc_tta-panel vc_active\" data-vc-content=\".vc_tta-panel-body\">\n<div class=\"vc_tta-panel-body\">\n<div class=\"wpb_text_column wpb_content_element  vc_custom_1469477923705\">\n<div class=\"wpb_wrapper\">\n<p><strong>Refil Mop P\u00f3 Euro<\/strong><\/p>\n<p>\u2022 Refil composto por fios 100% acr\u00edlicos, que permitem uma est\u00e1tica natural com resultado superior na reten\u00e7\u00e3o de part\u00edculas.<br \/>\n\u2022 Parte superior confeccionada com tecido sint\u00e9tico lav\u00e1vel e de f\u00e1cil secagem. Pode ser lavado diversas vezes.<br \/>\n\u2022 Resistente ao encolhimento.<br \/>\n\u2022 Fixa\u00e7\u00e3o atrav\u00e9s do encaixe na arma\u00e7\u00e3o.<\/p>\n<\/div>\n<\/div>\n<\/div>\n<\/div>\n<\/div>\n<\/div>\n<\/div>\n<\/div>\n<p>&nbsp;<\/p>\n","protected":false},"excerpt":{"rendered":"<p>Refil Mop P\u00f3 Euro \u2022 Refil composto por fios 100% acr\u00edlicos, que permitem uma est\u00e1tica [&hellip;]<\/p>\n","protected":false},"featured_media":2864,"comment_status":"closed","ping_status":"closed","template":"","meta":[],"product_brand":[],"product_cat":[211,285],"product_tag":[],"class_list":{"0":"post-2863","1":"product","2":"type-product","3":"status-publish","4":"has-post-thumbnail","6":"product_cat-acessorios","7":"product_cat-refil-mop","9":"first","10":"instock","11":"shipping-taxable","12":"product-type-simple"},"_links":{"self":[{"href":"https:\/\/www.kimarca.com.br\/site\/wp-json\/wp\/v2\/product\/2863","targetHints":{"allow":["GET"]}}],"collection":[{"href":"https:\/\/www.kimarca.com.br\/site\/wp-json\/wp\/v2\/product"}],"about":[{"href":"https:\/\/www.kimarca.com.br\/site\/wp-json\/wp\/v2\/types\/product"}],"replies":[{"embeddable":true,"href":"https:\/\/www.kimarca.com.br\/site\/wp-json\/wp\/v2\/comments?post=2863"}],"wp:featuredmedia":[{"embeddable":true,"href":"https:\/\/www.kimarca.com.br\/site\/wp-json\/wp\/v2\/media\/2864"}],"wp:attachment":[{"href":"https:\/\/www.kimarca.com.br\/site\/wp-json\/wp\/v2\/media?parent=2863"}],"wp:term":[{"taxonomy":"product_brand","embeddable":true,"href":"https:\/\/www.kimarca.com.br\/site\/wp-json\/wp\/v2\/product_brand?post=2863"},{"taxonomy":"product_cat","embeddable":true,"href":"https:\/\/www.kimarca.com.br\/site\/wp-json\/wp\/v2\/product_cat?post=2863"},{"taxonomy":"product_tag","embeddable":true,"href":"https:\/\/www.kimarca.com.br\/site\/wp-json\/wp\/v2\/product_tag?post=2863"}],"curies":[{"name":"wp","href":"https:\/\/api.w.org\/{rel}","templated":true}]}}