{"id":2844,"date":"2017-08-17T18:27:21","date_gmt":"2017-08-17T21:27:21","guid":{"rendered":"https:\/\/www.kimarca.com.br\/site\/?post_type=product&#038;p=2844"},"modified":"2024-11-03T23:40:53","modified_gmt":"2024-11-04T02:40:53","slug":"conjunto-mop-po-euro","status":"publish","type":"product","link":"https:\/\/www.kimarca.com.br\/site\/produto\/conjunto-mop-po-euro\/","title":{"rendered":"Conjunto Mop P\u00f3 &#8211; Euro"},"content":{"rendered":"<div class=\"vc_tta-container\" data-vc-action=\"collapse\">\n<div class=\"vc_general vc_tta vc_tta-tabs vc_tta-o-shape-group vc_tta-tabs-position-top \">\n<div class=\"vc_tta-panels-container\">\n<div class=\"vc_tta-panels\">\n<div id=\"1458228299806-0b58c500-4352\" class=\"vc_tta-panel vc_active\" data-vc-content=\".vc_tta-panel-body\">\n<div class=\"vc_tta-panel-body\">\n<div class=\"wpb_text_column wpb_content_element  vc_custom_1465229665296\">\n<div class=\"wpb_wrapper\">\n<h3>Conjunto completo fornecido com:<\/h3>\n<p>\u2022 Cabo de Alum\u00ednio anodizado 1,40 m \u00a0 CL140<\/p>\n<p>\u2022 Arma\u00e7\u00e3o Euro dobr\u00e1vel em Polipropileno e a\u00e7o galvanizado e<\/p>\n<p>\u2022 Luva composta por fios 100% acr\u00edlicos que permitem uma est\u00e1tica natural com resultado superior na reten\u00e7\u00e3o de part\u00edculas.<\/p>\n<p>A higieniza\u00e7\u00e3o do refil \u00e9 feita com sab\u00e3o neutro e \u00e1gua corrente depois deve ser levado a secar \u00e0 sombra. Pode ser lavado diversas vezes.<\/p>\n<p>&nbsp;<\/p>\n<\/div>\n<\/div>\n<\/div>\n<\/div>\n<\/div>\n<\/div>\n<\/div>\n<\/div>\n<p>&nbsp;<\/p>\n","protected":false},"excerpt":{"rendered":"<p>Conjunto completo fornecido com: \u2022 Cabo de Alum\u00ednio anodizado 1,40 m \u00a0 CL140 \u2022 Arma\u00e7\u00e3o [&hellip;]<\/p>\n","protected":false},"featured_media":2845,"comment_status":"closed","ping_status":"closed","template":"","meta":[],"product_brand":[],"product_cat":[270,211,260,268,213],"product_tag":[],"class_list":{"0":"post-2844","1":"product","2":"type-product","3":"status-publish","4":"has-post-thumbnail","6":"product_cat-conjuntos-completos","7":"product_cat-acessorios","8":"product_cat-extensoes-e-partes","9":"product_cat-mop-mop","10":"product_cat-mop","12":"first","13":"instock","14":"shipping-taxable","15":"product-type-simple"},"_links":{"self":[{"href":"https:\/\/www.kimarca.com.br\/site\/wp-json\/wp\/v2\/product\/2844","targetHints":{"allow":["GET"]}}],"collection":[{"href":"https:\/\/www.kimarca.com.br\/site\/wp-json\/wp\/v2\/product"}],"about":[{"href":"https:\/\/www.kimarca.com.br\/site\/wp-json\/wp\/v2\/types\/product"}],"replies":[{"embeddable":true,"href":"https:\/\/www.kimarca.com.br\/site\/wp-json\/wp\/v2\/comments?post=2844"}],"wp:featuredmedia":[{"embeddable":true,"href":"https:\/\/www.kimarca.com.br\/site\/wp-json\/wp\/v2\/media\/2845"}],"wp:attachment":[{"href":"https:\/\/www.kimarca.com.br\/site\/wp-json\/wp\/v2\/media?parent=2844"}],"wp:term":[{"taxonomy":"product_brand","embeddable":true,"href":"https:\/\/www.kimarca.com.br\/site\/wp-json\/wp\/v2\/product_brand?post=2844"},{"taxonomy":"product_cat","embeddable":true,"href":"https:\/\/www.kimarca.com.br\/site\/wp-json\/wp\/v2\/product_cat?post=2844"},{"taxonomy":"product_tag","embeddable":true,"href":"https:\/\/www.kimarca.com.br\/site\/wp-json\/wp\/v2\/product_tag?post=2844"}],"curies":[{"name":"wp","href":"https:\/\/api.w.org\/{rel}","templated":true}]}}