{"id":2837,"date":"2017-08-17T18:22:42","date_gmt":"2017-08-17T21:22:42","guid":{"rendered":"https:\/\/www.kimarca.com.br\/site\/?post_type=product&#038;p=2837"},"modified":"2024-11-03T23:40:53","modified_gmt":"2024-11-04T02:40:53","slug":"conjunto-mop-po-high-tech-com-loop","status":"publish","type":"product","link":"https:\/\/www.kimarca.com.br\/site\/produto\/conjunto-mop-po-high-tech-com-loop\/","title":{"rendered":"Conjunto Mop P\u00f3 &#8211; High Tech \u2013 com Loop"},"content":{"rendered":"<div class=\"vc_tta-container\" data-vc-action=\"collapse\">\n<div class=\"vc_general vc_tta vc_tta-tabs vc_tta-o-shape-group vc_tta-tabs-position-top \">\n<div class=\"vc_tta-panels-container\">\n<div class=\"vc_tta-panels\">\n<div id=\"1458228299806-0b58c500-4352\" class=\"vc_tta-panel vc_active\" data-vc-content=\".vc_tta-panel-body\">\n<div class=\"vc_tta-panel-body\">\n<div class=\"wpb_text_column wpb_content_element  vc_custom_1464022289439\">\n<div class=\"wpb_wrapper\">\n<h3>Conjunto completo fornecido com:<\/h3>\n<p>\u2022Cabo de alum\u00ednio anodizado (1,40 m x 24mm de di\u00e2metro \u2013 CL140)<\/p>\n<p>\u2022 Arma\u00e7\u00e3o Profi em Polipropileno e a\u00e7o galvanizado<\/p>\n<p>\u2022 Luva composta por fios 100% Poliamida que proporcionam alto poder de est\u00e1tica<\/p>\n<p>\u2022 Seu sistema de fibras em looping, ret\u00e9m melhor as part\u00edculas e proporciona excelente durabilidade.<\/p>\n<\/div>\n<\/div>\n<\/div>\n<\/div>\n<\/div>\n<\/div>\n<\/div>\n<\/div>\n<p>&nbsp;<\/p>\n","protected":false},"excerpt":{"rendered":"<p>Conjunto completo fornecido com: \u2022Cabo de alum\u00ednio anodizado (1,40 m x 24mm de di\u00e2metro \u2013 [&hellip;]<\/p>\n","protected":false},"featured_media":2838,"comment_status":"closed","ping_status":"closed","template":"","meta":[],"product_brand":[],"product_cat":[270,211,260,268,213],"product_tag":[],"class_list":{"0":"post-2837","1":"product","2":"type-product","3":"status-publish","4":"has-post-thumbnail","6":"product_cat-conjuntos-completos","7":"product_cat-acessorios","8":"product_cat-extensoes-e-partes","9":"product_cat-mop-mop","10":"product_cat-mop","12":"first","13":"instock","14":"shipping-taxable","15":"product-type-simple"},"_links":{"self":[{"href":"https:\/\/www.kimarca.com.br\/site\/wp-json\/wp\/v2\/product\/2837","targetHints":{"allow":["GET"]}}],"collection":[{"href":"https:\/\/www.kimarca.com.br\/site\/wp-json\/wp\/v2\/product"}],"about":[{"href":"https:\/\/www.kimarca.com.br\/site\/wp-json\/wp\/v2\/types\/product"}],"replies":[{"embeddable":true,"href":"https:\/\/www.kimarca.com.br\/site\/wp-json\/wp\/v2\/comments?post=2837"}],"wp:featuredmedia":[{"embeddable":true,"href":"https:\/\/www.kimarca.com.br\/site\/wp-json\/wp\/v2\/media\/2838"}],"wp:attachment":[{"href":"https:\/\/www.kimarca.com.br\/site\/wp-json\/wp\/v2\/media?parent=2837"}],"wp:term":[{"taxonomy":"product_brand","embeddable":true,"href":"https:\/\/www.kimarca.com.br\/site\/wp-json\/wp\/v2\/product_brand?post=2837"},{"taxonomy":"product_cat","embeddable":true,"href":"https:\/\/www.kimarca.com.br\/site\/wp-json\/wp\/v2\/product_cat?post=2837"},{"taxonomy":"product_tag","embeddable":true,"href":"https:\/\/www.kimarca.com.br\/site\/wp-json\/wp\/v2\/product_tag?post=2837"}],"curies":[{"name":"wp","href":"https:\/\/api.w.org\/{rel}","templated":true}]}}