{"id":2831,"date":"2017-08-17T18:17:44","date_gmt":"2017-08-17T21:17:44","guid":{"rendered":"https:\/\/www.kimarca.com.br\/site\/?post_type=product&#038;p=2831"},"modified":"2024-11-03T23:40:53","modified_gmt":"2024-11-04T02:40:53","slug":"aplicador-finish","status":"publish","type":"product","link":"https:\/\/www.kimarca.com.br\/site\/produto\/aplicador-finish\/","title":{"rendered":"Aplicador Finish"},"content":{"rendered":"<h3>Aplicador Finish \u00e9 composto pelos produtos:<\/h3>\n<p>\u2022\u00a0Cabo de alum\u00ednio anodizado (1,40 m x 24 mm de di\u00e2metro \u2013 CL140)<\/p>\n<p>\u2022\u00a0 Refil MICRO TECH composta por fios 100% microfibra, com sistema inovador de fios tramados que n\u00e3o soltam fiapos.<\/p>\n<p>\u2022 Arma\u00e7\u00e3o Plus, produzida em polipropileno sem partes met\u00e1licas.<\/p>\n<p>O sistema\u00a0 Finish \u00e9 muito eficiente para a aplica\u00e7\u00e3o de resina, acabamento acr\u00edlico, pois sua luva em microfibra n\u00e3o solta fiapos nem encharca o tecido para aplica\u00e7\u00e3o no piso desejado. Camadas mais uniformes aumentam o brilho e economizam as resinas e acabamentos.<\/p>\n","protected":false},"excerpt":{"rendered":"<p>Aplicador Finish \u00e9 composto pelos produtos: \u2022\u00a0Cabo de alum\u00ednio anodizado (1,40 m x 24 mm [&hellip;]<\/p>\n","protected":false},"featured_media":2832,"comment_status":"closed","ping_status":"closed","template":"","meta":[],"product_brand":[],"product_cat":[260,255],"product_tag":[],"class_list":{"0":"post-2831","1":"product","2":"type-product","3":"status-publish","4":"has-post-thumbnail","6":"product_cat-extensoes-e-partes","7":"product_cat-pas-e-vassouras","9":"first","10":"instock","11":"shipping-taxable","12":"product-type-simple"},"_links":{"self":[{"href":"https:\/\/www.kimarca.com.br\/site\/wp-json\/wp\/v2\/product\/2831","targetHints":{"allow":["GET"]}}],"collection":[{"href":"https:\/\/www.kimarca.com.br\/site\/wp-json\/wp\/v2\/product"}],"about":[{"href":"https:\/\/www.kimarca.com.br\/site\/wp-json\/wp\/v2\/types\/product"}],"replies":[{"embeddable":true,"href":"https:\/\/www.kimarca.com.br\/site\/wp-json\/wp\/v2\/comments?post=2831"}],"wp:featuredmedia":[{"embeddable":true,"href":"https:\/\/www.kimarca.com.br\/site\/wp-json\/wp\/v2\/media\/2832"}],"wp:attachment":[{"href":"https:\/\/www.kimarca.com.br\/site\/wp-json\/wp\/v2\/media?parent=2831"}],"wp:term":[{"taxonomy":"product_brand","embeddable":true,"href":"https:\/\/www.kimarca.com.br\/site\/wp-json\/wp\/v2\/product_brand?post=2831"},{"taxonomy":"product_cat","embeddable":true,"href":"https:\/\/www.kimarca.com.br\/site\/wp-json\/wp\/v2\/product_cat?post=2831"},{"taxonomy":"product_tag","embeddable":true,"href":"https:\/\/www.kimarca.com.br\/site\/wp-json\/wp\/v2\/product_tag?post=2831"}],"curies":[{"name":"wp","href":"https:\/\/api.w.org\/{rel}","templated":true}]}}