{"id":2816,"date":"2017-08-17T18:02:07","date_gmt":"2017-08-17T21:02:07","guid":{"rendered":"https:\/\/www.kimarca.com.br\/site\/?post_type=product&#038;p=2816"},"modified":"2024-11-03T23:40:54","modified_gmt":"2024-11-04T02:40:54","slug":"rodo-em-metal-standard-e-reforcado","status":"publish","type":"product","link":"https:\/\/www.kimarca.com.br\/site\/produto\/rodo-em-metal-standard-e-reforcado\/","title":{"rendered":"Rodo em Metal &#8211; Standard e Refor\u00e7ado"},"content":{"rendered":"<div class=\"vc_tta-container\" data-vc-action=\"collapse\">\n<div class=\"vc_general vc_tta vc_tta-tabs vc_tta-o-shape-group vc_tta-tabs-position-top \">\n<div class=\"vc_tta-panels-container\">\n<div class=\"vc_tta-panels\">\n<div id=\"1458228299806-0b58c500-4352\" class=\"vc_tta-panel vc_active\" data-vc-content=\".vc_tta-panel-body\">\n<div class=\"vc_tta-panel-body\">\n<div class=\"wpb_text_column wpb_content_element  vc_custom_1464975631817\">\n<div class=\"wpb_wrapper\">\n<p>Rodos para uso profissional, produzidos em a\u00e7o carbono s\u00e3o extremamente resistentes.<\/p>\n<p>Possuem l\u00e2minas de borracha natural expandida dupla e sistema de fixa\u00e7\u00e3o do cabo atrav\u00e9s de abra\u00e7adeira que dispensa o uso de ferramentas.<\/p>\n<p>S\u00e3o dur\u00e1veis, resistentes e secam o piso de maneira r\u00e1pida e eficaz. Dispon\u00edveis em v\u00e1rias medidas, com e sem refor\u00e7o.<\/p>\n<\/div>\n<\/div>\n<\/div>\n<\/div>\n<\/div>\n<\/div>\n<\/div>\n<\/div>\n<div class=\"vc_tta-container\" data-vc-action=\"collapse\">\n<div class=\"vc_general vc_tta vc_tta-tabs vc_tta-o-shape-group vc_tta-tabs-position-top \">\n<div class=\"vc_tta-panels-container\">\n<div class=\"vc_tta-panels\">\n<div id=\"1458228299852-90634618-e399\" class=\"vc_tta-panel vc_active\" data-vc-content=\".vc_tta-panel-body\">\n<div class=\"vc_tta-panel-body\">\n<div class=\"vc_row wpb_row vc_inner vc_row-fluid\">\n<div class=\"wpb_column vc_column_container vc_col-sm-12\">\n<div class=\"vc_column-inner \">\n<div class=\"wpb_wrapper\">\n<div class=\"wpb_text_column wpb_content_element \">\n<div class=\"wpb_wrapper\">\n<h4><strong>Modelo Standard:<\/strong><\/h4>\n<table border=\"0\" width=\"430\" cellspacing=\"0\" cellpadding=\"0\">\n<tbody>\n<tr>\n<td width=\"64\" height=\"20\">Material<\/td>\n<td width=\"64\">Tamanho<\/td>\n<td width=\"64\">Altura<\/td>\n<td width=\"110\">Embalagem<\/td>\n<td width=\"64\">Peso<\/td>\n<td width=\"64\">C\u00f3digo<\/td>\n<\/tr>\n<tr>\n<td height=\"20\">Metal<\/td>\n<td>35 cm<\/td>\n<td>11 cm<\/td>\n<td>10 unid.<\/td>\n<td>0,215 kg<\/td>\n<td>3570B<\/td>\n<\/tr>\n<tr>\n<td height=\"20\">Metal<\/td>\n<td>45 cm<\/td>\n<td>11 cm<\/td>\n<td>10 unid.<\/td>\n<td>0,265 kg<\/td>\n<td>4570B<\/td>\n<\/tr>\n<tr>\n<td height=\"20\">Metal<\/td>\n<td>55 cm<\/td>\n<td>11 cm<\/td>\n<td>10 unid.<\/td>\n<td>0,345 kg<\/td>\n<td>5570B<\/td>\n<\/tr>\n<\/tbody>\n<\/table>\n<h4><strong>Modelo Refor\u00e7ado:<\/strong><\/h4>\n<table border=\"0\" width=\"430\" cellspacing=\"0\" cellpadding=\"0\">\n<tbody>\n<tr>\n<td width=\"64\" height=\"20\">Material<\/td>\n<td width=\"64\">Tamanho<\/td>\n<td width=\"64\">Altura<\/td>\n<td width=\"110\">Embalagem<\/td>\n<td width=\"64\">Peso<\/td>\n<td width=\"64\">C\u00f3digo<\/td>\n<\/tr>\n<tr>\n<td height=\"20\">Metal<\/td>\n<td>62\u00a0cm<\/td>\n<td>11 cm<\/td>\n<td>10 unid.<\/td>\n<td>0,393kg<\/td>\n<td>6270B<\/td>\n<\/tr>\n<\/tbody>\n<\/table>\n<\/div>\n<\/div>\n<\/div>\n<\/div>\n<\/div>\n<\/div>\n<\/div>\n<\/div>\n<\/div>\n<\/div>\n<\/div>\n<\/div>\n<p>&nbsp;<\/p>\n","protected":false},"excerpt":{"rendered":"<p>Rodos para uso profissional, produzidos em a\u00e7o carbono s\u00e3o extremamente resistentes. Possuem l\u00e2minas de borracha [&hellip;]<\/p>\n","protected":false},"featured_media":2817,"comment_status":"closed","ping_status":"closed","template":"","meta":[],"product_brand":[],"product_cat":[211,260,253],"product_tag":[],"class_list":{"0":"post-2816","1":"product","2":"type-product","3":"status-publish","4":"has-post-thumbnail","6":"product_cat-acessorios","7":"product_cat-extensoes-e-partes","8":"product_cat-rodos-e-raspadores","10":"first","11":"instock","12":"shipping-taxable","13":"product-type-simple"},"_links":{"self":[{"href":"https:\/\/www.kimarca.com.br\/site\/wp-json\/wp\/v2\/product\/2816","targetHints":{"allow":["GET"]}}],"collection":[{"href":"https:\/\/www.kimarca.com.br\/site\/wp-json\/wp\/v2\/product"}],"about":[{"href":"https:\/\/www.kimarca.com.br\/site\/wp-json\/wp\/v2\/types\/product"}],"replies":[{"embeddable":true,"href":"https:\/\/www.kimarca.com.br\/site\/wp-json\/wp\/v2\/comments?post=2816"}],"wp:featuredmedia":[{"embeddable":true,"href":"https:\/\/www.kimarca.com.br\/site\/wp-json\/wp\/v2\/media\/2817"}],"wp:attachment":[{"href":"https:\/\/www.kimarca.com.br\/site\/wp-json\/wp\/v2\/media?parent=2816"}],"wp:term":[{"taxonomy":"product_brand","embeddable":true,"href":"https:\/\/www.kimarca.com.br\/site\/wp-json\/wp\/v2\/product_brand?post=2816"},{"taxonomy":"product_cat","embeddable":true,"href":"https:\/\/www.kimarca.com.br\/site\/wp-json\/wp\/v2\/product_cat?post=2816"},{"taxonomy":"product_tag","embeddable":true,"href":"https:\/\/www.kimarca.com.br\/site\/wp-json\/wp\/v2\/product_tag?post=2816"}],"curies":[{"name":"wp","href":"https:\/\/api.w.org\/{rel}","templated":true}]}}