{"id":2812,"date":"2017-08-17T17:59:24","date_gmt":"2017-08-17T20:59:24","guid":{"rendered":"https:\/\/www.kimarca.com.br\/site\/?post_type=product&#038;p=2812"},"modified":"2024-11-03T23:40:54","modified_gmt":"2024-11-04T02:40:54","slug":"maxi-rodo","status":"publish","type":"product","link":"https:\/\/www.kimarca.com.br\/site\/produto\/maxi-rodo\/","title":{"rendered":"Maxi Rodo"},"content":{"rendered":"<div class=\"vc_tta-container\" data-vc-action=\"collapse\">\n<div class=\"vc_general vc_tta vc_tta-tabs vc_tta-o-shape-group vc_tta-tabs-position-top \">\n<div class=\"vc_tta-panels-container\">\n<div class=\"vc_tta-panels\">\n<div id=\"1458228299806-0b58c500-4352\" class=\"vc_tta-panel vc_active\" data-vc-content=\".vc_tta-panel-body\">\n<div class=\"vc_tta-panel-body\">\n<div class=\"wpb_text_column wpb_content_element  vc_custom_1471379205575\">\n<div class=\"wpb_wrapper\">\n<p>O\u00a0<strong>Maxi Rodo<\/strong>\u00a0\u00e9 um equipamento utilizado\u00a0 para a limpeza e secagem de superf\u00edcies planas como vidros, alum\u00ednio, paredes azulejadas, coifas, pisos frios em geral, mobili\u00e1rios, carpetes, etc.<\/p>\n<p>Um lado\u00a0 do\u00a0<strong>Maxi Rodo<\/strong>\u00a0apresenta uma espessa escova com cerdas macias para a realiza\u00e7\u00e3o de varri\u00e7\u00e3o e limpeza de sujidades em pisos.<\/p>\n<div>Outro lado do\u00a0<strong>Maxi Rodo<\/strong>\u00a0possui uma l\u00e2mina que retira l\u00edquidos, secando as superf\u00edcies com\u00a0 efici\u00eancia.<\/div>\n<div><\/div>\n<div><b>MAXI RODO APRESENTA DUAS VERS\u00d5ES<\/b>:<\/div>\n<div><\/div>\n<div><strong>COM CABO\u00a0<\/strong>\u00a0\u2013 \u00a015 cm de largura e 11 cm de altura (rodo)<\/div>\n<div><strong>SEM CABO\u00a0<\/strong>\u00a0 \u2013 \u00a034 cm de largura e 11 cm de altura (rodo)<\/div>\n<\/div>\n<\/div>\n<\/div>\n<\/div>\n<\/div>\n<\/div>\n<\/div>\n<\/div>\n<p>&nbsp;<\/p>\n","protected":false},"excerpt":{"rendered":"<p>O\u00a0Maxi Rodo\u00a0\u00e9 um equipamento utilizado\u00a0 para a limpeza e secagem de superf\u00edcies planas como vidros, [&hellip;]<\/p>\n","protected":false},"featured_media":2813,"comment_status":"closed","ping_status":"closed","template":"","meta":[],"product_brand":[],"product_cat":[211,260,253],"product_tag":[],"class_list":{"0":"post-2812","1":"product","2":"type-product","3":"status-publish","4":"has-post-thumbnail","6":"product_cat-acessorios","7":"product_cat-extensoes-e-partes","8":"product_cat-rodos-e-raspadores","10":"first","11":"instock","12":"shipping-taxable","13":"product-type-simple"},"_links":{"self":[{"href":"https:\/\/www.kimarca.com.br\/site\/wp-json\/wp\/v2\/product\/2812","targetHints":{"allow":["GET"]}}],"collection":[{"href":"https:\/\/www.kimarca.com.br\/site\/wp-json\/wp\/v2\/product"}],"about":[{"href":"https:\/\/www.kimarca.com.br\/site\/wp-json\/wp\/v2\/types\/product"}],"replies":[{"embeddable":true,"href":"https:\/\/www.kimarca.com.br\/site\/wp-json\/wp\/v2\/comments?post=2812"}],"wp:featuredmedia":[{"embeddable":true,"href":"https:\/\/www.kimarca.com.br\/site\/wp-json\/wp\/v2\/media\/2813"}],"wp:attachment":[{"href":"https:\/\/www.kimarca.com.br\/site\/wp-json\/wp\/v2\/media?parent=2812"}],"wp:term":[{"taxonomy":"product_brand","embeddable":true,"href":"https:\/\/www.kimarca.com.br\/site\/wp-json\/wp\/v2\/product_brand?post=2812"},{"taxonomy":"product_cat","embeddable":true,"href":"https:\/\/www.kimarca.com.br\/site\/wp-json\/wp\/v2\/product_cat?post=2812"},{"taxonomy":"product_tag","embeddable":true,"href":"https:\/\/www.kimarca.com.br\/site\/wp-json\/wp\/v2\/product_tag?post=2812"}],"curies":[{"name":"wp","href":"https:\/\/api.w.org\/{rel}","templated":true}]}}