{"id":2810,"date":"2017-08-17T17:56:36","date_gmt":"2017-08-17T20:56:36","guid":{"rendered":"https:\/\/www.kimarca.com.br\/site\/?post_type=product&#038;p=2810"},"modified":"2024-11-03T23:40:54","modified_gmt":"2024-11-04T02:40:54","slug":"luvas-de-limpeza","status":"publish","type":"product","link":"https:\/\/www.kimarca.com.br\/site\/produto\/luvas-de-limpeza\/","title":{"rendered":"Luvas de Limpeza"},"content":{"rendered":"<div class=\"vc_tta-container\" data-vc-action=\"collapse\">\n<div class=\"vc_general vc_tta vc_tta-tabs vc_tta-o-shape-group vc_tta-tabs-position-top \">\n<div class=\"vc_tta-panels-container\">\n<div class=\"vc_tta-panels\">\n<div id=\"1458228299806-0b58c500-4352\" class=\"vc_tta-panel vc_active\" data-vc-content=\".vc_tta-panel-body\">\n<div class=\"vc_tta-panel-body\">\n<div class=\"wpb_text_column wpb_content_element  vc_custom_1471629835611\">\n<div class=\"wpb_wrapper\">\n<h4>Refil Maxiluva<\/h4>\n<p>Luva indicada para tarefas de lavagem de superf\u00edcies diversas como ba\u00fas de alum\u00ednio, autom\u00f3veis, etc. Protege as m\u00e3os dos operadores e tem alto poder de remo\u00e7\u00e3o das sujidades.<\/p>\n<h4>Refil Maxilav<\/h4>\n<p>Este refil deve ser usado com o acess\u00f3rio SUPORTE LT e \u00e9 indicado para limpeza de diversas superf\u00edcies caminh\u00f5es, avi\u00f5es, \u00f4nibus, lanchas, fachadas met\u00e1licas, paredes com acabamento lav\u00e1vel entre outras superf\u00edcies.<\/p>\n<h4>Refil Microlav<\/h4>\n<p>Refil em tecido microfibra com excelente capacidade de arrasto de sujidades. Tamb\u00e9m devem ser utilizadas com o SUPORTE LT e cabo de alum\u00ednio, para que tenham um alcance de diversas superf\u00edcies em quaisquer alturas.<\/p>\n<\/div>\n<\/div>\n<\/div>\n<\/div>\n<\/div>\n<\/div>\n<\/div>\n<\/div>\n<p>&nbsp;<\/p>\n","protected":false},"excerpt":{"rendered":"<p>Refil Maxiluva Luva indicada para tarefas de lavagem de superf\u00edcies diversas como ba\u00fas de alum\u00ednio, [&hellip;]<\/p>\n","protected":false},"featured_media":2811,"comment_status":"closed","ping_status":"closed","template":"","meta":[],"product_brand":[],"product_cat":[207,260,218,252],"product_tag":[],"class_list":{"0":"post-2810","1":"product","2":"type-product","3":"status-publish","4":"has-post-thumbnail","6":"product_cat-epis","7":"product_cat-extensoes-e-partes","8":"product_cat-luvas","9":"product_cat-suportes-e-fibras","11":"first","12":"instock","13":"shipping-taxable","14":"product-type-simple"},"_links":{"self":[{"href":"https:\/\/www.kimarca.com.br\/site\/wp-json\/wp\/v2\/product\/2810","targetHints":{"allow":["GET"]}}],"collection":[{"href":"https:\/\/www.kimarca.com.br\/site\/wp-json\/wp\/v2\/product"}],"about":[{"href":"https:\/\/www.kimarca.com.br\/site\/wp-json\/wp\/v2\/types\/product"}],"replies":[{"embeddable":true,"href":"https:\/\/www.kimarca.com.br\/site\/wp-json\/wp\/v2\/comments?post=2810"}],"wp:featuredmedia":[{"embeddable":true,"href":"https:\/\/www.kimarca.com.br\/site\/wp-json\/wp\/v2\/media\/2811"}],"wp:attachment":[{"href":"https:\/\/www.kimarca.com.br\/site\/wp-json\/wp\/v2\/media?parent=2810"}],"wp:term":[{"taxonomy":"product_brand","embeddable":true,"href":"https:\/\/www.kimarca.com.br\/site\/wp-json\/wp\/v2\/product_brand?post=2810"},{"taxonomy":"product_cat","embeddable":true,"href":"https:\/\/www.kimarca.com.br\/site\/wp-json\/wp\/v2\/product_cat?post=2810"},{"taxonomy":"product_tag","embeddable":true,"href":"https:\/\/www.kimarca.com.br\/site\/wp-json\/wp\/v2\/product_tag?post=2810"}],"curies":[{"name":"wp","href":"https:\/\/api.w.org\/{rel}","templated":true}]}}